{"id":18279,"date":"2025-07-16T10:46:00","date_gmt":"2025-07-16T08:46:00","guid":{"rendered":"https:\/\/uj.adatbank.ro\/lexikon\/termek\/pintea-mihail-%c2%a7-kereszneve-mihai-stefan\/"},"modified":"2025-07-16T10:46:00","modified_gmt":"2025-07-16T08:46:00","slug":"pintea-mihail-%c2%a7-kereszneve-mihai-stefan","status":"publish","type":"product","link":"https:\/\/uj.adatbank.ro\/lexikon\/termek\/pintea-mihail-%c2%a7-kereszneve-mihai-stefan\/","title":{"rendered":"PINTEA, Mihail, \u00a7 kereszneve: Mihai \u015etefan"},"content":{"rendered":"<p>Sz\u00e1szp\u00e9ntek, (Beszterce), 1906. m\u00e1rc. 26., \u2020 Segesv\u00e1r, 1989. aug. 8.: k\u00f6lt\u0151. \u2013 Tanulm\u00e1nyait a sz\u00fcl\u0151falu elemi iskol\u00e1j\u00e1ban kezdte, a mv.-i rom\u00e1n l\u00edc.-ban folytatta. A B\u00e9csi Dikt\u00e1tum idej\u00e9n Buk.-be menek\u00fclt (1940). A h\u00e1bor\u00fa ut\u00e1n tisztvisel\u0151 volt D\u00edcs\u0151sztm\u00e1rtonban, Mv.-en, Kv.-on \u00e9s Segesv\u00e1ron. T\u00e1rsalap\u00edt\u00f3ja a mv.-i \u201eLiviu Rebreanu\u201d irodalmi k\u00f6rnek (1957), Segesv\u00e1ron az \u201eAgora\u201d k\u00f6rnek (1973). Kora \u00edfj\u00fas\u00e1ga \u00f3ta \u00edrt \u00e9s k\u00f6z\u00f6lt verseket. Munkat\u00e1rsa volt a Hyperion, Buna-Vestire, Vremea, Sc\u00e2nteieri, Clopotul, Orient\u0103ri, Ardealul, Progres \u015fi cultur\u0103, Vatra, c. lapoknak. Menek\u00fcl\u00e9se idej\u00e9n h\u00e1rom k\u00f6tete volt <strong>K\u00e9ziratban:<\/strong> Ograda blestemat\u0103 (erd\u00e9lyi parasztokr\u00f3l sz\u00f3l\u00f3 reg\u00e9ny), Scrisori de dragoste (elbesz\u00e9l\u0151 k\u00f6ltem\u00e9nyek), Urzici crude (epigramm\u00e1k). \u2013 <strong>F. m.:<\/strong> Rug\u0103ciuni pentru r\u0103ni de aur: poeme (T\u00e2rnaveni, 1943); <strong>antol\u00f3g.:<\/strong> Togan, George: Ne cheam\u0103 Ardealul (Buc., 1944). <br \/><strong>Irod.:<\/strong> Cosma; F\u00fcl\u00f6p\u2013Ferencz<\/br><\/p>\n","protected":false},"excerpt":{"rendered":"<p>Sz\u00e1szp\u00e9ntek, (Beszterce), 1906. m\u00e1rc. 26., \u2020 Segesv\u00e1r, 1989. aug. 8.: k\u00f6lt\u0151. \u2013 Tanulm\u00e1nyait a sz\u00fcl\u0151falu elemi iskol\u00e1j\u00e1ban kezdte, a mv.-i rom\u00e1n l\u00edc.-ban folytatta. A B\u00e9csi Dikt\u00e1tum idej\u00e9n Buk.-be menek\u00fclt (1940). A h\u00e1bor\u00fa ut\u00e1n tisztvisel\u0151 volt D\u00edcs\u0151sztm\u00e1rtonban, Mv.-en, Kv.-on \u00e9s Segesv\u00e1ron. T\u00e1rsalap\u00edt\u00f3ja a mv.-i \u201eLiviu Rebreanu\u201d irodalmi k\u00f6rnek (1957), Segesv\u00e1ron az \u201eAgora\u201d k\u00f6rnek (1973). Kora \u00edfj\u00fas\u00e1ga [&hellip;]<\/p>\n","protected":false},"featured_media":0,"comment_status":"open","ping_status":"closed","template":"","meta":[],"product_brand":[],"product_cat":[137],"product_tag":[],"class_list":{"0":"post-18279","1":"product","2":"type-product","3":"status-publish","5":"product_cat-maros-megyei-eletrajzi-lexikon","7":"first","8":"instock","9":"shipping-taxable","10":"product-type-simple"},"_links":{"self":[{"href":"https:\/\/uj.adatbank.ro\/lexikon\/wp-json\/wp\/v2\/product\/18279","targetHints":{"allow":["GET"]}}],"collection":[{"href":"https:\/\/uj.adatbank.ro\/lexikon\/wp-json\/wp\/v2\/product"}],"about":[{"href":"https:\/\/uj.adatbank.ro\/lexikon\/wp-json\/wp\/v2\/types\/product"}],"replies":[{"embeddable":true,"href":"https:\/\/uj.adatbank.ro\/lexikon\/wp-json\/wp\/v2\/comments?post=18279"}],"wp:attachment":[{"href":"https:\/\/uj.adatbank.ro\/lexikon\/wp-json\/wp\/v2\/media?parent=18279"}],"wp:term":[{"taxonomy":"product_brand","embeddable":true,"href":"https:\/\/uj.adatbank.ro\/lexikon\/wp-json\/wp\/v2\/product_brand?post=18279"},{"taxonomy":"product_cat","embeddable":true,"href":"https:\/\/uj.adatbank.ro\/lexikon\/wp-json\/wp\/v2\/product_cat?post=18279"},{"taxonomy":"product_tag","embeddable":true,"href":"https:\/\/uj.adatbank.ro\/lexikon\/wp-json\/wp\/v2\/product_tag?post=18279"}],"curies":[{"name":"wp","href":"https:\/\/api.w.org\/{rel}","templated":true}]}}