{"id":1828,"date":"2025-06-28T11:54:33","date_gmt":"2025-06-28T09:54:33","guid":{"rendered":"https:\/\/uj.adatbank.ro\/lexikon\/termek\/baczoni-tamas\/"},"modified":"2025-06-28T11:54:33","modified_gmt":"2025-06-28T09:54:33","slug":"baczoni-tamas","status":"publish","type":"product","link":"https:\/\/uj.adatbank.ro\/lexikon\/termek\/baczoni-tamas\/","title":{"rendered":"BACZONI Tam\u00e1s"},"content":{"rendered":"<p>? \u2020\u00a0? : ref. lelk\u00e9sz, not\u00e1rius, esperes. \u2013 Als\u00f3b\u00f6lk\u00e9nyi ref lelk\u00e9sz, not\u00e1rius (1648\u201372), a g\u00f6rg\u00e9nyi ref. egyh\u00e1zmegye esperese (1648\u201372?). <br \/><strong>Irod.:<\/strong> \u0150sz; Zov\u00e1nyi<\/br><\/p>\n","protected":false},"excerpt":{"rendered":"<p>? \u2020\u00a0? : ref. lelk\u00e9sz, not\u00e1rius, esperes. \u2013 Als\u00f3b\u00f6lk\u00e9nyi ref lelk\u00e9sz, not\u00e1rius (1648\u201372), a g\u00f6rg\u00e9nyi ref. egyh\u00e1zmegye esperese (1648\u201372?). Irod.: \u0150sz; Zov\u00e1nyi<\/p>\n","protected":false},"featured_media":0,"comment_status":"open","ping_status":"closed","template":"","meta":[],"product_brand":[],"product_cat":[137],"product_tag":[],"class_list":{"0":"post-1828","1":"product","2":"type-product","3":"status-publish","5":"product_cat-maros-megyei-eletrajzi-lexikon","7":"first","8":"instock","9":"shipping-taxable","10":"product-type-simple"},"_links":{"self":[{"href":"https:\/\/uj.adatbank.ro\/lexikon\/wp-json\/wp\/v2\/product\/1828","targetHints":{"allow":["GET"]}}],"collection":[{"href":"https:\/\/uj.adatbank.ro\/lexikon\/wp-json\/wp\/v2\/product"}],"about":[{"href":"https:\/\/uj.adatbank.ro\/lexikon\/wp-json\/wp\/v2\/types\/product"}],"replies":[{"embeddable":true,"href":"https:\/\/uj.adatbank.ro\/lexikon\/wp-json\/wp\/v2\/comments?post=1828"}],"wp:attachment":[{"href":"https:\/\/uj.adatbank.ro\/lexikon\/wp-json\/wp\/v2\/media?parent=1828"}],"wp:term":[{"taxonomy":"product_brand","embeddable":true,"href":"https:\/\/uj.adatbank.ro\/lexikon\/wp-json\/wp\/v2\/product_brand?post=1828"},{"taxonomy":"product_cat","embeddable":true,"href":"https:\/\/uj.adatbank.ro\/lexikon\/wp-json\/wp\/v2\/product_cat?post=1828"},{"taxonomy":"product_tag","embeddable":true,"href":"https:\/\/uj.adatbank.ro\/lexikon\/wp-json\/wp\/v2\/product_tag?post=1828"}],"curies":[{"name":"wp","href":"https:\/\/api.w.org\/{rel}","templated":true}]}}