{"id":18281,"date":"2025-07-16T10:46:04","date_gmt":"2025-07-16T08:46:04","guid":{"rendered":"https:\/\/uj.adatbank.ro\/lexikon\/termek\/pintea-simeon\/"},"modified":"2025-07-16T10:46:04","modified_gmt":"2025-07-16T08:46:04","slug":"pintea-simeon","status":"publish","type":"product","link":"https:\/\/uj.adatbank.ro\/lexikon\/termek\/pintea-simeon\/","title":{"rendered":"PINTEA, Simeon"},"content":{"rendered":"<p>Oroszf\u00e1ja, 1865. sept. 11., \u2020 1929. ut\u00e1n: gr. kat. pap. \u2013 Gimn.-ot (1884) \u00e9s teol\u00f3gi\u00e1t (1888) Bal\u00e1zsfalv\u00e1n v\u00e9gzett.Megn\u0151s\u00fclt. Papp\u00e1 szentelt\u00e9k (1889. \u00e1pr. 14.). Fels\u0151b\u00f6lk\u00e9nyben par\u00f3kiai gondnok (1889. \u00e1pr. 14.- 1890. aug. 26.), majd B\u00e1ldon (1896. aug. \u2013). <br \/><strong>Irod.:<\/strong> Dobozi; \u0218ematism<\/br><\/p>\n","protected":false},"excerpt":{"rendered":"<p>Oroszf\u00e1ja, 1865. sept. 11., \u2020 1929. ut\u00e1n: gr. kat. pap. \u2013 Gimn.-ot (1884) \u00e9s teol\u00f3gi\u00e1t (1888) Bal\u00e1zsfalv\u00e1n v\u00e9gzett.Megn\u0151s\u00fclt. Papp\u00e1 szentelt\u00e9k (1889. \u00e1pr. 14.). Fels\u0151b\u00f6lk\u00e9nyben par\u00f3kiai gondnok (1889. \u00e1pr. 14.- 1890. aug. 26.), majd B\u00e1ldon (1896. aug. \u2013). Irod.: Dobozi; \u0218ematism<\/p>\n","protected":false},"featured_media":0,"comment_status":"open","ping_status":"closed","template":"","meta":[],"product_brand":[],"product_cat":[137],"product_tag":[],"class_list":{"0":"post-18281","1":"product","2":"type-product","3":"status-publish","5":"product_cat-maros-megyei-eletrajzi-lexikon","7":"first","8":"instock","9":"shipping-taxable","10":"product-type-simple"},"_links":{"self":[{"href":"https:\/\/uj.adatbank.ro\/lexikon\/wp-json\/wp\/v2\/product\/18281","targetHints":{"allow":["GET"]}}],"collection":[{"href":"https:\/\/uj.adatbank.ro\/lexikon\/wp-json\/wp\/v2\/product"}],"about":[{"href":"https:\/\/uj.adatbank.ro\/lexikon\/wp-json\/wp\/v2\/types\/product"}],"replies":[{"embeddable":true,"href":"https:\/\/uj.adatbank.ro\/lexikon\/wp-json\/wp\/v2\/comments?post=18281"}],"wp:attachment":[{"href":"https:\/\/uj.adatbank.ro\/lexikon\/wp-json\/wp\/v2\/media?parent=18281"}],"wp:term":[{"taxonomy":"product_brand","embeddable":true,"href":"https:\/\/uj.adatbank.ro\/lexikon\/wp-json\/wp\/v2\/product_brand?post=18281"},{"taxonomy":"product_cat","embeddable":true,"href":"https:\/\/uj.adatbank.ro\/lexikon\/wp-json\/wp\/v2\/product_cat?post=18281"},{"taxonomy":"product_tag","embeddable":true,"href":"https:\/\/uj.adatbank.ro\/lexikon\/wp-json\/wp\/v2\/product_tag?post=18281"}],"curies":[{"name":"wp","href":"https:\/\/api.w.org\/{rel}","templated":true}]}}