{"id":18282,"date":"2025-07-16T10:46:06","date_gmt":"2025-07-16T08:46:06","guid":{"rendered":"https:\/\/uj.adatbank.ro\/lexikon\/termek\/pintea-teodor\/"},"modified":"2025-07-16T10:46:06","modified_gmt":"2025-07-16T08:46:06","slug":"pintea-teodor","status":"publish","type":"product","link":"https:\/\/uj.adatbank.ro\/lexikon\/termek\/pintea-teodor\/","title":{"rendered":"PINTEA, Teodor"},"content":{"rendered":"<p>1926.? \u2020\u00a0Mv., 1999. m\u00e1rc. 14.\u00a0?: ezredes. \u2013 <br \/><strong>Irod.:<\/strong> [Nekrol\u00f3g] (N\u00fa., 1999. m\u00e1rc. 16.)<\/br><\/p>\n","protected":false},"excerpt":{"rendered":"<p>1926.? \u2020\u00a0Mv., 1999. m\u00e1rc. 14.\u00a0?: ezredes. \u2013 Irod.: [Nekrol\u00f3g] (N\u00fa., 1999. m\u00e1rc. 16.)<\/p>\n","protected":false},"featured_media":0,"comment_status":"open","ping_status":"closed","template":"","meta":[],"product_brand":[],"product_cat":[137],"product_tag":[],"class_list":{"0":"post-18282","1":"product","2":"type-product","3":"status-publish","5":"product_cat-maros-megyei-eletrajzi-lexikon","7":"first","8":"instock","9":"shipping-taxable","10":"product-type-simple"},"_links":{"self":[{"href":"https:\/\/uj.adatbank.ro\/lexikon\/wp-json\/wp\/v2\/product\/18282","targetHints":{"allow":["GET"]}}],"collection":[{"href":"https:\/\/uj.adatbank.ro\/lexikon\/wp-json\/wp\/v2\/product"}],"about":[{"href":"https:\/\/uj.adatbank.ro\/lexikon\/wp-json\/wp\/v2\/types\/product"}],"replies":[{"embeddable":true,"href":"https:\/\/uj.adatbank.ro\/lexikon\/wp-json\/wp\/v2\/comments?post=18282"}],"wp:attachment":[{"href":"https:\/\/uj.adatbank.ro\/lexikon\/wp-json\/wp\/v2\/media?parent=18282"}],"wp:term":[{"taxonomy":"product_brand","embeddable":true,"href":"https:\/\/uj.adatbank.ro\/lexikon\/wp-json\/wp\/v2\/product_brand?post=18282"},{"taxonomy":"product_cat","embeddable":true,"href":"https:\/\/uj.adatbank.ro\/lexikon\/wp-json\/wp\/v2\/product_cat?post=18282"},{"taxonomy":"product_tag","embeddable":true,"href":"https:\/\/uj.adatbank.ro\/lexikon\/wp-json\/wp\/v2\/product_tag?post=18282"}],"curies":[{"name":"wp","href":"https:\/\/api.w.org\/{rel}","templated":true}]}}