{"id":18283,"date":"2025-07-16T10:46:08","date_gmt":"2025-07-16T08:46:08","guid":{"rendered":"https:\/\/uj.adatbank.ro\/lexikon\/termek\/pinter-lajos\/"},"modified":"2025-07-16T10:46:08","modified_gmt":"2025-07-16T08:46:08","slug":"pinter-lajos","status":"publish","type":"product","link":"https:\/\/uj.adatbank.ro\/lexikon\/termek\/pinter-lajos\/","title":{"rendered":"PINT\u00c9R Lajos"},"content":{"rendered":"<p>Arad, 1910. jan. 18., \u2020\u00a0Mv.?: \u00fajs\u00e1g\u00edr\u00f3, zenekritikus. \u2013 Az aradi Mitterm\u00fcller Konzervat\u00f3riumban (1919\u201324) \u00e9s Bp.-en a Zenekonzervat\u00f3riumban tanult (1929\u201330). Buk.-be k\u00f6lt\u00f6z\u00f6tt (1949\u2013)A Rom\u00e1niai Magyar Sz\u00f3 (1949\u201352), az El\u0151re c. napilap (1954\u201358) bels\u0151 munkat\u00e1rsa, majd a mv.-i \u00daj \u00c9let c. foly\u00f3irat zenei szerkeszt\u0151je nyugd\u00edjaz\u00e1s\u00e1ig (1958\u201372). El\u0151ad\u00e1sokat r\u00e1diom\u0171sorokat tartott. Tanulm\u00e1nyai, recenzi\u00f3i, cikkei jelentek meg a Muzica, \u00datunk, Dolgoz\u00f3 N\u0151, M\u0171v\u00e9szet, M\u0171vel\u0151d\u00e9s, Munk\u00e1s\u00e9let, M\u0171vel\u0151d\u00e9s, Korunk, Erd\u00e9lyi H\u00edrlap, V. Z. \u00e9s m\u00e1s lapokban. Leford\u00edtotta m.nyelvre Gerase Dendrino: L\u0103sa\u0163i-m\u0103 s\u0103 c\u00e2nt c. operett librett\u00f3j\u00e1t. \u2013 <strong>F. m.:<\/strong> Bart\u00f3k B\u00e9la Aradon \u00e9s Temesv\u00e1ron (Mv., 1970); Az aradi tizenh\u00e1rom v\u00e9rtan\u00fa (Buk., 1973); M\u0103rturii despre George Enescu (Buc., 1981); George Enescu erd\u00e9lyi hangversenyei (Buk., 1981); George Enescu Magyarorsz\u00e1gon (Bp., 1981); Liszt Ferenc aradi hangversenyei (Bp., 1987). <br \/><strong>Irod.:<\/strong> MRL; RMKK; RMIL<\/br><\/p>\n","protected":false},"excerpt":{"rendered":"<p>Arad, 1910. jan. 18., \u2020\u00a0Mv.?: \u00fajs\u00e1g\u00edr\u00f3, zenekritikus. \u2013 Az aradi Mitterm\u00fcller Konzervat\u00f3riumban (1919\u201324) \u00e9s Bp.-en a Zenekonzervat\u00f3riumban tanult (1929\u201330). Buk.-be k\u00f6lt\u00f6z\u00f6tt (1949\u2013)A Rom\u00e1niai Magyar Sz\u00f3 (1949\u201352), az El\u0151re c. napilap (1954\u201358) bels\u0151 munkat\u00e1rsa, majd a mv.-i \u00daj \u00c9let c. foly\u00f3irat zenei szerkeszt\u0151je nyugd\u00edjaz\u00e1s\u00e1ig (1958\u201372). El\u0151ad\u00e1sokat r\u00e1diom\u0171sorokat tartott. Tanulm\u00e1nyai, recenzi\u00f3i, cikkei jelentek meg a Muzica, \u00datunk, [&hellip;]<\/p>\n","protected":false},"featured_media":0,"comment_status":"open","ping_status":"closed","template":"","meta":[],"product_brand":[],"product_cat":[137],"product_tag":[],"class_list":{"0":"post-18283","1":"product","2":"type-product","3":"status-publish","5":"product_cat-maros-megyei-eletrajzi-lexikon","7":"first","8":"instock","9":"shipping-taxable","10":"product-type-simple"},"_links":{"self":[{"href":"https:\/\/uj.adatbank.ro\/lexikon\/wp-json\/wp\/v2\/product\/18283","targetHints":{"allow":["GET"]}}],"collection":[{"href":"https:\/\/uj.adatbank.ro\/lexikon\/wp-json\/wp\/v2\/product"}],"about":[{"href":"https:\/\/uj.adatbank.ro\/lexikon\/wp-json\/wp\/v2\/types\/product"}],"replies":[{"embeddable":true,"href":"https:\/\/uj.adatbank.ro\/lexikon\/wp-json\/wp\/v2\/comments?post=18283"}],"wp:attachment":[{"href":"https:\/\/uj.adatbank.ro\/lexikon\/wp-json\/wp\/v2\/media?parent=18283"}],"wp:term":[{"taxonomy":"product_brand","embeddable":true,"href":"https:\/\/uj.adatbank.ro\/lexikon\/wp-json\/wp\/v2\/product_brand?post=18283"},{"taxonomy":"product_cat","embeddable":true,"href":"https:\/\/uj.adatbank.ro\/lexikon\/wp-json\/wp\/v2\/product_cat?post=18283"},{"taxonomy":"product_tag","embeddable":true,"href":"https:\/\/uj.adatbank.ro\/lexikon\/wp-json\/wp\/v2\/product_tag?post=18283"}],"curies":[{"name":"wp","href":"https:\/\/api.w.org\/{rel}","templated":true}]}}