{"id":18284,"date":"2025-07-16T10:46:10","date_gmt":"2025-07-16T08:46:10","guid":{"rendered":"https:\/\/uj.adatbank.ro\/lexikon\/termek\/pinter-zsuzsa\/"},"modified":"2025-07-16T10:46:10","modified_gmt":"2025-07-16T08:46:10","slug":"pinter-zsuzsa","status":"publish","type":"product","link":"https:\/\/uj.adatbank.ro\/lexikon\/termek\/pinter-zsuzsa\/","title":{"rendered":"PINT\u00c9R Zsuzsa"},"content":{"rendered":"<p>? \u2020 ?: sz\u00edn\u00e9szn\u0151. \u2013 A mv.-i Sz\u00e9kely Sz\u00ednh\u00e1z tagja (1946\u201347). \u2013 ). <strong>F. sz.:<\/strong> Marosin\u00e9 (Moln\u00e1r Ferenc: A doktor \u00far); Szobal\u00e1ny (B\u00e9keffy Istv\u00e1n: Es\u0151 ut\u00e1n k\u00f6p\u00f6nyeg). <br \/><strong>Irod.:<\/strong> Horv\u00e1th Bea; Kov\u00e1cs Levente<\/br><\/p>\n","protected":false},"excerpt":{"rendered":"<p>? \u2020 ?: sz\u00edn\u00e9szn\u0151. \u2013 A mv.-i Sz\u00e9kely Sz\u00ednh\u00e1z tagja (1946\u201347). \u2013 ). F. sz.: Marosin\u00e9 (Moln\u00e1r Ferenc: A doktor \u00far); Szobal\u00e1ny (B\u00e9keffy Istv\u00e1n: Es\u0151 ut\u00e1n k\u00f6p\u00f6nyeg). Irod.: Horv\u00e1th Bea; Kov\u00e1cs Levente<\/p>\n","protected":false},"featured_media":0,"comment_status":"open","ping_status":"closed","template":"","meta":[],"product_brand":[],"product_cat":[137],"product_tag":[],"class_list":{"0":"post-18284","1":"product","2":"type-product","3":"status-publish","5":"product_cat-maros-megyei-eletrajzi-lexikon","7":"first","8":"instock","9":"shipping-taxable","10":"product-type-simple"},"_links":{"self":[{"href":"https:\/\/uj.adatbank.ro\/lexikon\/wp-json\/wp\/v2\/product\/18284","targetHints":{"allow":["GET"]}}],"collection":[{"href":"https:\/\/uj.adatbank.ro\/lexikon\/wp-json\/wp\/v2\/product"}],"about":[{"href":"https:\/\/uj.adatbank.ro\/lexikon\/wp-json\/wp\/v2\/types\/product"}],"replies":[{"embeddable":true,"href":"https:\/\/uj.adatbank.ro\/lexikon\/wp-json\/wp\/v2\/comments?post=18284"}],"wp:attachment":[{"href":"https:\/\/uj.adatbank.ro\/lexikon\/wp-json\/wp\/v2\/media?parent=18284"}],"wp:term":[{"taxonomy":"product_brand","embeddable":true,"href":"https:\/\/uj.adatbank.ro\/lexikon\/wp-json\/wp\/v2\/product_brand?post=18284"},{"taxonomy":"product_cat","embeddable":true,"href":"https:\/\/uj.adatbank.ro\/lexikon\/wp-json\/wp\/v2\/product_cat?post=18284"},{"taxonomy":"product_tag","embeddable":true,"href":"https:\/\/uj.adatbank.ro\/lexikon\/wp-json\/wp\/v2\/product_tag?post=18284"}],"curies":[{"name":"wp","href":"https:\/\/api.w.org\/{rel}","templated":true}]}}