{"id":18286,"date":"2025-07-16T10:46:13","date_gmt":"2025-07-16T08:46:13","guid":{"rendered":"https:\/\/uj.adatbank.ro\/lexikon\/termek\/pinticanu-ioan\/"},"modified":"2025-07-16T10:46:13","modified_gmt":"2025-07-16T08:46:13","slug":"pinticanu-ioan","status":"publish","type":"product","link":"https:\/\/uj.adatbank.ro\/lexikon\/termek\/pinticanu-ioan\/","title":{"rendered":"PINTICANU, Ioan"},"content":{"rendered":"<p>1892., \u2020\u00a0?: orvos. \u2013 Brass\u00f3ban \u00e9retts\u00e9gizett, majd az orvosi egyetemet Kv.-on v\u00e9gezte, Ugyanott praktiz\u00e1lt. A mv.-i k\u00f3rh\u00e1z n\u0151gy\u00f3gy\u00e1szati oszt\u00e1ly\u00e1n m\u00e1sodorvos (1921\u2013), ut\u00f3bb a mv.-i B\u00e1bak\u00e9pz\u0151 igazgat\u00f3-f\u0151orvosa lett (1927\u2013), amellett \u00f6n\u00e1ll\u00f3 n\u0151gy\u00f3gy\u00e1szati rebdel\u0151je is volt. A k\u00f3rh\u00e1z fejleszt\u00e9s\u00e9t el\u0151seg\u00edtette. Az orvossz\u00f6vets\u00e9g, az Astra \u00e9s sz\u00e1mos t\u00e1rsadalmi, kultur\u00e1lis \u00e9s j\u00f3t\u00e9kony egyes\u00fcletben tev\u00e9kenykedett. A rom\u00e1n Csillagrend jovagi keresztj\u00e9nek tulajdonosa volt.<br \/><strong>Irod.:<\/strong> Ki kicsoda?<\/br><\/p>\n","protected":false},"excerpt":{"rendered":"<p>1892., \u2020\u00a0?: orvos. \u2013 Brass\u00f3ban \u00e9retts\u00e9gizett, majd az orvosi egyetemet Kv.-on v\u00e9gezte, Ugyanott praktiz\u00e1lt. A mv.-i k\u00f3rh\u00e1z n\u0151gy\u00f3gy\u00e1szati oszt\u00e1ly\u00e1n m\u00e1sodorvos (1921\u2013), ut\u00f3bb a mv.-i B\u00e1bak\u00e9pz\u0151 igazgat\u00f3-f\u0151orvosa lett (1927\u2013), amellett \u00f6n\u00e1ll\u00f3 n\u0151gy\u00f3gy\u00e1szati rebdel\u0151je is volt. A k\u00f3rh\u00e1z fejleszt\u00e9s\u00e9t el\u0151seg\u00edtette. Az orvossz\u00f6vets\u00e9g, az Astra \u00e9s sz\u00e1mos t\u00e1rsadalmi, kultur\u00e1lis \u00e9s j\u00f3t\u00e9kony egyes\u00fcletben tev\u00e9kenykedett. A rom\u00e1n Csillagrend jovagi keresztj\u00e9nek [&hellip;]<\/p>\n","protected":false},"featured_media":0,"comment_status":"open","ping_status":"closed","template":"","meta":[],"product_brand":[],"product_cat":[137],"product_tag":[],"class_list":{"0":"post-18286","1":"product","2":"type-product","3":"status-publish","5":"product_cat-maros-megyei-eletrajzi-lexikon","7":"first","8":"instock","9":"shipping-taxable","10":"product-type-simple"},"_links":{"self":[{"href":"https:\/\/uj.adatbank.ro\/lexikon\/wp-json\/wp\/v2\/product\/18286","targetHints":{"allow":["GET"]}}],"collection":[{"href":"https:\/\/uj.adatbank.ro\/lexikon\/wp-json\/wp\/v2\/product"}],"about":[{"href":"https:\/\/uj.adatbank.ro\/lexikon\/wp-json\/wp\/v2\/types\/product"}],"replies":[{"embeddable":true,"href":"https:\/\/uj.adatbank.ro\/lexikon\/wp-json\/wp\/v2\/comments?post=18286"}],"wp:attachment":[{"href":"https:\/\/uj.adatbank.ro\/lexikon\/wp-json\/wp\/v2\/media?parent=18286"}],"wp:term":[{"taxonomy":"product_brand","embeddable":true,"href":"https:\/\/uj.adatbank.ro\/lexikon\/wp-json\/wp\/v2\/product_brand?post=18286"},{"taxonomy":"product_cat","embeddable":true,"href":"https:\/\/uj.adatbank.ro\/lexikon\/wp-json\/wp\/v2\/product_cat?post=18286"},{"taxonomy":"product_tag","embeddable":true,"href":"https:\/\/uj.adatbank.ro\/lexikon\/wp-json\/wp\/v2\/product_tag?post=18286"}],"curies":[{"name":"wp","href":"https:\/\/api.w.org\/{rel}","templated":true}]}}