{"id":18287,"date":"2025-07-16T10:46:16","date_gmt":"2025-07-16T08:46:16","guid":{"rendered":"https:\/\/uj.adatbank.ro\/lexikon\/termek\/pintilie-gheorghe-%c2%a7\/"},"modified":"2025-07-16T10:46:16","modified_gmt":"2025-07-16T08:46:16","slug":"pintilie-gheorghe-%c2%a7","status":"publish","type":"product","link":"https:\/\/uj.adatbank.ro\/lexikon\/termek\/pintilie-gheorghe-%c2%a7\/","title":{"rendered":"PINTILIE, Gheorghe, \u00a7"},"content":{"rendered":"<p>Dersca, 1928. m\u00e1rc. 24., \u2020\u00a0?: ezredes, az ASA eln\u00f6ke. \u2013A k\u00f6z\u00e9piskola elv\u00e9gz\u00e9se ut\u00e1n katonaiskol\u00e1t v\u00e9gzett azon bel\u00fcl testnevel\u00e9re szakosodott Ploiesten, majd fels\u0151 fok\u00fa tiszti iskol\u00e1t is v\u00e9gzett. Nagyv\u00e1radr\u00f3l ker\u00fclt Mv.-re az ASA-hoz (1966), az egyes\u00fclet eln\u00f6ke lett (1974), \u00e1thelyezt\u00e9k a katonai parancsnoks\u00e1gra (1980) r\u00e1 egy \u00e9vre nyugd\u00edjba vonult. Az ASA az \u0151 idej\u00e9ben \u00e9rte el t\u00f6rt\u00e9nelme legjobb eredm\u00e9nyeit). <br \/><strong>Irod.:<\/strong> Sucher<\/br><\/p>\n","protected":false},"excerpt":{"rendered":"<p>Dersca, 1928. m\u00e1rc. 24., \u2020\u00a0?: ezredes, az ASA eln\u00f6ke. \u2013A k\u00f6z\u00e9piskola elv\u00e9gz\u00e9se ut\u00e1n katonaiskol\u00e1t v\u00e9gzett azon bel\u00fcl testnevel\u00e9re szakosodott Ploiesten, majd fels\u0151 fok\u00fa tiszti iskol\u00e1t is v\u00e9gzett. Nagyv\u00e1radr\u00f3l ker\u00fclt Mv.-re az ASA-hoz (1966), az egyes\u00fclet eln\u00f6ke lett (1974), \u00e1thelyezt\u00e9k a katonai parancsnoks\u00e1gra (1980) r\u00e1 egy \u00e9vre nyugd\u00edjba vonult. Az ASA az \u0151 idej\u00e9ben \u00e9rte el [&hellip;]<\/p>\n","protected":false},"featured_media":0,"comment_status":"open","ping_status":"closed","template":"","meta":[],"product_brand":[],"product_cat":[137],"product_tag":[],"class_list":{"0":"post-18287","1":"product","2":"type-product","3":"status-publish","5":"product_cat-maros-megyei-eletrajzi-lexikon","7":"first","8":"instock","9":"shipping-taxable","10":"product-type-simple"},"_links":{"self":[{"href":"https:\/\/uj.adatbank.ro\/lexikon\/wp-json\/wp\/v2\/product\/18287","targetHints":{"allow":["GET"]}}],"collection":[{"href":"https:\/\/uj.adatbank.ro\/lexikon\/wp-json\/wp\/v2\/product"}],"about":[{"href":"https:\/\/uj.adatbank.ro\/lexikon\/wp-json\/wp\/v2\/types\/product"}],"replies":[{"embeddable":true,"href":"https:\/\/uj.adatbank.ro\/lexikon\/wp-json\/wp\/v2\/comments?post=18287"}],"wp:attachment":[{"href":"https:\/\/uj.adatbank.ro\/lexikon\/wp-json\/wp\/v2\/media?parent=18287"}],"wp:term":[{"taxonomy":"product_brand","embeddable":true,"href":"https:\/\/uj.adatbank.ro\/lexikon\/wp-json\/wp\/v2\/product_brand?post=18287"},{"taxonomy":"product_cat","embeddable":true,"href":"https:\/\/uj.adatbank.ro\/lexikon\/wp-json\/wp\/v2\/product_cat?post=18287"},{"taxonomy":"product_tag","embeddable":true,"href":"https:\/\/uj.adatbank.ro\/lexikon\/wp-json\/wp\/v2\/product_tag?post=18287"}],"curies":[{"name":"wp","href":"https:\/\/api.w.org\/{rel}","templated":true}]}}