{"id":18291,"date":"2025-07-16T10:46:28","date_gmt":"2025-07-16T08:46:28","guid":{"rendered":"https:\/\/uj.adatbank.ro\/lexikon\/termek\/pipos-petru\/"},"modified":"2025-07-16T10:46:28","modified_gmt":"2025-07-16T08:46:28","slug":"pipos-petru","status":"publish","type":"product","link":"https:\/\/uj.adatbank.ro\/lexikon\/termek\/pipos-petru\/","title":{"rendered":"PIPO\u015e, Petru"},"content":{"rendered":"<p>Hondol(Hunyad), 1829. \u2020\u00a0?: jog\u00e1sz, b\u00edr\u00f3, diplomata. \u2013 Szebenben a latin iskol\u00e1ban tanult (1841\u201345). Az egyetem elv\u00e9gz\u00e9se ut\u00e1n diplomata lett, Ausztria buk.-i konzul\u00e1tus\u00e1n (1858), majd alkancell\u00e1r, a b\u00e9csi t\u00f6rv\u00e9nysz\u00e9k els\u0151titk\u00e1ra (1865). Kinevezt\u00e9k b\u00edr\u00f3nak a mv.-i Kir. T\u00e1bl\u00e1hoz (1867). Nyugd\u00edjba vonult (1897). <br \/><strong>Irod.:<\/strong> Stanciu<\/br><\/p>\n","protected":false},"excerpt":{"rendered":"<p>Hondol(Hunyad), 1829. \u2020\u00a0?: jog\u00e1sz, b\u00edr\u00f3, diplomata. \u2013 Szebenben a latin iskol\u00e1ban tanult (1841\u201345). Az egyetem elv\u00e9gz\u00e9se ut\u00e1n diplomata lett, Ausztria buk.-i konzul\u00e1tus\u00e1n (1858), majd alkancell\u00e1r, a b\u00e9csi t\u00f6rv\u00e9nysz\u00e9k els\u0151titk\u00e1ra (1865). Kinevezt\u00e9k b\u00edr\u00f3nak a mv.-i Kir. T\u00e1bl\u00e1hoz (1867). Nyugd\u00edjba vonult (1897). Irod.: Stanciu<\/p>\n","protected":false},"featured_media":0,"comment_status":"open","ping_status":"closed","template":"","meta":[],"product_brand":[],"product_cat":[137],"product_tag":[],"class_list":{"0":"post-18291","1":"product","2":"type-product","3":"status-publish","5":"product_cat-maros-megyei-eletrajzi-lexikon","7":"first","8":"instock","9":"shipping-taxable","10":"product-type-simple"},"_links":{"self":[{"href":"https:\/\/uj.adatbank.ro\/lexikon\/wp-json\/wp\/v2\/product\/18291","targetHints":{"allow":["GET"]}}],"collection":[{"href":"https:\/\/uj.adatbank.ro\/lexikon\/wp-json\/wp\/v2\/product"}],"about":[{"href":"https:\/\/uj.adatbank.ro\/lexikon\/wp-json\/wp\/v2\/types\/product"}],"replies":[{"embeddable":true,"href":"https:\/\/uj.adatbank.ro\/lexikon\/wp-json\/wp\/v2\/comments?post=18291"}],"wp:attachment":[{"href":"https:\/\/uj.adatbank.ro\/lexikon\/wp-json\/wp\/v2\/media?parent=18291"}],"wp:term":[{"taxonomy":"product_brand","embeddable":true,"href":"https:\/\/uj.adatbank.ro\/lexikon\/wp-json\/wp\/v2\/product_brand?post=18291"},{"taxonomy":"product_cat","embeddable":true,"href":"https:\/\/uj.adatbank.ro\/lexikon\/wp-json\/wp\/v2\/product_cat?post=18291"},{"taxonomy":"product_tag","embeddable":true,"href":"https:\/\/uj.adatbank.ro\/lexikon\/wp-json\/wp\/v2\/product_tag?post=18291"}],"curies":[{"name":"wp","href":"https:\/\/api.w.org\/{rel}","templated":true}]}}