{"id":18293,"date":"2025-07-16T10:46:31","date_gmt":"2025-07-16T08:46:31","guid":{"rendered":"https:\/\/uj.adatbank.ro\/lexikon\/termek\/piros-ferenc-dr\/"},"modified":"2025-07-16T10:46:31","modified_gmt":"2025-07-16T08:46:31","slug":"piros-ferenc-dr","status":"publish","type":"product","link":"https:\/\/uj.adatbank.ro\/lexikon\/termek\/piros-ferenc-dr\/","title":{"rendered":"PIROS Ferenc, dr."},"content":{"rendered":"<p>Brass\u00f3, 1932. okt. 27. \u2020\u00a02016.: orvos.- Feles\u00e9ge dr. Munteanu Sanda orvosn\u0151 adjunktus, aki mikrobiol\u00f3gi\u00e1t, virustant \u00e9s parazitol\u00f3gi\u00e1t magyarul \u00e9s rom\u00e1nul oktatott. \u2013 Szatm\u00e1rn\u00e9metiben a magyar fi\u00falic.-ban v\u00e9gzett. A MOGYE Orvoskar\u00e1n v\u00e9gzett.(1958). Dr. Krepsz Iv\u00e1n professzor mellett, ir\u00e1ny\u00edt\u00e1s\u00e1val.saj\u00e1t\u00edtotta el a. R\u00f6ntgen szakot, Munkahelyei: Idecsben, Sz\u00e1szr\u00e9genben a Poliklinik\u00e1n rendelt. Mv.-en az Ideggy\u00f3gy\u00e1szati \u00e9s idegseb\u00e9szeti klinika, a Radiol\u00f3giai klinika radiol\u00f3gus-onkol\u00f3gus f\u0151orvosa. Nyugszik a mv.-i ortodox \u00e9s g\u00f6r\u00fcg katolikus temet\u0151ben. <br \/><strong>Irod.:<\/strong> Kiss Cs. M 4.; MOGYE<\/br><\/p>\n","protected":false},"excerpt":{"rendered":"<p>Brass\u00f3, 1932. okt. 27. \u2020\u00a02016.: orvos.- Feles\u00e9ge dr. Munteanu Sanda orvosn\u0151 adjunktus, aki mikrobiol\u00f3gi\u00e1t, virustant \u00e9s parazitol\u00f3gi\u00e1t magyarul \u00e9s rom\u00e1nul oktatott. \u2013 Szatm\u00e1rn\u00e9metiben a magyar fi\u00falic.-ban v\u00e9gzett. A MOGYE Orvoskar\u00e1n v\u00e9gzett.(1958). Dr. Krepsz Iv\u00e1n professzor mellett, ir\u00e1ny\u00edt\u00e1s\u00e1val.saj\u00e1t\u00edtotta el a. R\u00f6ntgen szakot, Munkahelyei: Idecsben, Sz\u00e1szr\u00e9genben a Poliklinik\u00e1n rendelt. Mv.-en az Ideggy\u00f3gy\u00e1szati \u00e9s idegseb\u00e9szeti klinika, a Radiol\u00f3giai [&hellip;]<\/p>\n","protected":false},"featured_media":0,"comment_status":"open","ping_status":"closed","template":"","meta":[],"product_brand":[],"product_cat":[137],"product_tag":[],"class_list":{"0":"post-18293","1":"product","2":"type-product","3":"status-publish","5":"product_cat-maros-megyei-eletrajzi-lexikon","7":"first","8":"instock","9":"shipping-taxable","10":"product-type-simple"},"_links":{"self":[{"href":"https:\/\/uj.adatbank.ro\/lexikon\/wp-json\/wp\/v2\/product\/18293","targetHints":{"allow":["GET"]}}],"collection":[{"href":"https:\/\/uj.adatbank.ro\/lexikon\/wp-json\/wp\/v2\/product"}],"about":[{"href":"https:\/\/uj.adatbank.ro\/lexikon\/wp-json\/wp\/v2\/types\/product"}],"replies":[{"embeddable":true,"href":"https:\/\/uj.adatbank.ro\/lexikon\/wp-json\/wp\/v2\/comments?post=18293"}],"wp:attachment":[{"href":"https:\/\/uj.adatbank.ro\/lexikon\/wp-json\/wp\/v2\/media?parent=18293"}],"wp:term":[{"taxonomy":"product_brand","embeddable":true,"href":"https:\/\/uj.adatbank.ro\/lexikon\/wp-json\/wp\/v2\/product_brand?post=18293"},{"taxonomy":"product_cat","embeddable":true,"href":"https:\/\/uj.adatbank.ro\/lexikon\/wp-json\/wp\/v2\/product_cat?post=18293"},{"taxonomy":"product_tag","embeddable":true,"href":"https:\/\/uj.adatbank.ro\/lexikon\/wp-json\/wp\/v2\/product_tag?post=18293"}],"curies":[{"name":"wp","href":"https:\/\/api.w.org\/{rel}","templated":true}]}}