{"id":18294,"date":"2025-07-16T10:46:33","date_gmt":"2025-07-16T08:46:33","guid":{"rendered":"https:\/\/uj.adatbank.ro\/lexikon\/termek\/pirosca-mihai\/"},"modified":"2025-07-16T10:46:33","modified_gmt":"2025-07-16T08:46:33","slug":"pirosca-mihai","status":"publish","type":"product","link":"https:\/\/uj.adatbank.ro\/lexikon\/termek\/pirosca-mihai\/","title":{"rendered":"PIRO\u015eCA, Mihai"},"content":{"rendered":"<p>? \u2020\u00a0?: g. kat. lelk\u00e9sz. \u2013 K\u00e9pvisel\u0151jel\u00f6lt volt Mv.en a Nemzeti P\u00e1rt szineiben (1922). Nem jutott be a parlamentbe. <br \/><strong>Irod.:<\/strong> Id\u0151t\u00e1r 3<\/br><\/p>\n","protected":false},"excerpt":{"rendered":"<p>? \u2020\u00a0?: g. kat. lelk\u00e9sz. \u2013 K\u00e9pvisel\u0151jel\u00f6lt volt Mv.en a Nemzeti P\u00e1rt szineiben (1922). Nem jutott be a parlamentbe. Irod.: Id\u0151t\u00e1r 3<\/p>\n","protected":false},"featured_media":0,"comment_status":"open","ping_status":"closed","template":"","meta":[],"product_brand":[],"product_cat":[137],"product_tag":[],"class_list":{"0":"post-18294","1":"product","2":"type-product","3":"status-publish","5":"product_cat-maros-megyei-eletrajzi-lexikon","7":"first","8":"instock","9":"shipping-taxable","10":"product-type-simple"},"_links":{"self":[{"href":"https:\/\/uj.adatbank.ro\/lexikon\/wp-json\/wp\/v2\/product\/18294","targetHints":{"allow":["GET"]}}],"collection":[{"href":"https:\/\/uj.adatbank.ro\/lexikon\/wp-json\/wp\/v2\/product"}],"about":[{"href":"https:\/\/uj.adatbank.ro\/lexikon\/wp-json\/wp\/v2\/types\/product"}],"replies":[{"embeddable":true,"href":"https:\/\/uj.adatbank.ro\/lexikon\/wp-json\/wp\/v2\/comments?post=18294"}],"wp:attachment":[{"href":"https:\/\/uj.adatbank.ro\/lexikon\/wp-json\/wp\/v2\/media?parent=18294"}],"wp:term":[{"taxonomy":"product_brand","embeddable":true,"href":"https:\/\/uj.adatbank.ro\/lexikon\/wp-json\/wp\/v2\/product_brand?post=18294"},{"taxonomy":"product_cat","embeddable":true,"href":"https:\/\/uj.adatbank.ro\/lexikon\/wp-json\/wp\/v2\/product_cat?post=18294"},{"taxonomy":"product_tag","embeddable":true,"href":"https:\/\/uj.adatbank.ro\/lexikon\/wp-json\/wp\/v2\/product_tag?post=18294"}],"curies":[{"name":"wp","href":"https:\/\/api.w.org\/{rel}","templated":true}]}}