{"id":18295,"date":"2025-07-16T10:46:35","date_gmt":"2025-07-16T08:46:35","guid":{"rendered":"https:\/\/uj.adatbank.ro\/lexikon\/termek\/piroska-andras\/"},"modified":"2025-07-16T10:46:35","modified_gmt":"2025-07-16T08:46:35","slug":"piroska-andras","status":"publish","type":"product","link":"https:\/\/uj.adatbank.ro\/lexikon\/termek\/piroska-andras\/","title":{"rendered":"PIROSKA Andr\u00e1s"},"content":{"rendered":"<p>Szov\u00e1ta, 1885., \u2020\u00a0?: \u00e1csmester. Iskol\u00e1i elv\u00e9gz\u00e9se ut\u00e1n az \u00e1csiparban szabadult fel, \u00f6n\u00e1ll\u00f3 mesterk\u00e9nt dolgozott Szov\u00e1t\u00e1n (190\u2013). Az els\u0151 vh.-ban az orosz fronton harcolt, 4 \u00e9vig fogs\u00e1gban volt, mint \u0151rvezet\u0151 szerelt le. <br \/><strong>Irod.:<\/strong> Sz\u00e9kelyf\u00f6ld \u00ed.k.<\/br><\/p>\n","protected":false},"excerpt":{"rendered":"<p>Szov\u00e1ta, 1885., \u2020\u00a0?: \u00e1csmester. Iskol\u00e1i elv\u00e9gz\u00e9se ut\u00e1n az \u00e1csiparban szabadult fel, \u00f6n\u00e1ll\u00f3 mesterk\u00e9nt dolgozott Szov\u00e1t\u00e1n (190\u2013). Az els\u0151 vh.-ban az orosz fronton harcolt, 4 \u00e9vig fogs\u00e1gban volt, mint \u0151rvezet\u0151 szerelt le. Irod.: Sz\u00e9kelyf\u00f6ld \u00ed.k.<\/p>\n","protected":false},"featured_media":0,"comment_status":"open","ping_status":"closed","template":"","meta":[],"product_brand":[],"product_cat":[137],"product_tag":[],"class_list":{"0":"post-18295","1":"product","2":"type-product","3":"status-publish","5":"product_cat-maros-megyei-eletrajzi-lexikon","7":"first","8":"instock","9":"shipping-taxable","10":"product-type-simple"},"_links":{"self":[{"href":"https:\/\/uj.adatbank.ro\/lexikon\/wp-json\/wp\/v2\/product\/18295","targetHints":{"allow":["GET"]}}],"collection":[{"href":"https:\/\/uj.adatbank.ro\/lexikon\/wp-json\/wp\/v2\/product"}],"about":[{"href":"https:\/\/uj.adatbank.ro\/lexikon\/wp-json\/wp\/v2\/types\/product"}],"replies":[{"embeddable":true,"href":"https:\/\/uj.adatbank.ro\/lexikon\/wp-json\/wp\/v2\/comments?post=18295"}],"wp:attachment":[{"href":"https:\/\/uj.adatbank.ro\/lexikon\/wp-json\/wp\/v2\/media?parent=18295"}],"wp:term":[{"taxonomy":"product_brand","embeddable":true,"href":"https:\/\/uj.adatbank.ro\/lexikon\/wp-json\/wp\/v2\/product_brand?post=18295"},{"taxonomy":"product_cat","embeddable":true,"href":"https:\/\/uj.adatbank.ro\/lexikon\/wp-json\/wp\/v2\/product_cat?post=18295"},{"taxonomy":"product_tag","embeddable":true,"href":"https:\/\/uj.adatbank.ro\/lexikon\/wp-json\/wp\/v2\/product_tag?post=18295"}],"curies":[{"name":"wp","href":"https:\/\/api.w.org\/{rel}","templated":true}]}}