{"id":18296,"date":"2025-07-16T10:46:36","date_gmt":"2025-07-16T08:46:36","guid":{"rendered":"https:\/\/uj.adatbank.ro\/lexikon\/termek\/piskolti-fabricius-matyas-piskolti-matyas\/"},"modified":"2025-07-16T10:46:36","modified_gmt":"2025-07-16T08:46:36","slug":"piskolti-fabricius-matyas-piskolti-matyas","status":"publish","type":"product","link":"https:\/\/uj.adatbank.ro\/lexikon\/termek\/piskolti-fabricius-matyas-piskolti-matyas\/","title":{"rendered":"PISKOLTI Fabricius M\u00e1ty\u00e1s, Piskolti M\u00e1ty\u00e1s"},"content":{"rendered":"<p>1596, \u2020\u00a01601.: ref. lelk\u00e9sz. \u2013 Mv. pr\u00e9dik\u00e1tora, lelk\u00e9sze (1596\u20131601), a marosi ref. egyh\u00e1zmegye esperese (1600\u20131601). Baranyai Decsi J\u00e1nos kort\u00e1rsa \u00e9s val\u00f3sz\u00edn\u0171leg tan\u00e1rt\u00e1rsa is. Feljegyz\u00e9sei egy kalend\u00e1rium lapjain tal\u00e1lhat\u00f3k, a v\u00e1ros \u00e9let\u00e9nek n\u00e9h\u00e1ny fontos esem\u00e9ny\u00e9r\u0151l tud\u00f3s\u00edtanak pl. a v\u00e1ros feld\u00fal\u00e1s\u00e1r\u00f3l (1601) vagy Baranyai Decsi J\u00e1nos hal\u00e1l\u00e1r\u00f3l. <br \/><strong>Irod.:<\/strong> Id\u0151t\u00e1r 1; Marossz\u00e9ki kr\u00f3nik\u00e1k 1.; V\u00e1rtemplomi lelk\u00e9szek n\u00e9vsora, 1571\u20132000 (\u00daj Kezdet, 2. sz., 2000); Zov\u00e1nyi<\/br><\/p>\n","protected":false},"excerpt":{"rendered":"<p>1596, \u2020\u00a01601.: ref. lelk\u00e9sz. \u2013 Mv. pr\u00e9dik\u00e1tora, lelk\u00e9sze (1596\u20131601), a marosi ref. egyh\u00e1zmegye esperese (1600\u20131601). Baranyai Decsi J\u00e1nos kort\u00e1rsa \u00e9s val\u00f3sz\u00edn\u0171leg tan\u00e1rt\u00e1rsa is. Feljegyz\u00e9sei egy kalend\u00e1rium lapjain tal\u00e1lhat\u00f3k, a v\u00e1ros \u00e9let\u00e9nek n\u00e9h\u00e1ny fontos esem\u00e9ny\u00e9r\u0151l tud\u00f3s\u00edtanak pl. a v\u00e1ros feld\u00fal\u00e1s\u00e1r\u00f3l (1601) vagy Baranyai Decsi J\u00e1nos hal\u00e1l\u00e1r\u00f3l. Irod.: Id\u0151t\u00e1r 1; Marossz\u00e9ki kr\u00f3nik\u00e1k 1.; V\u00e1rtemplomi lelk\u00e9szek n\u00e9vsora, 1571\u20132000 [&hellip;]<\/p>\n","protected":false},"featured_media":0,"comment_status":"open","ping_status":"closed","template":"","meta":[],"product_brand":[],"product_cat":[137],"product_tag":[],"class_list":{"0":"post-18296","1":"product","2":"type-product","3":"status-publish","5":"product_cat-maros-megyei-eletrajzi-lexikon","7":"first","8":"instock","9":"shipping-taxable","10":"product-type-simple"},"_links":{"self":[{"href":"https:\/\/uj.adatbank.ro\/lexikon\/wp-json\/wp\/v2\/product\/18296","targetHints":{"allow":["GET"]}}],"collection":[{"href":"https:\/\/uj.adatbank.ro\/lexikon\/wp-json\/wp\/v2\/product"}],"about":[{"href":"https:\/\/uj.adatbank.ro\/lexikon\/wp-json\/wp\/v2\/types\/product"}],"replies":[{"embeddable":true,"href":"https:\/\/uj.adatbank.ro\/lexikon\/wp-json\/wp\/v2\/comments?post=18296"}],"wp:attachment":[{"href":"https:\/\/uj.adatbank.ro\/lexikon\/wp-json\/wp\/v2\/media?parent=18296"}],"wp:term":[{"taxonomy":"product_brand","embeddable":true,"href":"https:\/\/uj.adatbank.ro\/lexikon\/wp-json\/wp\/v2\/product_brand?post=18296"},{"taxonomy":"product_cat","embeddable":true,"href":"https:\/\/uj.adatbank.ro\/lexikon\/wp-json\/wp\/v2\/product_cat?post=18296"},{"taxonomy":"product_tag","embeddable":true,"href":"https:\/\/uj.adatbank.ro\/lexikon\/wp-json\/wp\/v2\/product_tag?post=18296"}],"curies":[{"name":"wp","href":"https:\/\/api.w.org\/{rel}","templated":true}]}}