{"id":18297,"date":"2025-07-16T10:46:38","date_gmt":"2025-07-16T08:46:38","guid":{"rendered":"https:\/\/uj.adatbank.ro\/lexikon\/termek\/piskolti-gabor-%c2%a7-piskolthy-piskolti\/"},"modified":"2025-07-16T10:46:38","modified_gmt":"2025-07-16T08:46:38","slug":"piskolti-gabor-%c2%a7-piskolthy-piskolti","status":"publish","type":"product","link":"https:\/\/uj.adatbank.ro\/lexikon\/termek\/piskolti-gabor-%c2%a7-piskolthy-piskolti\/","title":{"rendered":"PISKOLTI G\u00e1bor, \u00a7 Piskolthy; Piskolti"},"content":{"rendered":"<p>D\u00e9s, 1913. j\u00fan. 22., \u2020 Mv., 1970. okt. 18.: fest\u0151m\u0171v\u00e9sz, rajztan\u00e1r. \u2013 Sz\u00fcl\u0151v\u00e1ros\u00e1ban D\u00e9sen \u00e9retts\u00e9gizett (1930), a m\u0171v\u00e9szeti tanulm\u00e1nyait D\u00e9sen az \u00c1llami fest\u0151iskol\u00e1ban (1928\u201329), Szop\u00f3s S\u00e1ndor ir\u00e1ny\u00edt\u00e1s\u00e1val kezdte. A kv.-i Ion Andreescu K\u00e9pz\u0151m\u0171v.-i F\u0151iskola (1930\u201331), a buk.-i (1931\u201335) k\u00e9pz\u0151m\u0171v. akad.-n t\u00f6bbek k\u00f6z\u00f6tt Mohy S\u00e1ndor, Camil Ressu n\u00f6vend\u00e9kek\u00e9nt tanult. D\u00e9sen kezdte p\u00e1ly\u00e1j\u00e1t \u00e9s \u00e1ll\u00edtott ki (1934). Mv.&#8211;en rajztan\u00e1r a Ref. Koll.-ban, ill. a Ranghe\u0163 Fi\u00fal\u00edc-ban (1935\u201352). A II. vh.-ban a frontra ker\u00fclt, majd hadifogoly volt Kiev, a Don \u00e9s v\u00e9g\u00fcl Moszkva mellett, hazat\u00e9rte (1948) ut\u00e1n folytatta tan\u00e1ri p\u00e1ly\u00e1j\u00e1t a koll.-ban. A Mv.-i Zene- \u00e9s K\u00e9pz\u0151m\u0171v.-i K\u00f6z\u00e9piskol\u00e1ban (1951\u2013), egyidej\u0171leg a mv.-i Sz\u00e9pm\u0171v. M\u00faz. f\u0151m\u00fazeol\u00f3gusa is volt (1951\u201357), majd a 4. sz. k\u00f6z\u00e9piskol\u00e1ban is tan\u00edtott (1958 k.) \u00e9s a Bolyai l\u00edc.-ban folytatta nevel\u0151 munk\u00e1j\u00e1t hal\u00e1l\u00e1ig. Rendszeresen r\u00e9szt vett a megyei \u00e9s tartom\u00e1nyi t\u00e1rlatokon Mv.-en. Olasz- \u00e9s Franciao.-ban, valamint a Szovjetuni\u00f3ban j\u00e1rt tanulm\u00e1ny\u00faton. Eleinte a nagyb\u00e1nyaiak szellem\u00e9ben festett, k\u00e9s\u0151bb kubista \u00e9s expresszionista hat\u00e1sok \u00e9rt\u00e9k. M\u00fcveinek java r\u00e9sze f\u00edgurat\u00edv kompoz\u00edci\u00f3, de kedvelte a t\u00e1jk\u00e9p \u00e9s a csend\u00e9let m\u0171faj\u00e1t is. A hal\u00e1lra t\u00e1ncoltatott l\u00e1ny ballad\u00e1j\u00e1t \u00e1br\u00e1zolja a sepsiszentgy\u00f6rgyi M. Sz\u00ednh\u00e1z el\u0151csarnok\u00e1nak \u00e1ltala k\u00e9sz\u00edtett fresk\u00f3ja. T\u00f6bb m\u0171ve a mv.-i k\u00e9pt\u00e1r tulajdon\u00e1ban van.- <strong>F. ki\u00e1ll.:<\/strong> egy\u00e9ni: D\u00e9s (1934); Mv. (1936); eml\u00e9kki\u00e1ll. sz\u00fclet\u00e9s\u00e9nek 70. \u00e9vfordul\u00f3j\u00e1n (Mv., 1983. j\u00fal. 30.); csoportos: Mv. (1935, 1941, 1951, 1954\u201357, 1959, 1961\u201367, 1968); Kv. (1939, 1943, 1948); Bp. (1938, 1943); Buk. (1954, 1970). <br \/><strong>Irod.:<\/strong> 100 \u00e9v; Arck\u00e9pcsarnok (Igaz Sz\u00f3, 1972. 11. sz.); artportal; Banner; Barab\u00e1s Istv\u00e1n: P. G. fest\u0151m\u0171v\u00e9szere eml\u00e9kezve (V. Z., 1983. aug. 6.); Bordi Andr\u00e1s: P. G. (V. Z., 1970. nov. 29.); Csekme; Er\u0151s v\u00e1runk; Id\u0151t\u00e1r 3; Katona Szab\u00f3 Istv\u00e1n: Az \u00daj \u00c9let lexikona, 123. (\u00daj \u00c9let, 16. sz., 1975); Keresztes Gyula: P. G. eml\u00e9kki\u00e1ll\u00edt\u00e1sa (V. Z., 1983. j\u00fal. 31.); Kiss P\u00e1l; M. Kiss P\u00e1l: lm mem\u00f3ri\u00e1m P. G. (M\u0171v\u00e9szet, 1971); Madaras; Marosi P\u00e9ter: K\u00e9t hadifogs\u00e1gb\u00f3l hazat\u00e9rt tan\u00e1r&#8230; (Szabad Sz\u00f3, 1948. j\u00fan. 7.); M[\u00e9sz\u00e1ros]. J.[\u00f3zsef]: P. G. (V.Z., 1958. \u00e1pr. 20.); Moln\u00e1r; Mv. t\u00f6rt. 2.; P. G. [Nekrol\u00f3g] (V. Z., 1970. okt. 20.); Simon Endre: Piskolti G\u00e1bor (\u00daj \u00c9let, 21. sz. 1987) Sk\u00f3la; Szab\u00f3-K\u00e1llai; Todea 2013; \u00daM\u00c9L<\/br><\/p>\n","protected":false},"excerpt":{"rendered":"<p>D\u00e9s, 1913. j\u00fan. 22., \u2020 Mv., 1970. okt. 18.: fest\u0151m\u0171v\u00e9sz, rajztan\u00e1r. \u2013 Sz\u00fcl\u0151v\u00e1ros\u00e1ban D\u00e9sen \u00e9retts\u00e9gizett (1930), a m\u0171v\u00e9szeti tanulm\u00e1nyait D\u00e9sen az \u00c1llami fest\u0151iskol\u00e1ban (1928\u201329), Szop\u00f3s S\u00e1ndor ir\u00e1ny\u00edt\u00e1s\u00e1val kezdte. A kv.-i Ion Andreescu K\u00e9pz\u0151m\u0171v.-i F\u0151iskola (1930\u201331), a buk.-i (1931\u201335) k\u00e9pz\u0151m\u0171v. akad.-n t\u00f6bbek k\u00f6z\u00f6tt Mohy S\u00e1ndor, Camil Ressu n\u00f6vend\u00e9kek\u00e9nt tanult. D\u00e9sen kezdte p\u00e1ly\u00e1j\u00e1t \u00e9s \u00e1ll\u00edtott ki (1934). [&hellip;]<\/p>\n","protected":false},"featured_media":0,"comment_status":"open","ping_status":"closed","template":"","meta":[],"product_brand":[],"product_cat":[137],"product_tag":[],"class_list":{"0":"post-18297","1":"product","2":"type-product","3":"status-publish","5":"product_cat-maros-megyei-eletrajzi-lexikon","7":"first","8":"instock","9":"shipping-taxable","10":"product-type-simple"},"_links":{"self":[{"href":"https:\/\/uj.adatbank.ro\/lexikon\/wp-json\/wp\/v2\/product\/18297","targetHints":{"allow":["GET"]}}],"collection":[{"href":"https:\/\/uj.adatbank.ro\/lexikon\/wp-json\/wp\/v2\/product"}],"about":[{"href":"https:\/\/uj.adatbank.ro\/lexikon\/wp-json\/wp\/v2\/types\/product"}],"replies":[{"embeddable":true,"href":"https:\/\/uj.adatbank.ro\/lexikon\/wp-json\/wp\/v2\/comments?post=18297"}],"wp:attachment":[{"href":"https:\/\/uj.adatbank.ro\/lexikon\/wp-json\/wp\/v2\/media?parent=18297"}],"wp:term":[{"taxonomy":"product_brand","embeddable":true,"href":"https:\/\/uj.adatbank.ro\/lexikon\/wp-json\/wp\/v2\/product_brand?post=18297"},{"taxonomy":"product_cat","embeddable":true,"href":"https:\/\/uj.adatbank.ro\/lexikon\/wp-json\/wp\/v2\/product_cat?post=18297"},{"taxonomy":"product_tag","embeddable":true,"href":"https:\/\/uj.adatbank.ro\/lexikon\/wp-json\/wp\/v2\/product_tag?post=18297"}],"curies":[{"name":"wp","href":"https:\/\/api.w.org\/{rel}","templated":true}]}}