{"id":18298,"date":"2025-07-16T10:46:39","date_gmt":"2025-07-16T08:46:39","guid":{"rendered":"https:\/\/uj.adatbank.ro\/lexikon\/termek\/pisky-gyorgy\/"},"modified":"2025-07-16T10:46:39","modified_gmt":"2025-07-16T08:46:39","slug":"pisky-gyorgy","status":"publish","type":"product","link":"https:\/\/uj.adatbank.ro\/lexikon\/termek\/pisky-gyorgy\/","title":{"rendered":"PISKY Gy\u00f6rgy"},"content":{"rendered":"<p>? \u2020\u00a0?: g\u00f6rg\u00e9nyi porkol\u00e1b, marossz\u00e9ki alisp\u00e1n. \u2013 Feles\u00e9ge: Dorottya. \u2013 Losinczi L\u00e1szl\u00f3 erd\u00e9lyi vajda \u00e9s sz\u00e9kely isp\u00e1n meghagyta hogy V\u00e1s\u00e1rhely \u00e9s Szereda v\u00e1rosokat kiv\u00e1lts\u00e1gaikban \u00e9s szabadalmaikban tarts\u00e1k meg. \u00d6zvegye misealap\u00edtv\u00e1ny c\u00e9ljaira a p\u00e1losok kolostor\u00e1nak aj\u00e1nd\u00e9kozta Unoka falut (1529). <br \/><strong>Irod.:<\/strong> Ny\u00e1r\u00e1dszereda: Kiskalauz; Sz\u00e9kelyf\u00f6ld t\u00f6rt.1.<\/br><\/p>\n","protected":false},"excerpt":{"rendered":"<p>? \u2020\u00a0?: g\u00f6rg\u00e9nyi porkol\u00e1b, marossz\u00e9ki alisp\u00e1n. \u2013 Feles\u00e9ge: Dorottya. \u2013 Losinczi L\u00e1szl\u00f3 erd\u00e9lyi vajda \u00e9s sz\u00e9kely isp\u00e1n meghagyta hogy V\u00e1s\u00e1rhely \u00e9s Szereda v\u00e1rosokat kiv\u00e1lts\u00e1gaikban \u00e9s szabadalmaikban tarts\u00e1k meg. \u00d6zvegye misealap\u00edtv\u00e1ny c\u00e9ljaira a p\u00e1losok kolostor\u00e1nak aj\u00e1nd\u00e9kozta Unoka falut (1529). Irod.: Ny\u00e1r\u00e1dszereda: Kiskalauz; Sz\u00e9kelyf\u00f6ld t\u00f6rt.1.<\/p>\n","protected":false},"featured_media":0,"comment_status":"open","ping_status":"closed","template":"","meta":[],"product_brand":[],"product_cat":[137],"product_tag":[],"class_list":{"0":"post-18298","1":"product","2":"type-product","3":"status-publish","5":"product_cat-maros-megyei-eletrajzi-lexikon","7":"first","8":"instock","9":"shipping-taxable","10":"product-type-simple"},"_links":{"self":[{"href":"https:\/\/uj.adatbank.ro\/lexikon\/wp-json\/wp\/v2\/product\/18298","targetHints":{"allow":["GET"]}}],"collection":[{"href":"https:\/\/uj.adatbank.ro\/lexikon\/wp-json\/wp\/v2\/product"}],"about":[{"href":"https:\/\/uj.adatbank.ro\/lexikon\/wp-json\/wp\/v2\/types\/product"}],"replies":[{"embeddable":true,"href":"https:\/\/uj.adatbank.ro\/lexikon\/wp-json\/wp\/v2\/comments?post=18298"}],"wp:attachment":[{"href":"https:\/\/uj.adatbank.ro\/lexikon\/wp-json\/wp\/v2\/media?parent=18298"}],"wp:term":[{"taxonomy":"product_brand","embeddable":true,"href":"https:\/\/uj.adatbank.ro\/lexikon\/wp-json\/wp\/v2\/product_brand?post=18298"},{"taxonomy":"product_cat","embeddable":true,"href":"https:\/\/uj.adatbank.ro\/lexikon\/wp-json\/wp\/v2\/product_cat?post=18298"},{"taxonomy":"product_tag","embeddable":true,"href":"https:\/\/uj.adatbank.ro\/lexikon\/wp-json\/wp\/v2\/product_tag?post=18298"}],"curies":[{"name":"wp","href":"https:\/\/api.w.org\/{rel}","templated":true}]}}