{"id":18299,"date":"2025-07-16T10:46:43","date_gmt":"2025-07-16T08:46:43","guid":{"rendered":"https:\/\/uj.adatbank.ro\/lexikon\/termek\/pislaru-vasile-%c2%a7\/"},"modified":"2025-07-16T10:46:43","modified_gmt":"2025-07-16T08:46:43","slug":"pislaru-vasile-%c2%a7","status":"publish","type":"product","link":"https:\/\/uj.adatbank.ro\/lexikon\/termek\/pislaru-vasile-%c2%a7\/","title":{"rendered":"P\u00ceSLARU, Vasile, \u00a7"},"content":{"rendered":"<p>R\u0103d\u0103u\u0163i (Suceava), 1951. jan. 30., \u2020\u00a0?:\u00a0fotbalista. \u2013 <br \/><strong>Irod.:<\/strong> Szucher<\/br><\/p>\n","protected":false},"excerpt":{"rendered":"<p>R\u0103d\u0103u\u0163i (Suceava), 1951. jan. 30., \u2020\u00a0?:\u00a0fotbalista. \u2013 Irod.: Szucher<\/p>\n","protected":false},"featured_media":0,"comment_status":"open","ping_status":"closed","template":"","meta":[],"product_brand":[],"product_cat":[137],"product_tag":[],"class_list":{"0":"post-18299","1":"product","2":"type-product","3":"status-publish","5":"product_cat-maros-megyei-eletrajzi-lexikon","7":"first","8":"instock","9":"shipping-taxable","10":"product-type-simple"},"_links":{"self":[{"href":"https:\/\/uj.adatbank.ro\/lexikon\/wp-json\/wp\/v2\/product\/18299","targetHints":{"allow":["GET"]}}],"collection":[{"href":"https:\/\/uj.adatbank.ro\/lexikon\/wp-json\/wp\/v2\/product"}],"about":[{"href":"https:\/\/uj.adatbank.ro\/lexikon\/wp-json\/wp\/v2\/types\/product"}],"replies":[{"embeddable":true,"href":"https:\/\/uj.adatbank.ro\/lexikon\/wp-json\/wp\/v2\/comments?post=18299"}],"wp:attachment":[{"href":"https:\/\/uj.adatbank.ro\/lexikon\/wp-json\/wp\/v2\/media?parent=18299"}],"wp:term":[{"taxonomy":"product_brand","embeddable":true,"href":"https:\/\/uj.adatbank.ro\/lexikon\/wp-json\/wp\/v2\/product_brand?post=18299"},{"taxonomy":"product_cat","embeddable":true,"href":"https:\/\/uj.adatbank.ro\/lexikon\/wp-json\/wp\/v2\/product_cat?post=18299"},{"taxonomy":"product_tag","embeddable":true,"href":"https:\/\/uj.adatbank.ro\/lexikon\/wp-json\/wp\/v2\/product_tag?post=18299"}],"curies":[{"name":"wp","href":"https:\/\/api.w.org\/{rel}","templated":true}]}}