{"id":1830,"date":"2025-06-28T11:54:35","date_gmt":"2025-06-28T09:54:35","guid":{"rendered":"https:\/\/uj.adatbank.ro\/lexikon\/termek\/badea-marin\/"},"modified":"2025-06-28T11:54:35","modified_gmt":"2025-06-28T09:54:35","slug":"badea-marin","status":"publish","type":"product","link":"https:\/\/uj.adatbank.ro\/lexikon\/termek\/badea-marin\/","title":{"rendered":"BADEA Marin"},"content":{"rendered":"<p>? \u2020\u00a0? : ort. pap. \u2013 Dics\u0151szentm\u00e1rtonban (1984\u201397). Szolgt\u00e1lata ideje alatt kezdt\u00e9k \u00e9p\u00edteni az \u00faj ort. templomot, mivel a meglev\u0151 a g. kat.-ok tulajdona volt, \u00e9s vissza kellett adni nekik (1992\u2013). <br \/><strong>Irod.:<\/strong> T\u00e2rn\u0103veni, cult.- ist.<\/br><\/p>\n","protected":false},"excerpt":{"rendered":"<p>? \u2020\u00a0? : ort. pap. \u2013 Dics\u0151szentm\u00e1rtonban (1984\u201397). Szolgt\u00e1lata ideje alatt kezdt\u00e9k \u00e9p\u00edteni az \u00faj ort. templomot, mivel a meglev\u0151 a g. kat.-ok tulajdona volt, \u00e9s vissza kellett adni nekik (1992\u2013). Irod.: T\u00e2rn\u0103veni, cult.- ist.<\/p>\n","protected":false},"featured_media":0,"comment_status":"open","ping_status":"closed","template":"","meta":[],"product_brand":[],"product_cat":[137],"product_tag":[],"class_list":{"0":"post-1830","1":"product","2":"type-product","3":"status-publish","5":"product_cat-maros-megyei-eletrajzi-lexikon","7":"first","8":"instock","9":"shipping-taxable","10":"product-type-simple"},"_links":{"self":[{"href":"https:\/\/uj.adatbank.ro\/lexikon\/wp-json\/wp\/v2\/product\/1830","targetHints":{"allow":["GET"]}}],"collection":[{"href":"https:\/\/uj.adatbank.ro\/lexikon\/wp-json\/wp\/v2\/product"}],"about":[{"href":"https:\/\/uj.adatbank.ro\/lexikon\/wp-json\/wp\/v2\/types\/product"}],"replies":[{"embeddable":true,"href":"https:\/\/uj.adatbank.ro\/lexikon\/wp-json\/wp\/v2\/comments?post=1830"}],"wp:attachment":[{"href":"https:\/\/uj.adatbank.ro\/lexikon\/wp-json\/wp\/v2\/media?parent=1830"}],"wp:term":[{"taxonomy":"product_brand","embeddable":true,"href":"https:\/\/uj.adatbank.ro\/lexikon\/wp-json\/wp\/v2\/product_brand?post=1830"},{"taxonomy":"product_cat","embeddable":true,"href":"https:\/\/uj.adatbank.ro\/lexikon\/wp-json\/wp\/v2\/product_cat?post=1830"},{"taxonomy":"product_tag","embeddable":true,"href":"https:\/\/uj.adatbank.ro\/lexikon\/wp-json\/wp\/v2\/product_tag?post=1830"}],"curies":[{"name":"wp","href":"https:\/\/api.w.org\/{rel}","templated":true}]}}