{"id":18300,"date":"2025-07-16T10:46:46","date_gmt":"2025-07-16T08:46:46","guid":{"rendered":"https:\/\/uj.adatbank.ro\/lexikon\/termek\/pislaru-vasile-cucu\/"},"modified":"2025-07-16T10:46:46","modified_gmt":"2025-07-16T08:46:46","slug":"pislaru-vasile-cucu","status":"publish","type":"product","link":"https:\/\/uj.adatbank.ro\/lexikon\/termek\/pislaru-vasile-cucu\/","title":{"rendered":"P\u00ceSLARU, Vasile; Cucu"},"content":{"rendered":"<p>R\u0103d\u0103u\u0163i (Suceava), 1951., jan. 30. \u2020\u00a0?\u00a0: labdar\u00fag\u00f3. \u2013 K\u00f6z\u00e9piskol\u00e1t \u00e9s k\u00e9t\u00e9ves katonai iskol\u00e1t v\u00e9gzett. Buk.-ben a katona csapatn\u00e1l a Steaun\u00e1lkezdte az ifj\u00fas\u00e1gi csapatban. A mv.-i ASA hoz ker\u00fclt (1972) a Progresult\u00f3l. H\u00e1rom \u00e9s f\u00e9l alatt 99 szer j\u00e1zstott az ASA sz\u00edneiben ez alatt 30 g\u00f3lt l\u0151tt, A dics\u0151szentm\u00e1rtoni Chimic\u00e1noz t\u00e1vozott (1981), azut\u00e1n Botosaniban majd Sz\u00e1szr\u00e9genben j\u00e1tszott majd p\u00e1lyafut\u00e1s\u00e1t a Metalotechnic\u00e1n\u00e1l fejezte be. Betegnyugd\u00edjask\u00e9nt Mez\u0151bergeny\u00e9ben \u00e9lt. <br \/><strong>Irod.:<\/strong> Sucher<\/br><\/p>\n","protected":false},"excerpt":{"rendered":"<p>R\u0103d\u0103u\u0163i (Suceava), 1951., jan. 30. \u2020\u00a0?\u00a0: labdar\u00fag\u00f3. \u2013 K\u00f6z\u00e9piskol\u00e1t \u00e9s k\u00e9t\u00e9ves katonai iskol\u00e1t v\u00e9gzett. Buk.-ben a katona csapatn\u00e1l a Steaun\u00e1lkezdte az ifj\u00fas\u00e1gi csapatban. A mv.-i ASA hoz ker\u00fclt (1972) a Progresult\u00f3l. H\u00e1rom \u00e9s f\u00e9l alatt 99 szer j\u00e1zstott az ASA sz\u00edneiben ez alatt 30 g\u00f3lt l\u0151tt, A dics\u0151szentm\u00e1rtoni Chimic\u00e1noz t\u00e1vozott (1981), azut\u00e1n Botosaniban majd Sz\u00e1szr\u00e9genben [&hellip;]<\/p>\n","protected":false},"featured_media":0,"comment_status":"open","ping_status":"closed","template":"","meta":[],"product_brand":[],"product_cat":[137],"product_tag":[],"class_list":{"0":"post-18300","1":"product","2":"type-product","3":"status-publish","5":"product_cat-maros-megyei-eletrajzi-lexikon","7":"first","8":"instock","9":"shipping-taxable","10":"product-type-simple"},"_links":{"self":[{"href":"https:\/\/uj.adatbank.ro\/lexikon\/wp-json\/wp\/v2\/product\/18300","targetHints":{"allow":["GET"]}}],"collection":[{"href":"https:\/\/uj.adatbank.ro\/lexikon\/wp-json\/wp\/v2\/product"}],"about":[{"href":"https:\/\/uj.adatbank.ro\/lexikon\/wp-json\/wp\/v2\/types\/product"}],"replies":[{"embeddable":true,"href":"https:\/\/uj.adatbank.ro\/lexikon\/wp-json\/wp\/v2\/comments?post=18300"}],"wp:attachment":[{"href":"https:\/\/uj.adatbank.ro\/lexikon\/wp-json\/wp\/v2\/media?parent=18300"}],"wp:term":[{"taxonomy":"product_brand","embeddable":true,"href":"https:\/\/uj.adatbank.ro\/lexikon\/wp-json\/wp\/v2\/product_brand?post=18300"},{"taxonomy":"product_cat","embeddable":true,"href":"https:\/\/uj.adatbank.ro\/lexikon\/wp-json\/wp\/v2\/product_cat?post=18300"},{"taxonomy":"product_tag","embeddable":true,"href":"https:\/\/uj.adatbank.ro\/lexikon\/wp-json\/wp\/v2\/product_tag?post=18300"}],"curies":[{"name":"wp","href":"https:\/\/api.w.org\/{rel}","templated":true}]}}