{"id":18301,"date":"2025-07-16T10:46:48","date_gmt":"2025-07-16T08:46:48","guid":{"rendered":"https:\/\/uj.adatbank.ro\/lexikon\/termek\/piso-lucia\/"},"modified":"2025-07-16T10:46:48","modified_gmt":"2025-07-16T08:46:48","slug":"piso-lucia","status":"publish","type":"product","link":"https:\/\/uj.adatbank.ro\/lexikon\/termek\/piso-lucia\/","title":{"rendered":"PISO Lucia"},"content":{"rendered":"<p>Nagynyulas (Beszterce) \/ Kisnyulas (Maros), 1914. \u00e1pr. 10., \u2020 Kv., 1972. febr. 3.: fest\u0151. \u2013 Portr\u00e9fest\u0151 volt. \u2013 Ki\u00e1ll\u00edt\u00e1sai\u00a0: Els\u0151 egy\u00e9ni ki\u00e1ll\u00edt\u00e1sa Temesv\u00e1ron volt (1934); Kv. (1959, 64, 67; Buk. (1963, 69)<\/br><\/p>\n","protected":false},"excerpt":{"rendered":"<p>Nagynyulas (Beszterce) \/ Kisnyulas (Maros), 1914. \u00e1pr. 10., \u2020 Kv., 1972. febr. 3.: fest\u0151. \u2013 Portr\u00e9fest\u0151 volt. \u2013 Ki\u00e1ll\u00edt\u00e1sai\u00a0: Els\u0151 egy\u00e9ni ki\u00e1ll\u00edt\u00e1sa Temesv\u00e1ron volt (1934); Kv. (1959, 64, 67; Buk. (1963, 69)<\/p>\n","protected":false},"featured_media":0,"comment_status":"open","ping_status":"closed","template":"","meta":[],"product_brand":[],"product_cat":[137],"product_tag":[],"class_list":{"0":"post-18301","1":"product","2":"type-product","3":"status-publish","5":"product_cat-maros-megyei-eletrajzi-lexikon","7":"first","8":"instock","9":"shipping-taxable","10":"product-type-simple"},"_links":{"self":[{"href":"https:\/\/uj.adatbank.ro\/lexikon\/wp-json\/wp\/v2\/product\/18301","targetHints":{"allow":["GET"]}}],"collection":[{"href":"https:\/\/uj.adatbank.ro\/lexikon\/wp-json\/wp\/v2\/product"}],"about":[{"href":"https:\/\/uj.adatbank.ro\/lexikon\/wp-json\/wp\/v2\/types\/product"}],"replies":[{"embeddable":true,"href":"https:\/\/uj.adatbank.ro\/lexikon\/wp-json\/wp\/v2\/comments?post=18301"}],"wp:attachment":[{"href":"https:\/\/uj.adatbank.ro\/lexikon\/wp-json\/wp\/v2\/media?parent=18301"}],"wp:term":[{"taxonomy":"product_brand","embeddable":true,"href":"https:\/\/uj.adatbank.ro\/lexikon\/wp-json\/wp\/v2\/product_brand?post=18301"},{"taxonomy":"product_cat","embeddable":true,"href":"https:\/\/uj.adatbank.ro\/lexikon\/wp-json\/wp\/v2\/product_cat?post=18301"},{"taxonomy":"product_tag","embeddable":true,"href":"https:\/\/uj.adatbank.ro\/lexikon\/wp-json\/wp\/v2\/product_tag?post=18301"}],"curies":[{"name":"wp","href":"https:\/\/api.w.org\/{rel}","templated":true}]}}