{"id":18302,"date":"2025-07-16T10:46:50","date_gmt":"2025-07-16T08:46:50","guid":{"rendered":"https:\/\/uj.adatbank.ro\/lexikon\/termek\/pitea-eugen-%c2%a7\/"},"modified":"2025-07-16T10:46:50","modified_gmt":"2025-07-16T08:46:50","slug":"pitea-eugen-%c2%a7","status":"publish","type":"product","link":"https:\/\/uj.adatbank.ro\/lexikon\/termek\/pitea-eugen-%c2%a7\/","title":{"rendered":"PITEA, Eugen, \u00a7"},"content":{"rendered":"<p>Mez\u0151\u00fajfalu, 1913. mart. 8. \u2020\u00a0Mv., 1989. j\u00fan.: tan\u00edt\u00f3, igazgat\u00f3. \u2013 Apja P. Teodor tan\u00edt\u00f3. Sz\u00fcl\u0151faluj\u00e1ban \u00e9s Mv.-en v\u00e9gezte az elemi iskol\u00e1t, majd az Al. Papiu-L\u00edc.-ban tanult, tan\u00edt\u00f3k\u00e9pz\u0151t Szatm\u00e1ron, majd Nagyk\u00e1rolyban v\u00e9gezte. Harasztker\u00e9ken kezdett tan\u00edtani, egy \u00e9vre Baszar\u00e1bi\u00e1ba, feles\u00e9g\u00e9t k\u00f6vette. Visszat\u00e9rve tan\u00edtott Ol\u00e1hdell\u0151n, Mez\u0151\u00fajfaluban (1950-ig), amikor kul\u00e1knak nyilv\u00e1n\u00edtva elbocs\u00e1jtott\u00e1k, \u0151t \u00e9s az apj\u00e1t is. Mez\u0151kapuson tan\u00edthatott \u00fajra, miut\u00e1n a f\u00f6ldjeiket felaj\u00e1nlott\u00e1k az \u00e1llamnak (1952\u201357), Mez\u0151b\u00e1ndra helyezt\u00e9k nyugd\u00edjaz\u00e1s\u00e1ig (1957\u201373). <br \/><strong>Irod.:<\/strong> Dasc\u0103li mure\u015feni, 3.; Omagiu<\/br><\/p>\n","protected":false},"excerpt":{"rendered":"<p>Mez\u0151\u00fajfalu, 1913. mart. 8. \u2020\u00a0Mv., 1989. j\u00fan.: tan\u00edt\u00f3, igazgat\u00f3. \u2013 Apja P. Teodor tan\u00edt\u00f3. Sz\u00fcl\u0151faluj\u00e1ban \u00e9s Mv.-en v\u00e9gezte az elemi iskol\u00e1t, majd az Al. Papiu-L\u00edc.-ban tanult, tan\u00edt\u00f3k\u00e9pz\u0151t Szatm\u00e1ron, majd Nagyk\u00e1rolyban v\u00e9gezte. Harasztker\u00e9ken kezdett tan\u00edtani, egy \u00e9vre Baszar\u00e1bi\u00e1ba, feles\u00e9g\u00e9t k\u00f6vette. Visszat\u00e9rve tan\u00edtott Ol\u00e1hdell\u0151n, Mez\u0151\u00fajfaluban (1950-ig), amikor kul\u00e1knak nyilv\u00e1n\u00edtva elbocs\u00e1jtott\u00e1k, \u0151t \u00e9s az apj\u00e1t is. Mez\u0151kapuson tan\u00edthatott [&hellip;]<\/p>\n","protected":false},"featured_media":0,"comment_status":"open","ping_status":"closed","template":"","meta":[],"product_brand":[],"product_cat":[137],"product_tag":[],"class_list":{"0":"post-18302","1":"product","2":"type-product","3":"status-publish","5":"product_cat-maros-megyei-eletrajzi-lexikon","7":"first","8":"instock","9":"shipping-taxable","10":"product-type-simple"},"_links":{"self":[{"href":"https:\/\/uj.adatbank.ro\/lexikon\/wp-json\/wp\/v2\/product\/18302","targetHints":{"allow":["GET"]}}],"collection":[{"href":"https:\/\/uj.adatbank.ro\/lexikon\/wp-json\/wp\/v2\/product"}],"about":[{"href":"https:\/\/uj.adatbank.ro\/lexikon\/wp-json\/wp\/v2\/types\/product"}],"replies":[{"embeddable":true,"href":"https:\/\/uj.adatbank.ro\/lexikon\/wp-json\/wp\/v2\/comments?post=18302"}],"wp:attachment":[{"href":"https:\/\/uj.adatbank.ro\/lexikon\/wp-json\/wp\/v2\/media?parent=18302"}],"wp:term":[{"taxonomy":"product_brand","embeddable":true,"href":"https:\/\/uj.adatbank.ro\/lexikon\/wp-json\/wp\/v2\/product_brand?post=18302"},{"taxonomy":"product_cat","embeddable":true,"href":"https:\/\/uj.adatbank.ro\/lexikon\/wp-json\/wp\/v2\/product_cat?post=18302"},{"taxonomy":"product_tag","embeddable":true,"href":"https:\/\/uj.adatbank.ro\/lexikon\/wp-json\/wp\/v2\/product_tag?post=18302"}],"curies":[{"name":"wp","href":"https:\/\/api.w.org\/{rel}","templated":true}]}}