{"id":18303,"date":"2025-07-16T10:46:52","date_gmt":"2025-07-16T08:46:52","guid":{"rendered":"https:\/\/uj.adatbank.ro\/lexikon\/termek\/pitea-pompei-%c2%a7\/"},"modified":"2025-07-16T10:46:52","modified_gmt":"2025-07-16T08:46:52","slug":"pitea-pompei-%c2%a7","status":"publish","type":"product","link":"https:\/\/uj.adatbank.ro\/lexikon\/termek\/pitea-pompei-%c2%a7\/","title":{"rendered":"PITEA, Pompei, \u00a7"},"content":{"rendered":"<p>Mez\u0151\u00fajfalu, 1895., \u2020\u00a0?: sz\u00e1szr\u00e9genben \u00fcgyv\u00e9d. \u2013 Apja tan\u00edt\u00f3 volt. Egyetemet \u00e9s Kereskedelmi akad\u00e9mi\u00e1t Kv.-on v\u00e9gzett. A munk\u00e1s- \u00e9s k\u00f6zeg\u00e9szs\u00e9g\u00fcgyi hivataln\u00e1l szolg\u00e1lati f\u0151n\u00f6k (1920\u201323), majd az aradi eg\u00e9szs\u00e9g\u00fcgyi ker\u00fclet jogi oszt\u00e1ly\u00e1nak vezet\u0151je, ut\u00e1na Sepsiszentgy\u00f6rgy\u00f6n \u00fcgyv\u00e9djel\u00f6lt, majd \u00fcgyv\u00e9d. Sz\u00e1szr\u00e9genben t\u00e1rsult dr. Har\u015fiaval (1926), azut\u00e1n \u00f6n\u00e1lll\u00f3 \u00fcgyv\u00e9di irod\u00e1t nyitott (1927), ugyanakkor v\u00e1rosi \u00fcgy\u00e9sz. R\u00e9szt vett a kv.-i nemzeti g\u00e1rda megszervez\u00e9s\u00e9ben, az els\u0151 vh.-ban t\u00f6bbsz\u00f6r kit\u00fcntett\u00e9k. A Liber\u00e1lis P\u00e1rt tagja, listavezet\u0151 k\u00e9pvisel\u0151jel\u00f6lt volt (1927). A Rom\u00e1n Koronarend tiszti keresuzj\u00e9vel \u00e9s a szolg\u00e1lati \u00e9rdemkereszttel t\u00fcntett\u00e9k ki.-<br \/><strong>Irod.:<\/strong> Ki kicsoda\u00a0?; Netea: Astra<\/br><\/p>\n","protected":false},"excerpt":{"rendered":"<p>Mez\u0151\u00fajfalu, 1895., \u2020\u00a0?: sz\u00e1szr\u00e9genben \u00fcgyv\u00e9d. \u2013 Apja tan\u00edt\u00f3 volt. Egyetemet \u00e9s Kereskedelmi akad\u00e9mi\u00e1t Kv.-on v\u00e9gzett. A munk\u00e1s- \u00e9s k\u00f6zeg\u00e9szs\u00e9g\u00fcgyi hivataln\u00e1l szolg\u00e1lati f\u0151n\u00f6k (1920\u201323), majd az aradi eg\u00e9szs\u00e9g\u00fcgyi ker\u00fclet jogi oszt\u00e1ly\u00e1nak vezet\u0151je, ut\u00e1na Sepsiszentgy\u00f6rgy\u00f6n \u00fcgyv\u00e9djel\u00f6lt, majd \u00fcgyv\u00e9d. Sz\u00e1szr\u00e9genben t\u00e1rsult dr. Har\u015fiaval (1926), azut\u00e1n \u00f6n\u00e1lll\u00f3 \u00fcgyv\u00e9di irod\u00e1t nyitott (1927), ugyanakkor v\u00e1rosi \u00fcgy\u00e9sz. R\u00e9szt vett a kv.-i nemzeti [&hellip;]<\/p>\n","protected":false},"featured_media":0,"comment_status":"open","ping_status":"closed","template":"","meta":[],"product_brand":[],"product_cat":[137],"product_tag":[],"class_list":{"0":"post-18303","1":"product","2":"type-product","3":"status-publish","5":"product_cat-maros-megyei-eletrajzi-lexikon","7":"first","8":"instock","9":"shipping-taxable","10":"product-type-simple"},"_links":{"self":[{"href":"https:\/\/uj.adatbank.ro\/lexikon\/wp-json\/wp\/v2\/product\/18303","targetHints":{"allow":["GET"]}}],"collection":[{"href":"https:\/\/uj.adatbank.ro\/lexikon\/wp-json\/wp\/v2\/product"}],"about":[{"href":"https:\/\/uj.adatbank.ro\/lexikon\/wp-json\/wp\/v2\/types\/product"}],"replies":[{"embeddable":true,"href":"https:\/\/uj.adatbank.ro\/lexikon\/wp-json\/wp\/v2\/comments?post=18303"}],"wp:attachment":[{"href":"https:\/\/uj.adatbank.ro\/lexikon\/wp-json\/wp\/v2\/media?parent=18303"}],"wp:term":[{"taxonomy":"product_brand","embeddable":true,"href":"https:\/\/uj.adatbank.ro\/lexikon\/wp-json\/wp\/v2\/product_brand?post=18303"},{"taxonomy":"product_cat","embeddable":true,"href":"https:\/\/uj.adatbank.ro\/lexikon\/wp-json\/wp\/v2\/product_cat?post=18303"},{"taxonomy":"product_tag","embeddable":true,"href":"https:\/\/uj.adatbank.ro\/lexikon\/wp-json\/wp\/v2\/product_tag?post=18303"}],"curies":[{"name":"wp","href":"https:\/\/api.w.org\/{rel}","templated":true}]}}