{"id":18304,"date":"2025-07-16T10:46:53","date_gmt":"2025-07-16T08:46:53","guid":{"rendered":"https:\/\/uj.adatbank.ro\/lexikon\/termek\/pitea-teodor-%c2%a7\/"},"modified":"2025-07-16T10:46:53","modified_gmt":"2025-07-16T08:46:53","slug":"pitea-teodor-%c2%a7","status":"publish","type":"product","link":"https:\/\/uj.adatbank.ro\/lexikon\/termek\/pitea-teodor-%c2%a7\/","title":{"rendered":"PITEA, Teodor, \u00a7"},"content":{"rendered":"<p>G\u00e1bod , 1867., \u2020\u00a0Mez\u0151\u00fajfalu (Maros), 1953.: tan\u00edt\u00f3. \u2013 A bal\u00e1zsfalvi G\u00f6r.-kat. Pedag\u00f3giai Int\u00e9zetben szerzett tan\u00edt\u00f3i k\u00e9pes\u00edt\u00e9st (1888. j\u00fan. 9.).Kisiklandon (Maros), majd Mez\u0151\u00fajfaluban tan\u00edtott k\u00f6zel 20 \u00e9vet, majd elt\u00e1vol\u00edtott\u00e1k, mert nem ismerte j\u00f3l a m. nyelvet. Az \u00faj \u00e1llami rom\u00e1n iskola tan\u00edt\u00f3ja Marosugr\u00e1n (1919\u2013). Tan\u00edtv\u00e1nya, Ion Vlasiu szobr\u00e1sz, \u00e1ll\u00edtott neki eml\u00e9ket a Drum spre oameni c. k\u00f6nyv\u00e9ben. <br \/><strong>Irod.:<\/strong> Dasc\u0103li mure\u015feni, 3.<\/br><\/p>\n","protected":false},"excerpt":{"rendered":"<p>G\u00e1bod , 1867., \u2020\u00a0Mez\u0151\u00fajfalu (Maros), 1953.: tan\u00edt\u00f3. \u2013 A bal\u00e1zsfalvi G\u00f6r.-kat. Pedag\u00f3giai Int\u00e9zetben szerzett tan\u00edt\u00f3i k\u00e9pes\u00edt\u00e9st (1888. j\u00fan. 9.).Kisiklandon (Maros), majd Mez\u0151\u00fajfaluban tan\u00edtott k\u00f6zel 20 \u00e9vet, majd elt\u00e1vol\u00edtott\u00e1k, mert nem ismerte j\u00f3l a m. nyelvet. Az \u00faj \u00e1llami rom\u00e1n iskola tan\u00edt\u00f3ja Marosugr\u00e1n (1919\u2013). Tan\u00edtv\u00e1nya, Ion Vlasiu szobr\u00e1sz, \u00e1ll\u00edtott neki eml\u00e9ket a Drum spre oameni c. [&hellip;]<\/p>\n","protected":false},"featured_media":0,"comment_status":"open","ping_status":"closed","template":"","meta":[],"product_brand":[],"product_cat":[137],"product_tag":[],"class_list":{"0":"post-18304","1":"product","2":"type-product","3":"status-publish","5":"product_cat-maros-megyei-eletrajzi-lexikon","7":"first","8":"instock","9":"shipping-taxable","10":"product-type-simple"},"_links":{"self":[{"href":"https:\/\/uj.adatbank.ro\/lexikon\/wp-json\/wp\/v2\/product\/18304","targetHints":{"allow":["GET"]}}],"collection":[{"href":"https:\/\/uj.adatbank.ro\/lexikon\/wp-json\/wp\/v2\/product"}],"about":[{"href":"https:\/\/uj.adatbank.ro\/lexikon\/wp-json\/wp\/v2\/types\/product"}],"replies":[{"embeddable":true,"href":"https:\/\/uj.adatbank.ro\/lexikon\/wp-json\/wp\/v2\/comments?post=18304"}],"wp:attachment":[{"href":"https:\/\/uj.adatbank.ro\/lexikon\/wp-json\/wp\/v2\/media?parent=18304"}],"wp:term":[{"taxonomy":"product_brand","embeddable":true,"href":"https:\/\/uj.adatbank.ro\/lexikon\/wp-json\/wp\/v2\/product_brand?post=18304"},{"taxonomy":"product_cat","embeddable":true,"href":"https:\/\/uj.adatbank.ro\/lexikon\/wp-json\/wp\/v2\/product_cat?post=18304"},{"taxonomy":"product_tag","embeddable":true,"href":"https:\/\/uj.adatbank.ro\/lexikon\/wp-json\/wp\/v2\/product_tag?post=18304"}],"curies":[{"name":"wp","href":"https:\/\/api.w.org\/{rel}","templated":true}]}}