{"id":18305,"date":"2025-07-16T10:46:55","date_gmt":"2025-07-16T08:46:55","guid":{"rendered":"https:\/\/uj.adatbank.ro\/lexikon\/termek\/pitigoi-vasile\/"},"modified":"2025-07-16T10:46:55","modified_gmt":"2025-07-16T08:46:55","slug":"pitigoi-vasile","status":"publish","type":"product","link":"https:\/\/uj.adatbank.ro\/lexikon\/termek\/pitigoi-vasile\/","title":{"rendered":"PI\u0162IGOI, Vasile"},"content":{"rendered":"<p>C\u00e2nde\u015fti (D\u00e2mbovi\u0163a), 1915. dec. 27., \u2020 Szentgerice (Maros), 1944. szept. 21.: hadnagy. \u2013 R\u00e9szt vett D\u00e9va v\u00e1ros \u00e9s k\u00f6rny\u00e9ke felszabad\u00edt\u00e1s\u00e1ban, majd a Mv. k\u00f6r\u00fcli harcokban a Waczman-erd\u0151t visszah\u00f3d\u00edtotta, sebes\u00fclten is folytatta a harcot, de a v\u00e1ros felszabad\u00edt\u00e1s\u00e1\u00e9rt vivott harcban elesett. Bajt\u00e1rsai folytatt\u00e1k a harcot \u00e9s Alexandru Tescasiu alhadnagy kit\u0171zte a megyeh\u00e1za torny\u00e1ra a rom\u00e1n z\u00e1szl\u00f3t (1944. szept. 28. d\u00e9li 1. \u00f3.). Post mortem kapta meg a Rom\u00e1n Korona \u00c9rdemrend V. oszt. \u00e9s a kapit\u00e1nyi rangot. <br \/><strong>Irod.:<\/strong> MMK; Vasile T. Suciu: Akci\u00f3ban az alhadnagy (V. Z., 1989. j\u00fal. 30.)<\/br><\/p>\n","protected":false},"excerpt":{"rendered":"<p>C\u00e2nde\u015fti (D\u00e2mbovi\u0163a), 1915. dec. 27., \u2020 Szentgerice (Maros), 1944. szept. 21.: hadnagy. \u2013 R\u00e9szt vett D\u00e9va v\u00e1ros \u00e9s k\u00f6rny\u00e9ke felszabad\u00edt\u00e1s\u00e1ban, majd a Mv. k\u00f6r\u00fcli harcokban a Waczman-erd\u0151t visszah\u00f3d\u00edtotta, sebes\u00fclten is folytatta a harcot, de a v\u00e1ros felszabad\u00edt\u00e1s\u00e1\u00e9rt vivott harcban elesett. Bajt\u00e1rsai folytatt\u00e1k a harcot \u00e9s Alexandru Tescasiu alhadnagy kit\u0171zte a megyeh\u00e1za torny\u00e1ra a rom\u00e1n z\u00e1szl\u00f3t [&hellip;]<\/p>\n","protected":false},"featured_media":0,"comment_status":"open","ping_status":"closed","template":"","meta":[],"product_brand":[],"product_cat":[137],"product_tag":[],"class_list":{"0":"post-18305","1":"product","2":"type-product","3":"status-publish","5":"product_cat-maros-megyei-eletrajzi-lexikon","7":"first","8":"instock","9":"shipping-taxable","10":"product-type-simple"},"_links":{"self":[{"href":"https:\/\/uj.adatbank.ro\/lexikon\/wp-json\/wp\/v2\/product\/18305","targetHints":{"allow":["GET"]}}],"collection":[{"href":"https:\/\/uj.adatbank.ro\/lexikon\/wp-json\/wp\/v2\/product"}],"about":[{"href":"https:\/\/uj.adatbank.ro\/lexikon\/wp-json\/wp\/v2\/types\/product"}],"replies":[{"embeddable":true,"href":"https:\/\/uj.adatbank.ro\/lexikon\/wp-json\/wp\/v2\/comments?post=18305"}],"wp:attachment":[{"href":"https:\/\/uj.adatbank.ro\/lexikon\/wp-json\/wp\/v2\/media?parent=18305"}],"wp:term":[{"taxonomy":"product_brand","embeddable":true,"href":"https:\/\/uj.adatbank.ro\/lexikon\/wp-json\/wp\/v2\/product_brand?post=18305"},{"taxonomy":"product_cat","embeddable":true,"href":"https:\/\/uj.adatbank.ro\/lexikon\/wp-json\/wp\/v2\/product_cat?post=18305"},{"taxonomy":"product_tag","embeddable":true,"href":"https:\/\/uj.adatbank.ro\/lexikon\/wp-json\/wp\/v2\/product_tag?post=18305"}],"curies":[{"name":"wp","href":"https:\/\/api.w.org\/{rel}","templated":true}]}}