{"id":18306,"date":"2025-07-16T10:46:56","date_gmt":"2025-07-16T08:46:56","guid":{"rendered":"https:\/\/uj.adatbank.ro\/lexikon\/termek\/pittlich-gyula\/"},"modified":"2025-07-16T10:46:56","modified_gmt":"2025-07-16T08:46:56","slug":"pittlich-gyula","status":"publish","type":"product","link":"https:\/\/uj.adatbank.ro\/lexikon\/termek\/pittlich-gyula\/","title":{"rendered":"PITTLICH Gyula"},"content":{"rendered":"<p>Sz\u00e1szr\u00e9gen, 1892. j\u00fal. 10, \u2020\u00a0Sz\u00e1szr\u00e9gen, ?: f\u00f6ldbirtokos, gazd\u00e1lkod\u00f3. \u2013 \u00c9retts\u00e9gizett, f\u00f6ldm\u0171vel\u00e9ssel foglalkozott, seg\u00e9dmunk\u00e1sokat alkalmazott. A rendszerv\u00e1lt\u00e1s el\u0151tt a m. hadseregben hadnagyk\u00e9nt szolg\u00e1lt (1940\u201344), majd egy sz\u00e9kely hat\u00e1r\u0151ralakulat parancsnoka volt. Kv.-on k\u00e9melh\u00e1r\u00edt\u00f3 tisztt\u00e9 k\u00e9pezt\u00e9k ki. Mint k\u00e9melh\u00e1r\u00edt\u00f3 tiszt feladata volt a halad\u00f3 \u00e9s demokratikus elemek nyomon k\u00f6vet\u00e9se. Tagja volt az Erd\u00e9lyi P\u00e1rtnak. A szovjet csapatok k\u00f6zeledt\u00e9vel elmenek\u00fclt, majd visszaj\u00f6tt Sz\u00e1szr\u00e9genbe, elkobzott f\u00f6ldbirtokai visszaszerz\u00e9s\u00e9\u00e9rt. Rem\u00e9lte: a magyar forradalom (1956) Rom\u00e1ni\u00e1ra is \u00e1tterjed, r\u00e1galmazta a rom\u00e1n sajt\u00f3t, a kollekt\u00edv gazdas\u00e1got. Rendszerellenes tev\u00e9kenys\u00e9g\u00e9\u00e9rt etart\u00f3ztatt\u00e1k (1959. okt. 2.) \u00e9s a MAT Katonai \u00dcgy\u00e9szs\u00e9ge a t\u00e1rsadalmi rend elleni tev\u00e9kenys\u00e9g v\u00e1dj\u00e1val \u00e1ll\u00edtotta b\u00edr\u00f3s\u00e1g el\u00e9. A v\u00e1d szerint a m. forradalom idej\u00e9n rendszerellenes kijelent\u00e9seket tett, magasztalta a forradalamat, k\u00e9s\u0151bb a kollektiviz\u00e1l\u00e1s ellen agit\u00e1lt. <br \/><strong>Irod.:<\/strong>1956 Erd\u00e9lyben; \u00c1ldozatok<\/br><\/p>\n","protected":false},"excerpt":{"rendered":"<p>Sz\u00e1szr\u00e9gen, 1892. j\u00fal. 10, \u2020\u00a0Sz\u00e1szr\u00e9gen, ?: f\u00f6ldbirtokos, gazd\u00e1lkod\u00f3. \u2013 \u00c9retts\u00e9gizett, f\u00f6ldm\u0171vel\u00e9ssel foglalkozott, seg\u00e9dmunk\u00e1sokat alkalmazott. A rendszerv\u00e1lt\u00e1s el\u0151tt a m. hadseregben hadnagyk\u00e9nt szolg\u00e1lt (1940\u201344), majd egy sz\u00e9kely hat\u00e1r\u0151ralakulat parancsnoka volt. Kv.-on k\u00e9melh\u00e1r\u00edt\u00f3 tisztt\u00e9 k\u00e9pezt\u00e9k ki. Mint k\u00e9melh\u00e1r\u00edt\u00f3 tiszt feladata volt a halad\u00f3 \u00e9s demokratikus elemek nyomon k\u00f6vet\u00e9se. Tagja volt az Erd\u00e9lyi P\u00e1rtnak. A szovjet csapatok k\u00f6zeledt\u00e9vel [&hellip;]<\/p>\n","protected":false},"featured_media":0,"comment_status":"open","ping_status":"closed","template":"","meta":[],"product_brand":[],"product_cat":[137],"product_tag":[],"class_list":{"0":"post-18306","1":"product","2":"type-product","3":"status-publish","5":"product_cat-maros-megyei-eletrajzi-lexikon","7":"first","8":"instock","9":"shipping-taxable","10":"product-type-simple"},"_links":{"self":[{"href":"https:\/\/uj.adatbank.ro\/lexikon\/wp-json\/wp\/v2\/product\/18306","targetHints":{"allow":["GET"]}}],"collection":[{"href":"https:\/\/uj.adatbank.ro\/lexikon\/wp-json\/wp\/v2\/product"}],"about":[{"href":"https:\/\/uj.adatbank.ro\/lexikon\/wp-json\/wp\/v2\/types\/product"}],"replies":[{"embeddable":true,"href":"https:\/\/uj.adatbank.ro\/lexikon\/wp-json\/wp\/v2\/comments?post=18306"}],"wp:attachment":[{"href":"https:\/\/uj.adatbank.ro\/lexikon\/wp-json\/wp\/v2\/media?parent=18306"}],"wp:term":[{"taxonomy":"product_brand","embeddable":true,"href":"https:\/\/uj.adatbank.ro\/lexikon\/wp-json\/wp\/v2\/product_brand?post=18306"},{"taxonomy":"product_cat","embeddable":true,"href":"https:\/\/uj.adatbank.ro\/lexikon\/wp-json\/wp\/v2\/product_cat?post=18306"},{"taxonomy":"product_tag","embeddable":true,"href":"https:\/\/uj.adatbank.ro\/lexikon\/wp-json\/wp\/v2\/product_tag?post=18306"}],"curies":[{"name":"wp","href":"https:\/\/api.w.org\/{rel}","templated":true}]}}