{"id":18307,"date":"2025-07-16T10:46:58","date_gmt":"2025-07-16T08:46:58","guid":{"rendered":"https:\/\/uj.adatbank.ro\/lexikon\/termek\/pittner-ignac\/"},"modified":"2025-07-16T10:46:58","modified_gmt":"2025-07-16T08:46:58","slug":"pittner-ignac","status":"publish","type":"product","link":"https:\/\/uj.adatbank.ro\/lexikon\/termek\/pittner-ignac\/","title":{"rendered":"PITTNER Ign\u00e1c"},"content":{"rendered":"<p>1820. okt. 11., \u2020 ? : r. k. pap, tan\u00e1r. \u2013 Papp\u00e1 szentelt\u00e9k (1843. okt. 15.). Tan\u00e1r Nagyszebenben, tan\u00e1r \u00e9s k\u00e1pl\u00e1n Brass\u00f3ban (1850), Segesv\u00e1ron pl\u00e9b\u00e1nos (1858\u201365) \u00e9s gimn\u00e1ziumi tan\u00e1r Nagyszebenben.(1865\u2013). <br \/><strong>Irod.:<\/strong> Ferenczi S\u00e1ndor 2009<\/br><\/p>\n","protected":false},"excerpt":{"rendered":"<p>1820. okt. 11., \u2020 ? : r. k. pap, tan\u00e1r. \u2013 Papp\u00e1 szentelt\u00e9k (1843. okt. 15.). Tan\u00e1r Nagyszebenben, tan\u00e1r \u00e9s k\u00e1pl\u00e1n Brass\u00f3ban (1850), Segesv\u00e1ron pl\u00e9b\u00e1nos (1858\u201365) \u00e9s gimn\u00e1ziumi tan\u00e1r Nagyszebenben.(1865\u2013). Irod.: Ferenczi S\u00e1ndor 2009<\/p>\n","protected":false},"featured_media":0,"comment_status":"open","ping_status":"closed","template":"","meta":[],"product_brand":[],"product_cat":[137],"product_tag":[],"class_list":{"0":"post-18307","1":"product","2":"type-product","3":"status-publish","5":"product_cat-maros-megyei-eletrajzi-lexikon","7":"first","8":"instock","9":"shipping-taxable","10":"product-type-simple"},"_links":{"self":[{"href":"https:\/\/uj.adatbank.ro\/lexikon\/wp-json\/wp\/v2\/product\/18307","targetHints":{"allow":["GET"]}}],"collection":[{"href":"https:\/\/uj.adatbank.ro\/lexikon\/wp-json\/wp\/v2\/product"}],"about":[{"href":"https:\/\/uj.adatbank.ro\/lexikon\/wp-json\/wp\/v2\/types\/product"}],"replies":[{"embeddable":true,"href":"https:\/\/uj.adatbank.ro\/lexikon\/wp-json\/wp\/v2\/comments?post=18307"}],"wp:attachment":[{"href":"https:\/\/uj.adatbank.ro\/lexikon\/wp-json\/wp\/v2\/media?parent=18307"}],"wp:term":[{"taxonomy":"product_brand","embeddable":true,"href":"https:\/\/uj.adatbank.ro\/lexikon\/wp-json\/wp\/v2\/product_brand?post=18307"},{"taxonomy":"product_cat","embeddable":true,"href":"https:\/\/uj.adatbank.ro\/lexikon\/wp-json\/wp\/v2\/product_cat?post=18307"},{"taxonomy":"product_tag","embeddable":true,"href":"https:\/\/uj.adatbank.ro\/lexikon\/wp-json\/wp\/v2\/product_tag?post=18307"}],"curies":[{"name":"wp","href":"https:\/\/api.w.org\/{rel}","templated":true}]}}