{"id":18308,"date":"2025-07-16T10:47:01","date_gmt":"2025-07-16T08:47:01","guid":{"rendered":"https:\/\/uj.adatbank.ro\/lexikon\/termek\/pittner-oliver-%c2%a7\/"},"modified":"2025-07-16T10:47:01","modified_gmt":"2025-07-16T08:47:01","slug":"pittner-oliver-%c2%a7","status":"publish","type":"product","link":"https:\/\/uj.adatbank.ro\/lexikon\/termek\/pittner-oliver-%c2%a7\/","title":{"rendered":"PITTNER Oliv\u00e9r, \u00a7"},"content":{"rendered":"<p>Lup\u00e9ny, 1911. j\u00fal. 3., \u2020 Mv., 1971. j\u00fal. 9.: fest\u0151m\u0171v\u00e9sz, szerkeszt\u0151. \u2013 A Pittner csal\u00e1d az I. vh. ut\u00e1n a Zsil v\u00f6lgyi b\u00e1nyatelepr\u0151l Szlov\u00e1ki\u00e1ba majd Argent\u00edn\u00e1ba (1923) telepedett \u00e1t, k\u00f6z\u00e9piskol\u00e1it Argent\u00edn\u00e1ban v\u00e9gezte, ahol sz\u00fcleivel a h\u00faszas \u00e9vek v\u00e9g\u00e9ig \u00e9lt. Hazat\u00e9rte ut\u00e1n Nagyb\u00e1ny\u00e1n telepedtek le, a nagyb\u00e1nyai fest\u0151iskol\u00e1ban v\u00e9gzett m\u0171v\u00e9szeti tanulm\u00e1nyokat (1930\u201334). Mesterei: Mikola Andr\u00e1s \u00e9s Krizs\u00e1n J\u00e1nos. Baloldali elk\u00f6telezetts\u00e9ge miatt egy id\u0151re (1931) kiz\u00e1rt\u00e1k az iskol\u00e1b\u00f3l, ekkor Klein J\u00f3zsef \u00e9s Ziffer S\u00e1ndor korrekt\u00far\u00e1in tanult. A fest\u0151telepen a kubizmus elk\u00f6telezett h\u00edve lett, s ilyen ir\u00e1ny\u00fa munk\u00e1ss\u00e1ga az \u00fajabb kutat\u00e1sok f\u00e9ny\u00e9ben egyre nagyobb \u00e9rt\u00e9k\u0171. A progressz\u00edv szeml\u00e9let\u0171 fiatalok csoportj\u00e1nak akt\u00edv tagja volt, baloldali \u00e1ll\u00e1sfoglal\u00e1sai miatt a rom\u00e1n hat\u00f3s\u00e1gok Caracalba intern\u00e1lt\u00e1k (1940). Kiszabadul\u00e1sa ut\u00e1n Mv.-re k\u00f6lt\u00f6z\u00f6tt. A Szabad Sz\u00f3 alap\u00edt\u00f3 felel\u0151s szerkeszt\u0151je \u00e9s kiad\u00f3ja (1944\u20131945 szeptember\u00e9ig), majd a lap N\u00e9p\u00fajs\u00e1g n\u00e9ven \u00e9lt tov\u00e1bb (1948\u201351); a Salamon Ern\u0151 N\u00e9pi Athenaeum alap\u00edt\u00f3ja \u00e9s titk\u00e1ra (1945); a Mv.-i Sz\u00e9kely Sz\u00ednh\u00e1z egyik szervez\u0151je, gazdas\u00e1gi igazgat\u00f3ja (1946\u2013), majd a Szabad Sz\u00f3 bels\u0151 munkat\u00e1rsa. \u00dajra kezdett festeni a korai kubista k\u00e9pekt\u0151l elt\u00e9r\u0151 dekorat\u00edv-sz\u00fcrrealista st\u00edlusban (1955 k\u00f6r\u00fcl). K\u00e9pciklusai (Segesv\u00e1ri h\u00e1zak; Gy\u00f6kerek; Gyergy\u00f3i t\u00e1jak) az els\u0151dleges l\u00e1tv\u00e1ny szimbolikus \u00e1t\u00e9rtelmez\u00e9sei. A korai kubista tendenci\u00e1k a geometriz\u00e1l\u00f3 k\u00e9p\u00e9p\u00edt\u00e9sben \u00e9s f\u00f6lfokozott sz\u00ednekre alapoz\u00f3 fest\u00e9sm\u00f3dban \u00e9lnek tov\u00e1bb. M\u0171veinek \u00e9rt\u00e9k\u00e9t a nagyb\u00e1nyai kol\u00f3nia alap\u00edt\u00e1s\u00e1nak centen\u00e1rium\u00e1n (1996) szervezett ki\u00e1ll\u00edt\u00e1sok t\u00e1rt\u00e1k f\u00f6l. Tagja a K\u00e9pz\u0151m\u0171v\u00e9szek Sz\u00f6vets\u00e9gnek. T\u00f6bb m\u0171v\u00e9t \u0151rzik a mv.-i, nagyb\u00e1nyai \u00e9s buk.-i m\u00fazeumokban. \u2013 <strong>F. ki\u00e1ll.:<\/strong> A b\u00e9ke els\u0151 napja (\u00daj \u00c9let, 8. sz., 1970); Nagyb\u00e1nya, Szatm\u00e1rn\u00e9meti, Kv. (1934), Mv.-en \u00e9s Buk. (1941, 1968, 1970); Linz, Torino (1969); Miskolc (1992); Bp. (1996). <br \/><strong>Irod.:<\/strong> 100 \u00e9v; Arck\u00e9pcsarnok (Igaz Sz\u00f3, 1972. 11. sz.); artportal; Banner; Id\u0151t\u00e1r 3; Jakabovits; Katona Szab\u00f3 Istv\u00e1n: Az \u00daj \u00c9let lexikona, 123. (\u00daj \u00c9let, 16. sz., 1975); K\u00fcl\u00f6n vil\u00e1gban; Moln\u00e1r; P. O. fest\u0151m\u0171v\u00e9sz [Nekrol\u00f3g] (V. Z., 1971. j\u00fal. 11.); Mur\u00e1din: metsz\u0151m\u0171v.; Mur\u00e1din Jen\u0151: Nagyb\u00e1nya (Miskolc, 1994); Mur\u00e1din Jen\u0151, Sz\u00fccs Gy\u00f6rgy: P. O. (Mv., 2009); Mur\u00e1din Jen\u0151: P. O.-n\u00e9l (\u00daj \u00c9let 20. sz., 1965.); RMIL; Szab\u00f3-K\u00e1llai; Sz\u0151cs K\u00e1lm\u00e1n: Alkot\u00f3k m\u0171hely\u00e9ben: P. O.-n\u00e9l (V. Z., 1967. aug. 26.)<\/br><\/p>\n","protected":false},"excerpt":{"rendered":"<p>Lup\u00e9ny, 1911. j\u00fal. 3., \u2020 Mv., 1971. j\u00fal. 9.: fest\u0151m\u0171v\u00e9sz, szerkeszt\u0151. \u2013 A Pittner csal\u00e1d az I. vh. ut\u00e1n a Zsil v\u00f6lgyi b\u00e1nyatelepr\u0151l Szlov\u00e1ki\u00e1ba majd Argent\u00edn\u00e1ba (1923) telepedett \u00e1t, k\u00f6z\u00e9piskol\u00e1it Argent\u00edn\u00e1ban v\u00e9gezte, ahol sz\u00fcleivel a h\u00faszas \u00e9vek v\u00e9g\u00e9ig \u00e9lt. Hazat\u00e9rte ut\u00e1n Nagyb\u00e1ny\u00e1n telepedtek le, a nagyb\u00e1nyai fest\u0151iskol\u00e1ban v\u00e9gzett m\u0171v\u00e9szeti tanulm\u00e1nyokat (1930\u201334). Mesterei: Mikola Andr\u00e1s \u00e9s [&hellip;]<\/p>\n","protected":false},"featured_media":0,"comment_status":"open","ping_status":"closed","template":"","meta":[],"product_brand":[],"product_cat":[137],"product_tag":[],"class_list":{"0":"post-18308","1":"product","2":"type-product","3":"status-publish","5":"product_cat-maros-megyei-eletrajzi-lexikon","7":"first","8":"instock","9":"shipping-taxable","10":"product-type-simple"},"_links":{"self":[{"href":"https:\/\/uj.adatbank.ro\/lexikon\/wp-json\/wp\/v2\/product\/18308","targetHints":{"allow":["GET"]}}],"collection":[{"href":"https:\/\/uj.adatbank.ro\/lexikon\/wp-json\/wp\/v2\/product"}],"about":[{"href":"https:\/\/uj.adatbank.ro\/lexikon\/wp-json\/wp\/v2\/types\/product"}],"replies":[{"embeddable":true,"href":"https:\/\/uj.adatbank.ro\/lexikon\/wp-json\/wp\/v2\/comments?post=18308"}],"wp:attachment":[{"href":"https:\/\/uj.adatbank.ro\/lexikon\/wp-json\/wp\/v2\/media?parent=18308"}],"wp:term":[{"taxonomy":"product_brand","embeddable":true,"href":"https:\/\/uj.adatbank.ro\/lexikon\/wp-json\/wp\/v2\/product_brand?post=18308"},{"taxonomy":"product_cat","embeddable":true,"href":"https:\/\/uj.adatbank.ro\/lexikon\/wp-json\/wp\/v2\/product_cat?post=18308"},{"taxonomy":"product_tag","embeddable":true,"href":"https:\/\/uj.adatbank.ro\/lexikon\/wp-json\/wp\/v2\/product_tag?post=18308"}],"curies":[{"name":"wp","href":"https:\/\/api.w.org\/{rel}","templated":true}]}}