{"id":1831,"date":"2025-06-28T11:54:37","date_gmt":"2025-06-28T09:54:37","guid":{"rendered":"https:\/\/uj.adatbank.ro\/lexikon\/termek\/badioc-ioan\/"},"modified":"2025-06-28T11:54:37","modified_gmt":"2025-06-28T09:54:37","slug":"badioc-ioan","status":"publish","type":"product","link":"https:\/\/uj.adatbank.ro\/lexikon\/termek\/badioc-ioan\/","title":{"rendered":"BADIOC Ioan"},"content":{"rendered":"<p>? \u2020\u00a0? : p\u00e1rttitk\u00e1r. \u2013 A MAT tartom\u00e1nyi p\u00e1rtbizotts\u00e1g egyik titk\u00e1ra (1955\u201356 k.). <br \/><strong>Irod.:<\/strong> Bartos 2012; Bottoni 2006; Bottoni 2008<\/br><\/p>\n","protected":false},"excerpt":{"rendered":"<p>? \u2020\u00a0? : p\u00e1rttitk\u00e1r. \u2013 A MAT tartom\u00e1nyi p\u00e1rtbizotts\u00e1g egyik titk\u00e1ra (1955\u201356 k.). Irod.: Bartos 2012; Bottoni 2006; Bottoni 2008<\/p>\n","protected":false},"featured_media":0,"comment_status":"open","ping_status":"closed","template":"","meta":[],"product_brand":[],"product_cat":[137],"product_tag":[],"class_list":{"0":"post-1831","1":"product","2":"type-product","3":"status-publish","5":"product_cat-maros-megyei-eletrajzi-lexikon","7":"first","8":"instock","9":"shipping-taxable","10":"product-type-simple"},"_links":{"self":[{"href":"https:\/\/uj.adatbank.ro\/lexikon\/wp-json\/wp\/v2\/product\/1831","targetHints":{"allow":["GET"]}}],"collection":[{"href":"https:\/\/uj.adatbank.ro\/lexikon\/wp-json\/wp\/v2\/product"}],"about":[{"href":"https:\/\/uj.adatbank.ro\/lexikon\/wp-json\/wp\/v2\/types\/product"}],"replies":[{"embeddable":true,"href":"https:\/\/uj.adatbank.ro\/lexikon\/wp-json\/wp\/v2\/comments?post=1831"}],"wp:attachment":[{"href":"https:\/\/uj.adatbank.ro\/lexikon\/wp-json\/wp\/v2\/media?parent=1831"}],"wp:term":[{"taxonomy":"product_brand","embeddable":true,"href":"https:\/\/uj.adatbank.ro\/lexikon\/wp-json\/wp\/v2\/product_brand?post=1831"},{"taxonomy":"product_cat","embeddable":true,"href":"https:\/\/uj.adatbank.ro\/lexikon\/wp-json\/wp\/v2\/product_cat?post=1831"},{"taxonomy":"product_tag","embeddable":true,"href":"https:\/\/uj.adatbank.ro\/lexikon\/wp-json\/wp\/v2\/product_tag?post=1831"}],"curies":[{"name":"wp","href":"https:\/\/api.w.org\/{rel}","templated":true}]}}