{"id":18310,"date":"2025-07-16T10:47:06","date_gmt":"2025-07-16T08:47:06","guid":{"rendered":"https:\/\/uj.adatbank.ro\/lexikon\/termek\/plajas-gyorgy\/"},"modified":"2025-07-16T10:47:06","modified_gmt":"2025-07-16T08:47:06","slug":"plajas-gyorgy","status":"publish","type":"product","link":"https:\/\/uj.adatbank.ro\/lexikon\/termek\/plajas-gyorgy\/","title":{"rendered":"PL\u00c1J\u00c1S Gy\u00f6rgy"},"content":{"rendered":"<p>Erd\u0151csin\u00e1d, 1887., \u2020\u00a0?: moln\u00e1rmester, keresked\u0151. \u2013 Mv.-en v\u00e9gezte iskol\u00e1it, majd a moln\u00e1ripart tanulta, \u0151n\u00e1ll\u00f3 lett Mv.-en. \u0150n\u00e1ll\u00f3 keresked\u0151 Mv.-en (1941\u2013). R\u00e9szt vett az els\u0151 vh.-ban, rom\u00e1n \u00e9s olasz harct\u00e9ren, h\u00e1romszor sebes\u00fclt, a K\u00e1roly Csapatkereszt a bronz \u00e9s a II. o. v. ez\u00fcst \u00e9. tulajdonosa volt. <br \/><strong>Irod.:<\/strong> Erd\u00e9lyi v\u00e1rmegy\u00e9k; Sz\u00e9kelyf\u00f6ld \u00ed.k.<\/br><\/p>\n","protected":false},"excerpt":{"rendered":"<p>Erd\u0151csin\u00e1d, 1887., \u2020\u00a0?: moln\u00e1rmester, keresked\u0151. \u2013 Mv.-en v\u00e9gezte iskol\u00e1it, majd a moln\u00e1ripart tanulta, \u0151n\u00e1ll\u00f3 lett Mv.-en. \u0150n\u00e1ll\u00f3 keresked\u0151 Mv.-en (1941\u2013). R\u00e9szt vett az els\u0151 vh.-ban, rom\u00e1n \u00e9s olasz harct\u00e9ren, h\u00e1romszor sebes\u00fclt, a K\u00e1roly Csapatkereszt a bronz \u00e9s a II. o. v. ez\u00fcst \u00e9. tulajdonosa volt. Irod.: Erd\u00e9lyi v\u00e1rmegy\u00e9k; Sz\u00e9kelyf\u00f6ld \u00ed.k.<\/p>\n","protected":false},"featured_media":0,"comment_status":"open","ping_status":"closed","template":"","meta":[],"product_brand":[],"product_cat":[137],"product_tag":[],"class_list":{"0":"post-18310","1":"product","2":"type-product","3":"status-publish","5":"product_cat-maros-megyei-eletrajzi-lexikon","7":"first","8":"instock","9":"shipping-taxable","10":"product-type-simple"},"_links":{"self":[{"href":"https:\/\/uj.adatbank.ro\/lexikon\/wp-json\/wp\/v2\/product\/18310","targetHints":{"allow":["GET"]}}],"collection":[{"href":"https:\/\/uj.adatbank.ro\/lexikon\/wp-json\/wp\/v2\/product"}],"about":[{"href":"https:\/\/uj.adatbank.ro\/lexikon\/wp-json\/wp\/v2\/types\/product"}],"replies":[{"embeddable":true,"href":"https:\/\/uj.adatbank.ro\/lexikon\/wp-json\/wp\/v2\/comments?post=18310"}],"wp:attachment":[{"href":"https:\/\/uj.adatbank.ro\/lexikon\/wp-json\/wp\/v2\/media?parent=18310"}],"wp:term":[{"taxonomy":"product_brand","embeddable":true,"href":"https:\/\/uj.adatbank.ro\/lexikon\/wp-json\/wp\/v2\/product_brand?post=18310"},{"taxonomy":"product_cat","embeddable":true,"href":"https:\/\/uj.adatbank.ro\/lexikon\/wp-json\/wp\/v2\/product_cat?post=18310"},{"taxonomy":"product_tag","embeddable":true,"href":"https:\/\/uj.adatbank.ro\/lexikon\/wp-json\/wp\/v2\/product_tag?post=18310"}],"curies":[{"name":"wp","href":"https:\/\/api.w.org\/{rel}","templated":true}]}}