{"id":18311,"date":"2025-07-16T10:47:08","date_gmt":"2025-07-16T08:47:08","guid":{"rendered":"https:\/\/uj.adatbank.ro\/lexikon\/termek\/plajas-gyorgy-2\/"},"modified":"2025-07-16T10:47:08","modified_gmt":"2025-07-16T08:47:08","slug":"plajas-gyorgy-2","status":"publish","type":"product","link":"https:\/\/uj.adatbank.ro\/lexikon\/termek\/plajas-gyorgy-2\/","title":{"rendered":"PL\u00c1J\u00c1S Gy\u00f6rgy"},"content":{"rendered":"<p>Mv., 1912. j\u00fal. 16., \u2020\u00a0?: kirakatrendez\u0151, c\u00edmerfest\u0151. \u2013 Katona Buk.-ben, szolg\u00e1lata alatt a kir. palot\u00e1ban f\u00e9nyk\u00e9peket restaur\u00e1lt. Mv.-re k\u00f6lt\u00f6z\u00f6tt a feles\u00e9g\u00e9vel (1940 k.). Festett olajfestm\u00e9nyeket, k\u00e9sz\u00edtett textilplasztik\u00e1kat. M\u0171kedvel\u0151 k\u00e9pz\u0151m\u0171v\u00e9sz. A II. vh. alatt katona, orosz fogs\u00e1gba esett. Textil k\u00e9peit ki\u00e1ll\u00edtott\u00e1k Buk.-ben (1946). Majd Mv.-en kirakatrendez\u0151. Csak k\u00e9s\u0151bb kezdett alkotni \u00fajra (1970 k.). K\u00e9pei Rom\u00e1ni\u00e1n k\u00edv\u00fcl elj\u00fatottak Bp.-re, Tel-Avivba, Ny. Berlinbe. <br \/><strong>Irod.:<\/strong> Cs\u00edf\u00f3 J\u00e1nos: P. Gyurival egy t\u00e9v\u00e9felv\u00e9tel sz\u00fcnet\u00e9ben (N\u00fa., 2007. jan. 27.)<\/br><\/p>\n","protected":false},"excerpt":{"rendered":"<p>Mv., 1912. j\u00fal. 16., \u2020\u00a0?: kirakatrendez\u0151, c\u00edmerfest\u0151. \u2013 Katona Buk.-ben, szolg\u00e1lata alatt a kir. palot\u00e1ban f\u00e9nyk\u00e9peket restaur\u00e1lt. Mv.-re k\u00f6lt\u00f6z\u00f6tt a feles\u00e9g\u00e9vel (1940 k.). Festett olajfestm\u00e9nyeket, k\u00e9sz\u00edtett textilplasztik\u00e1kat. M\u0171kedvel\u0151 k\u00e9pz\u0151m\u0171v\u00e9sz. A II. vh. alatt katona, orosz fogs\u00e1gba esett. Textil k\u00e9peit ki\u00e1ll\u00edtott\u00e1k Buk.-ben (1946). Majd Mv.-en kirakatrendez\u0151. Csak k\u00e9s\u0151bb kezdett alkotni \u00fajra (1970 k.). K\u00e9pei Rom\u00e1ni\u00e1n k\u00edv\u00fcl [&hellip;]<\/p>\n","protected":false},"featured_media":0,"comment_status":"open","ping_status":"closed","template":"","meta":[],"product_brand":[],"product_cat":[137],"product_tag":[],"class_list":{"0":"post-18311","1":"product","2":"type-product","3":"status-publish","5":"product_cat-maros-megyei-eletrajzi-lexikon","7":"first","8":"instock","9":"shipping-taxable","10":"product-type-simple"},"_links":{"self":[{"href":"https:\/\/uj.adatbank.ro\/lexikon\/wp-json\/wp\/v2\/product\/18311","targetHints":{"allow":["GET"]}}],"collection":[{"href":"https:\/\/uj.adatbank.ro\/lexikon\/wp-json\/wp\/v2\/product"}],"about":[{"href":"https:\/\/uj.adatbank.ro\/lexikon\/wp-json\/wp\/v2\/types\/product"}],"replies":[{"embeddable":true,"href":"https:\/\/uj.adatbank.ro\/lexikon\/wp-json\/wp\/v2\/comments?post=18311"}],"wp:attachment":[{"href":"https:\/\/uj.adatbank.ro\/lexikon\/wp-json\/wp\/v2\/media?parent=18311"}],"wp:term":[{"taxonomy":"product_brand","embeddable":true,"href":"https:\/\/uj.adatbank.ro\/lexikon\/wp-json\/wp\/v2\/product_brand?post=18311"},{"taxonomy":"product_cat","embeddable":true,"href":"https:\/\/uj.adatbank.ro\/lexikon\/wp-json\/wp\/v2\/product_cat?post=18311"},{"taxonomy":"product_tag","embeddable":true,"href":"https:\/\/uj.adatbank.ro\/lexikon\/wp-json\/wp\/v2\/product_tag?post=18311"}],"curies":[{"name":"wp","href":"https:\/\/api.w.org\/{rel}","templated":true}]}}