{"id":18313,"date":"2025-07-16T10:47:12","date_gmt":"2025-07-16T08:47:12","guid":{"rendered":"https:\/\/uj.adatbank.ro\/lexikon\/termek\/plamadeala-nicolae\/"},"modified":"2026-02-18T06:58:43","modified_gmt":"2026-02-18T05:58:43","slug":"plamadeala-nicolae","status":"publish","type":"product","link":"https:\/\/uj.adatbank.ro\/lexikon\/termek\/plamadeala-nicolae\/","title":{"rendered":"PL\u0102M\u0102DEAL\u0102, Nicolae"},"content":{"rendered":"<p>? \u2020\u00a0?: ort. pap Dedr\u00e1dsz\u00e9plakon, restaur\u00e1lta az \u00faj templom fresk\u00f3it (1962), szint\u00e9n \u0151 festette ki Mez\u0151szokolban az \u00faj ort. templom falait is (1962\u201364). Ez ut\u00f3bbi templomot kolostorr\u00e1 alak\u00edtott\u00e1k \u00e1t (1994\u2013), cell\u00e1kat \u00e9p\u00edtettek hozz\u00e1 az ap\u00e1c\u00e1k r\u00e9sz\u00e9re. Felszentelte Andrei p\u00fcsp\u00f6k (1999). \u0150 festette ki az abaf\u00e1ji Sf. Nicolae ort. templom falait is (1966).<br \/>\n<strong>Irod.:<\/strong> Reghin, Protopopiat<\/p>\n","protected":false},"excerpt":{"rendered":"<p>? \u2020\u00a0?: ort. pap Dedr\u00e1dsz\u00e9plakon, restaur\u00e1lta az \u00faj templom fresk\u00f3it (1962), szint\u00e9n \u0151 festette ki Mez\u0151szokolban az \u00faj ort. templom falait is (1962\u201364). Ez ut\u00f3bbi templomot kolostorr\u00e1 alak\u00edtott\u00e1k \u00e1t (1994\u2013), cell\u00e1kat \u00e9p\u00edtettek hozz\u00e1 az ap\u00e1c\u00e1k r\u00e9sz\u00e9re. Felszentelte Andrei p\u00fcsp\u00f6k (1999). \u0150 festette ki az abaf\u00e1ji Sf. Nicolae ort. templom falait is (1966). Irod.: Reghin, Protopopiat<\/p>\n","protected":false},"featured_media":0,"comment_status":"open","ping_status":"closed","template":"","meta":[],"product_brand":[],"product_cat":[137],"product_tag":[],"class_list":{"0":"post-18313","1":"product","2":"type-product","3":"status-publish","5":"product_cat-maros-megyei-eletrajzi-lexikon","7":"first","8":"instock","9":"shipping-taxable","10":"product-type-simple"},"_links":{"self":[{"href":"https:\/\/uj.adatbank.ro\/lexikon\/wp-json\/wp\/v2\/product\/18313","targetHints":{"allow":["GET"]}}],"collection":[{"href":"https:\/\/uj.adatbank.ro\/lexikon\/wp-json\/wp\/v2\/product"}],"about":[{"href":"https:\/\/uj.adatbank.ro\/lexikon\/wp-json\/wp\/v2\/types\/product"}],"replies":[{"embeddable":true,"href":"https:\/\/uj.adatbank.ro\/lexikon\/wp-json\/wp\/v2\/comments?post=18313"}],"wp:attachment":[{"href":"https:\/\/uj.adatbank.ro\/lexikon\/wp-json\/wp\/v2\/media?parent=18313"}],"wp:term":[{"taxonomy":"product_brand","embeddable":true,"href":"https:\/\/uj.adatbank.ro\/lexikon\/wp-json\/wp\/v2\/product_brand?post=18313"},{"taxonomy":"product_cat","embeddable":true,"href":"https:\/\/uj.adatbank.ro\/lexikon\/wp-json\/wp\/v2\/product_cat?post=18313"},{"taxonomy":"product_tag","embeddable":true,"href":"https:\/\/uj.adatbank.ro\/lexikon\/wp-json\/wp\/v2\/product_tag?post=18313"}],"curies":[{"name":"wp","href":"https:\/\/api.w.org\/{rel}","templated":true}]}}