{"id":18314,"date":"2025-07-16T10:47:14","date_gmt":"2025-07-16T08:47:14","guid":{"rendered":"https:\/\/uj.adatbank.ro\/lexikon\/termek\/plattner-hans\/"},"modified":"2025-07-16T10:47:14","modified_gmt":"2025-07-16T08:47:14","slug":"plattner-hans","status":"publish","type":"product","link":"https:\/\/uj.adatbank.ro\/lexikon\/termek\/plattner-hans\/","title":{"rendered":"PLATTNER Hans"},"content":{"rendered":"<p>Sz\u00e1szr\u00e9gen1881., \u2020\u00a0?: h\u00edrlap\u00edr\u00f3. \u2013 Apja ev. lelk\u00e9sz volt. Algimn\u00e1ziumot \u00e9s kadettiskol\u00e1t v\u00e9gzett, akt\u00edv csapattiszt (1900\u201313), majd a vez\u00e9rkarn\u00e1l teljes\u00edtett szolg\u00e1latot (1913\u201318), mint sz\u00e1zados szerelt le.. Gy\u00f3gyszer\u00e9sz (\u20131923) azut\u00e1n a szebeni Siebenb\u00fcrgische Deutsches Tageblatt szerkeszt\u0151je. <br \/><strong>Irod.:<\/strong> Ki Kicsoda\u00a0?<\/br><\/p>\n","protected":false},"excerpt":{"rendered":"<p>Sz\u00e1szr\u00e9gen1881., \u2020\u00a0?: h\u00edrlap\u00edr\u00f3. \u2013 Apja ev. lelk\u00e9sz volt. Algimn\u00e1ziumot \u00e9s kadettiskol\u00e1t v\u00e9gzett, akt\u00edv csapattiszt (1900\u201313), majd a vez\u00e9rkarn\u00e1l teljes\u00edtett szolg\u00e1latot (1913\u201318), mint sz\u00e1zados szerelt le.. Gy\u00f3gyszer\u00e9sz (\u20131923) azut\u00e1n a szebeni Siebenb\u00fcrgische Deutsches Tageblatt szerkeszt\u0151je. Irod.: Ki Kicsoda\u00a0?<\/p>\n","protected":false},"featured_media":0,"comment_status":"open","ping_status":"closed","template":"","meta":[],"product_brand":[],"product_cat":[137],"product_tag":[],"class_list":{"0":"post-18314","1":"product","2":"type-product","3":"status-publish","5":"product_cat-maros-megyei-eletrajzi-lexikon","7":"first","8":"instock","9":"shipping-taxable","10":"product-type-simple"},"_links":{"self":[{"href":"https:\/\/uj.adatbank.ro\/lexikon\/wp-json\/wp\/v2\/product\/18314","targetHints":{"allow":["GET"]}}],"collection":[{"href":"https:\/\/uj.adatbank.ro\/lexikon\/wp-json\/wp\/v2\/product"}],"about":[{"href":"https:\/\/uj.adatbank.ro\/lexikon\/wp-json\/wp\/v2\/types\/product"}],"replies":[{"embeddable":true,"href":"https:\/\/uj.adatbank.ro\/lexikon\/wp-json\/wp\/v2\/comments?post=18314"}],"wp:attachment":[{"href":"https:\/\/uj.adatbank.ro\/lexikon\/wp-json\/wp\/v2\/media?parent=18314"}],"wp:term":[{"taxonomy":"product_brand","embeddable":true,"href":"https:\/\/uj.adatbank.ro\/lexikon\/wp-json\/wp\/v2\/product_brand?post=18314"},{"taxonomy":"product_cat","embeddable":true,"href":"https:\/\/uj.adatbank.ro\/lexikon\/wp-json\/wp\/v2\/product_cat?post=18314"},{"taxonomy":"product_tag","embeddable":true,"href":"https:\/\/uj.adatbank.ro\/lexikon\/wp-json\/wp\/v2\/product_tag?post=18314"}],"curies":[{"name":"wp","href":"https:\/\/api.w.org\/{rel}","templated":true}]}}