{"id":18317,"date":"2025-07-16T10:47:19","date_gmt":"2025-07-16T08:47:19","guid":{"rendered":"https:\/\/uj.adatbank.ro\/lexikon\/termek\/platz-emil\/"},"modified":"2025-07-16T10:47:19","modified_gmt":"2025-07-16T08:47:19","slug":"platz-emil","status":"publish","type":"product","link":"https:\/\/uj.adatbank.ro\/lexikon\/termek\/platz-emil\/","title":{"rendered":"PLATZ Emil"},"content":{"rendered":"<p>? \u2020\u00a0?\u00a0: tan\u00e1r. \u2013 A mv.-i R. K. Gimn\u00e1zumban \u00e9s Tan\u00edt\u00f3k\u00e9pz\u0151ben matematik\u00e1t tan\u00edtott. <br \/><strong>Irod.:<\/strong> Mv.-i R.K. okt. ; Szab\u00f3 K. Attila<\/br><\/p>\n","protected":false},"excerpt":{"rendered":"<p>? \u2020\u00a0?\u00a0: tan\u00e1r. \u2013 A mv.-i R. K. Gimn\u00e1zumban \u00e9s Tan\u00edt\u00f3k\u00e9pz\u0151ben matematik\u00e1t tan\u00edtott. Irod.: Mv.-i R.K. okt. ; Szab\u00f3 K. Attila<\/p>\n","protected":false},"featured_media":0,"comment_status":"open","ping_status":"closed","template":"","meta":[],"product_brand":[],"product_cat":[137],"product_tag":[],"class_list":{"0":"post-18317","1":"product","2":"type-product","3":"status-publish","5":"product_cat-maros-megyei-eletrajzi-lexikon","7":"first","8":"instock","9":"shipping-taxable","10":"product-type-simple"},"_links":{"self":[{"href":"https:\/\/uj.adatbank.ro\/lexikon\/wp-json\/wp\/v2\/product\/18317","targetHints":{"allow":["GET"]}}],"collection":[{"href":"https:\/\/uj.adatbank.ro\/lexikon\/wp-json\/wp\/v2\/product"}],"about":[{"href":"https:\/\/uj.adatbank.ro\/lexikon\/wp-json\/wp\/v2\/types\/product"}],"replies":[{"embeddable":true,"href":"https:\/\/uj.adatbank.ro\/lexikon\/wp-json\/wp\/v2\/comments?post=18317"}],"wp:attachment":[{"href":"https:\/\/uj.adatbank.ro\/lexikon\/wp-json\/wp\/v2\/media?parent=18317"}],"wp:term":[{"taxonomy":"product_brand","embeddable":true,"href":"https:\/\/uj.adatbank.ro\/lexikon\/wp-json\/wp\/v2\/product_brand?post=18317"},{"taxonomy":"product_cat","embeddable":true,"href":"https:\/\/uj.adatbank.ro\/lexikon\/wp-json\/wp\/v2\/product_cat?post=18317"},{"taxonomy":"product_tag","embeddable":true,"href":"https:\/\/uj.adatbank.ro\/lexikon\/wp-json\/wp\/v2\/product_tag?post=18317"}],"curies":[{"name":"wp","href":"https:\/\/api.w.org\/{rel}","templated":true}]}}