{"id":18318,"date":"2025-07-16T10:47:23","date_gmt":"2025-07-16T08:47:23","guid":{"rendered":"https:\/\/uj.adatbank.ro\/lexikon\/termek\/platz-ferenc\/"},"modified":"2025-07-16T10:47:23","modified_gmt":"2025-07-16T08:47:23","slug":"platz-ferenc","status":"publish","type":"product","link":"https:\/\/uj.adatbank.ro\/lexikon\/termek\/platz-ferenc\/","title":{"rendered":"PLATZ Ferenc"},"content":{"rendered":"<p>Mv., 1891., \u2020\u00a0?\u00a0: mv.-i k\u00f6nyvk\u00f6t\u0151mester. \u2013 Apja iparos. K\u00f6z\u00e9piskol\u00e1t Mv.-en v\u00e9gzett, majd k\u00f6nyvk\u00f6t\u0151 mesters\u00e9get tanult, Bp.-en \u00e9s k\u00fclf\u00f6ld\u00f6n praktiz\u00e1lt. \u00d6n\u00e1ll\u00f3 k\u00f6nyvk\u00f6t\u0151 m\u0171helyt nyitott Mv.-en (1918). A sportolt \u2013 a labdar\u00fag\u00e1sban \u00e9s az atl\u00e9tik\u00e1ban sz\u00e9p eredm\u00e9nyeket \u00e9rt el. a MSE v\u00e1l. tagja a Magyar Iparos Egyes\u00fclet v\u00e1l. tagja, a K\u00f6nyvk\u00f6t\u0151k F\u0151n\u00f6ktest\u00fclet\u00e9nek aleln\u00f6ke, egyh\u00e1ztan\u00e1csos, a Magyar Iparostanul\u00f3 Otthon gazd\u00e1ja \u00e9s p\u00e9nzt\u00e1rosa, a R. K. Dal\u00e1rda v\u00e1l. tagja, a Dalm\u0171j\u00e1tsz\u00f3 T\u00e1rsas\u00e1g. v\u00e1l. tagja \u00e9s ellen\u0151re volt. Tev\u00e9kenykedett a politika, a k\u00f6z\u00e9let \u00e9s a m\u0171kedvel\u0151 sz\u00ednj\u00e1tsz\u00e1s ter\u00e9n. Feles\u00e9ge Csehy Gizella t\u00e1rsadalmi, kultur\u00e1lis \u00e9s j\u00f3t\u00e9konys\u00e1gi egyes\u00fcletek vezet\u0151s\u00e9gi tagja volt. <br \/><strong>Irod.:<\/strong> Ki kicsoda\u00a0?<\/br><\/p>\n","protected":false},"excerpt":{"rendered":"<p>Mv., 1891., \u2020\u00a0?\u00a0: mv.-i k\u00f6nyvk\u00f6t\u0151mester. \u2013 Apja iparos. K\u00f6z\u00e9piskol\u00e1t Mv.-en v\u00e9gzett, majd k\u00f6nyvk\u00f6t\u0151 mesters\u00e9get tanult, Bp.-en \u00e9s k\u00fclf\u00f6ld\u00f6n praktiz\u00e1lt. \u00d6n\u00e1ll\u00f3 k\u00f6nyvk\u00f6t\u0151 m\u0171helyt nyitott Mv.-en (1918). A sportolt \u2013 a labdar\u00fag\u00e1sban \u00e9s az atl\u00e9tik\u00e1ban sz\u00e9p eredm\u00e9nyeket \u00e9rt el. a MSE v\u00e1l. tagja a Magyar Iparos Egyes\u00fclet v\u00e1l. tagja, a K\u00f6nyvk\u00f6t\u0151k F\u0151n\u00f6ktest\u00fclet\u00e9nek aleln\u00f6ke, egyh\u00e1ztan\u00e1csos, a Magyar Iparostanul\u00f3 [&hellip;]<\/p>\n","protected":false},"featured_media":0,"comment_status":"open","ping_status":"closed","template":"","meta":[],"product_brand":[],"product_cat":[137],"product_tag":[],"class_list":{"0":"post-18318","1":"product","2":"type-product","3":"status-publish","5":"product_cat-maros-megyei-eletrajzi-lexikon","7":"first","8":"instock","9":"shipping-taxable","10":"product-type-simple"},"_links":{"self":[{"href":"https:\/\/uj.adatbank.ro\/lexikon\/wp-json\/wp\/v2\/product\/18318","targetHints":{"allow":["GET"]}}],"collection":[{"href":"https:\/\/uj.adatbank.ro\/lexikon\/wp-json\/wp\/v2\/product"}],"about":[{"href":"https:\/\/uj.adatbank.ro\/lexikon\/wp-json\/wp\/v2\/types\/product"}],"replies":[{"embeddable":true,"href":"https:\/\/uj.adatbank.ro\/lexikon\/wp-json\/wp\/v2\/comments?post=18318"}],"wp:attachment":[{"href":"https:\/\/uj.adatbank.ro\/lexikon\/wp-json\/wp\/v2\/media?parent=18318"}],"wp:term":[{"taxonomy":"product_brand","embeddable":true,"href":"https:\/\/uj.adatbank.ro\/lexikon\/wp-json\/wp\/v2\/product_brand?post=18318"},{"taxonomy":"product_cat","embeddable":true,"href":"https:\/\/uj.adatbank.ro\/lexikon\/wp-json\/wp\/v2\/product_cat?post=18318"},{"taxonomy":"product_tag","embeddable":true,"href":"https:\/\/uj.adatbank.ro\/lexikon\/wp-json\/wp\/v2\/product_tag?post=18318"}],"curies":[{"name":"wp","href":"https:\/\/api.w.org\/{rel}","templated":true}]}}