{"id":1832,"date":"2025-06-28T11:54:38","date_gmt":"2025-06-28T09:54:38","guid":{"rendered":"https:\/\/uj.adatbank.ro\/lexikon\/termek\/baer-ferenc\/"},"modified":"2025-06-28T11:54:38","modified_gmt":"2025-06-28T09:54:38","slug":"baer-ferenc","status":"publish","type":"product","link":"https:\/\/uj.adatbank.ro\/lexikon\/termek\/baer-ferenc\/","title":{"rendered":"BAER Ferenc"},"content":{"rendered":"<p>? \u2020\u00a0? : tan\u00e1r.- A Ref. Koll. testnevel\u0151 \u00f3raad\u00f3 tan\u00e1ra, v\u00edv\u00f3 edz\u0151 (1910\u201320 k.), a R. K. Fi\u00fagimn. tan\u00e1ra (1929\u201330). V\u00edv\u00e1st tan\u00edtott a MSE v\u00edv\u00f3 egyletesei sz\u00e1m\u00e1ra a koll. tornaterm\u00e9ben Santerini t\u00e1voz\u00e1sa ut\u00e1n (1914\u2013). <br \/><strong>Irod.:<\/strong> Illy\u00e9s; Kl\u00f3sz \u2013 Tolok\u00e1n; Mv. T\u00f6rt. 2.; Sebesty\u00e9n<\/br><\/p>\n","protected":false},"excerpt":{"rendered":"<p>? \u2020\u00a0? : tan\u00e1r.- A Ref. Koll. testnevel\u0151 \u00f3raad\u00f3 tan\u00e1ra, v\u00edv\u00f3 edz\u0151 (1910\u201320 k.), a R. K. Fi\u00fagimn. tan\u00e1ra (1929\u201330). V\u00edv\u00e1st tan\u00edtott a MSE v\u00edv\u00f3 egyletesei sz\u00e1m\u00e1ra a koll. tornaterm\u00e9ben Santerini t\u00e1voz\u00e1sa ut\u00e1n (1914\u2013). Irod.: Illy\u00e9s; Kl\u00f3sz \u2013 Tolok\u00e1n; Mv. T\u00f6rt. 2.; Sebesty\u00e9n<\/p>\n","protected":false},"featured_media":0,"comment_status":"open","ping_status":"closed","template":"","meta":[],"product_brand":[],"product_cat":[137],"product_tag":[],"class_list":{"0":"post-1832","1":"product","2":"type-product","3":"status-publish","5":"product_cat-maros-megyei-eletrajzi-lexikon","7":"first","8":"instock","9":"shipping-taxable","10":"product-type-simple"},"_links":{"self":[{"href":"https:\/\/uj.adatbank.ro\/lexikon\/wp-json\/wp\/v2\/product\/1832","targetHints":{"allow":["GET"]}}],"collection":[{"href":"https:\/\/uj.adatbank.ro\/lexikon\/wp-json\/wp\/v2\/product"}],"about":[{"href":"https:\/\/uj.adatbank.ro\/lexikon\/wp-json\/wp\/v2\/types\/product"}],"replies":[{"embeddable":true,"href":"https:\/\/uj.adatbank.ro\/lexikon\/wp-json\/wp\/v2\/comments?post=1832"}],"wp:attachment":[{"href":"https:\/\/uj.adatbank.ro\/lexikon\/wp-json\/wp\/v2\/media?parent=1832"}],"wp:term":[{"taxonomy":"product_brand","embeddable":true,"href":"https:\/\/uj.adatbank.ro\/lexikon\/wp-json\/wp\/v2\/product_brand?post=1832"},{"taxonomy":"product_cat","embeddable":true,"href":"https:\/\/uj.adatbank.ro\/lexikon\/wp-json\/wp\/v2\/product_cat?post=1832"},{"taxonomy":"product_tag","embeddable":true,"href":"https:\/\/uj.adatbank.ro\/lexikon\/wp-json\/wp\/v2\/product_tag?post=1832"}],"curies":[{"name":"wp","href":"https:\/\/api.w.org\/{rel}","templated":true}]}}