{"id":18320,"date":"2025-07-16T10:47:30","date_gmt":"2025-07-16T08:47:30","guid":{"rendered":"https:\/\/uj.adatbank.ro\/lexikon\/termek\/plesca-constantin-%c2%a7\/"},"modified":"2025-07-16T10:47:30","modified_gmt":"2025-07-16T08:47:30","slug":"plesca-constantin-%c2%a7","status":"publish","type":"product","link":"https:\/\/uj.adatbank.ro\/lexikon\/termek\/plesca-constantin-%c2%a7\/","title":{"rendered":"PLE\u015eCA, Constantin, \u00a7"},"content":{"rendered":"<p>Chi\u015fin\u0103u, 1921. m\u00e1j.10., \u2020 Kv., 1989. m\u00e1rc. 7.: tan\u00e1r. \u2013 Iskol\u00e1it Chi\u015fin\u0103uban v\u00e9gezte, Buk.-be menek\u00fclt (1940), ahol ortdox teol\u00f3gi\u00e1t \u00e9s b\u00f6lcs\u00e9sz-filoz\u00f3fia egyetemet v\u00e9gzett p\u00e1rhuzamosan, oklevelet szerzett (1948). Kv.-on tanfel\u00fcgyel\u0151 lett (1948\u2013).S\u00e1rm\u00e1son l\u00edceumi tan\u00e1r (1950\u2013), Radn\u00f3ton elemi iskolai igazgat\u00f3 (1952\u2013), Radn\u00f3t k\u00f6rzet tanfel\u00fcgyel\u0151je (1955\u201356). A marosludasi k\u00f6z\u00e9piskola igazgat\u00f3ja (1956\u201361), a Ludas rajoni M\u0171vel\u0151d\u00e9si Bizotts\u00e1g f\u0151n\u00f6ke (1961\u201363), ism\u00e9t a ludasi k\u00f6z\u00e9piskola tan\u00e1ra (1963\u201376), ahol igazgat\u00f3 is volt nyugd\u00edjaz\u00e1s\u00e1ig (1983).T\u00e1rsadalomtudom\u00e1nyokat tan\u00edtott. Kv.-ra k\u00f6lt\u00f6z\u00f6tt (1986\u2013). II. oszt. Munka \u00e9rdemrenddel (Ordinul Muncii) t\u00fcntett\u00e9k ki. <br \/><strong>Irod.:<\/strong> Dasc\u0103li mure\u015feni, 1., Lusu\u015f<\/br><\/p>\n","protected":false},"excerpt":{"rendered":"<p>Chi\u015fin\u0103u, 1921. m\u00e1j.10., \u2020 Kv., 1989. m\u00e1rc. 7.: tan\u00e1r. \u2013 Iskol\u00e1it Chi\u015fin\u0103uban v\u00e9gezte, Buk.-be menek\u00fclt (1940), ahol ortdox teol\u00f3gi\u00e1t \u00e9s b\u00f6lcs\u00e9sz-filoz\u00f3fia egyetemet v\u00e9gzett p\u00e1rhuzamosan, oklevelet szerzett (1948). Kv.-on tanfel\u00fcgyel\u0151 lett (1948\u2013).S\u00e1rm\u00e1son l\u00edceumi tan\u00e1r (1950\u2013), Radn\u00f3ton elemi iskolai igazgat\u00f3 (1952\u2013), Radn\u00f3t k\u00f6rzet tanfel\u00fcgyel\u0151je (1955\u201356). A marosludasi k\u00f6z\u00e9piskola igazgat\u00f3ja (1956\u201361), a Ludas rajoni M\u0171vel\u0151d\u00e9si Bizotts\u00e1g f\u0151n\u00f6ke (1961\u201363), [&hellip;]<\/p>\n","protected":false},"featured_media":0,"comment_status":"open","ping_status":"closed","template":"","meta":[],"product_brand":[],"product_cat":[137],"product_tag":[],"class_list":{"0":"post-18320","1":"product","2":"type-product","3":"status-publish","5":"product_cat-maros-megyei-eletrajzi-lexikon","7":"first","8":"instock","9":"shipping-taxable","10":"product-type-simple"},"_links":{"self":[{"href":"https:\/\/uj.adatbank.ro\/lexikon\/wp-json\/wp\/v2\/product\/18320","targetHints":{"allow":["GET"]}}],"collection":[{"href":"https:\/\/uj.adatbank.ro\/lexikon\/wp-json\/wp\/v2\/product"}],"about":[{"href":"https:\/\/uj.adatbank.ro\/lexikon\/wp-json\/wp\/v2\/types\/product"}],"replies":[{"embeddable":true,"href":"https:\/\/uj.adatbank.ro\/lexikon\/wp-json\/wp\/v2\/comments?post=18320"}],"wp:attachment":[{"href":"https:\/\/uj.adatbank.ro\/lexikon\/wp-json\/wp\/v2\/media?parent=18320"}],"wp:term":[{"taxonomy":"product_brand","embeddable":true,"href":"https:\/\/uj.adatbank.ro\/lexikon\/wp-json\/wp\/v2\/product_brand?post=18320"},{"taxonomy":"product_cat","embeddable":true,"href":"https:\/\/uj.adatbank.ro\/lexikon\/wp-json\/wp\/v2\/product_cat?post=18320"},{"taxonomy":"product_tag","embeddable":true,"href":"https:\/\/uj.adatbank.ro\/lexikon\/wp-json\/wp\/v2\/product_tag?post=18320"}],"curies":[{"name":"wp","href":"https:\/\/api.w.org\/{rel}","templated":true}]}}