{"id":18322,"date":"2025-07-16T10:47:35","date_gmt":"2025-07-16T08:47:35","guid":{"rendered":"https:\/\/uj.adatbank.ro\/lexikon\/termek\/plesch-erhard\/"},"modified":"2025-07-16T10:47:35","modified_gmt":"2025-07-16T08:47:35","slug":"plesch-erhard","status":"publish","type":"product","link":"https:\/\/uj.adatbank.ro\/lexikon\/termek\/plesch-erhard\/","title":{"rendered":"PLESCH, Erhard"},"content":{"rendered":"<p>Sz\u00e1szr\u00e9gen, 1910. \u00e1pr. 7., \u2020 Rimsting, 1977. m\u00e1rc. 6.: jog\u00e1sz. \u2013 A Szovjetuni\u00f3ban elt\u00f6lt\u00f6tt k\u00e9nyszermunka ut\u00e1n N\u00e9meto.-ba bocs\u00e1tott\u00e1k. M\u00fcnchenben alkalmazt\u00e1k a rom\u00e1niai tudakoz\u00f3 irod\u00e1n\u00e1l. Eln\u00f6ke volt az Erd\u00e9lyi Sz\u00e1szok Orsz\u00e1gos Sz\u00f6vets\u00e9g\u00e9nek (1958\u201377), mint ilyen k\u00fczd\u00f6tt a rom\u00e1niai honfit\u00e1rsak kitelep\u00edt\u00e9s\u00e9\u00e9rt, a csal\u00e1degyes\u00edt\u00e9sek\u00e9rt. <br \/><strong>Irod.:<\/strong> LSS<\/br><\/p>\n","protected":false},"excerpt":{"rendered":"<p>Sz\u00e1szr\u00e9gen, 1910. \u00e1pr. 7., \u2020 Rimsting, 1977. m\u00e1rc. 6.: jog\u00e1sz. \u2013 A Szovjetuni\u00f3ban elt\u00f6lt\u00f6tt k\u00e9nyszermunka ut\u00e1n N\u00e9meto.-ba bocs\u00e1tott\u00e1k. M\u00fcnchenben alkalmazt\u00e1k a rom\u00e1niai tudakoz\u00f3 irod\u00e1n\u00e1l. Eln\u00f6ke volt az Erd\u00e9lyi Sz\u00e1szok Orsz\u00e1gos Sz\u00f6vets\u00e9g\u00e9nek (1958\u201377), mint ilyen k\u00fczd\u00f6tt a rom\u00e1niai honfit\u00e1rsak kitelep\u00edt\u00e9s\u00e9\u00e9rt, a csal\u00e1degyes\u00edt\u00e9sek\u00e9rt. Irod.: LSS<\/p>\n","protected":false},"featured_media":0,"comment_status":"open","ping_status":"closed","template":"","meta":[],"product_brand":[],"product_cat":[137],"product_tag":[],"class_list":{"0":"post-18322","1":"product","2":"type-product","3":"status-publish","5":"product_cat-maros-megyei-eletrajzi-lexikon","7":"first","8":"instock","9":"shipping-taxable","10":"product-type-simple"},"_links":{"self":[{"href":"https:\/\/uj.adatbank.ro\/lexikon\/wp-json\/wp\/v2\/product\/18322","targetHints":{"allow":["GET"]}}],"collection":[{"href":"https:\/\/uj.adatbank.ro\/lexikon\/wp-json\/wp\/v2\/product"}],"about":[{"href":"https:\/\/uj.adatbank.ro\/lexikon\/wp-json\/wp\/v2\/types\/product"}],"replies":[{"embeddable":true,"href":"https:\/\/uj.adatbank.ro\/lexikon\/wp-json\/wp\/v2\/comments?post=18322"}],"wp:attachment":[{"href":"https:\/\/uj.adatbank.ro\/lexikon\/wp-json\/wp\/v2\/media?parent=18322"}],"wp:term":[{"taxonomy":"product_brand","embeddable":true,"href":"https:\/\/uj.adatbank.ro\/lexikon\/wp-json\/wp\/v2\/product_brand?post=18322"},{"taxonomy":"product_cat","embeddable":true,"href":"https:\/\/uj.adatbank.ro\/lexikon\/wp-json\/wp\/v2\/product_cat?post=18322"},{"taxonomy":"product_tag","embeddable":true,"href":"https:\/\/uj.adatbank.ro\/lexikon\/wp-json\/wp\/v2\/product_tag?post=18322"}],"curies":[{"name":"wp","href":"https:\/\/api.w.org\/{rel}","templated":true}]}}