{"id":18325,"date":"2025-07-16T10:47:40","date_gmt":"2025-07-16T08:47:40","guid":{"rendered":"https:\/\/uj.adatbank.ro\/lexikon\/termek\/ploesteanu-grigore\/"},"modified":"2025-07-16T10:47:40","modified_gmt":"2025-07-16T08:47:40","slug":"ploesteanu-grigore","status":"publish","type":"product","link":"https:\/\/uj.adatbank.ro\/lexikon\/termek\/ploesteanu-grigore\/","title":{"rendered":"PLOE\u015eTEANU, Grigore"},"content":{"rendered":"<p>Temesv\u00e1r, 1943. jan. 13., \u2020 Mv., 2006. dec. 28.: t\u00f6rt\u00e9n\u00e9sz, egyetemi tan\u00e1r. \u2013 Feles\u00e9ge: Cosmu\u0163a Maria. Gyermekeik: Ioana, angolnyelv tan\u00e1r (Mv., 1969. febr. 20. \u2013); Lucian \u2013Gelu (1972. dec. 15.- 1990. dec. 6.); Nicolae-Drago\u015f, jog\u00e1sz,. egyetemi tan\u00e1r (1972. dec. 15.\u2013). \u2013 K\u00f6z\u00e9piskol\u00e1i Temesv\u00e1ron az \u201eEftimie Murgu\u201d l\u00edc.-ban (1957\u201360), egyetemet a kv.-i BBTE t\u00f6rt\u00e9nelem-filoz\u00f3fia szak\u00e1n v\u00e9gzett (1960\u201365). Humboldt \u00f6szt\u00f6nd\u00edjask\u00e9nt M\u00fcnchenben (1975), kelet \u00e9s d\u00e9lkelet Eur\u00f3pa t\u00f6rt\u00e9nelm\u00e9t kutatta, prof. dr. George Stadtm\u00fcler mellett. A t\u00f6rt\u00e9nelem tudom\u00e1nyok doktora c\u00edmet Kv.-on nyerte (1979) Pavel Vasici : Via\u0163a \u015fi opera c. munk\u00e1j\u00e1val. Tan\u00e1r volt a temesill\u00e9sdi \u00e1ltal\u00e1nos iskol\u00e1ban (1965\u201367), kutat\u00f3 a Rom\u00e1n Tudom\u00e1nyos Akad\u00e9mia mv.-i fi\u00f3kj\u00e1ban (1967\u2013), tudom\u00e1nyos kutat\u00f3 (1970\u2013), a Tudom\u00e1nyos Tan\u00e1cs titk\u00e1ra (1971\u201374), III. fokozat\u00fa f\u0151kutat\u00f3 (1977\u2013), II. fokozat\u00fa f\u0151kutat\u00f3 \u00e9s a \u201cGheorghe \u015eincai \u201c T\u00e1rsadalmi- Hum\u00e1n Kutat\u00f3 Int\u00e9zet aligazgat\u00f3ja (1990\u2013), I. fokozat\u00fa tudom\u00e1nyos kutat\u00f3 (1992\u2013) \u00e9s az int\u00e9zet igazgat\u00f3ja volt hal\u00e1l\u00e1ig (1995- 2006). A mv.-i \u201ePetru Maior\u201d Egyetem Tudom\u00e1ny \u00e9s Irodalom katedr\u00e1j\u00e1n a modern t\u00f6rt\u00e9nelem egyetemi tan\u00e1ra (1998\u20132006), D\u00e9l-Kelet Eur\u00f3pa t\u00f6rt\u00e9nelme, az 1848-as forradalom a Habsburg Birodalomban kurzusoknak. Vezet\u0151je az Eur\u00f3pa \u00e9s a modern Rom\u00e1n \u00e1llam, valamint A XVIII-XIX. sz.-i K\u00f6z\u00f6s Eur\u00f3pa tervek mesterk\u00e9pz\u0151 kurzusoknak. T\u00f6bb tanulm\u00e1ny szerz\u0151je \u00e9s szerkeszt\u0151je, t\u00f6bb mint 300 dolgozatot, tudom\u00e1nyos kutat\u00e1st \u00e9s cikket \u00edrt els\u0151sorban a rom\u00e1n \u00e9s az egyetemes t\u00f6rt\u00e9nelem 18. \u201320. sz\u00e1zadi t\u00e9mak\u00f6r\u00e9b\u0151l, a jelent\u0151s szem\u00e9lyek \u00e9let\u00fatj\u00e1r\u00f3l tett eddig felt\u00e1ratlan dokumentumokat k\u00f6zz\u00e9, a Fels\u0151-Maros \u00e9s a Mez\u0151s\u00e9g m\u00faltj\u00e1t tanulm\u00e1nyozta. Sz\u00e1mos nemzetk\u00f6zi (Stuttgard, M\u00fcnchen, Madrid, Oslo, USA \u2013beli, kanadai, moldvai \u00e9s magyarorsz\u00e1gi v\u00e1rosokban) \u00e9s hazai tudom\u00e1nyos konferenci\u00e1n vett r\u00e9szt \u00e9s szervez\u0151je volt t\u00f6bb hazai \u00e9s k\u00fclf\u00f6ldi tudom\u00e1nyos \u00f6sszej\u00f6vetelnek. F\u0151szerkeszt\u0151je volt a Anuarul Institutului de Cercet\u0103ri Socio-Umane\u201d Gheorghe \u015eincai\u201d c. \u00e9vk\u00f6nyvnek, szerkeszt\u0151s\u00e9gi tagja a Studia Universitatis Petru Maior, Seria Historia, Reghinul cultural c. foly\u00f3iratoknak. K\u00f6z\u00f6lt a helyi \u00fajs\u00e1gokban \u00e9s a hazai \u00e9s k\u00fclf\u00f6ldi szaklapokban: Vatra, Reghinul cultural, Probleme economice, Cercet\u0103ri medicale, Calendarul revistei Transilvania, Studia bibliologica, Studii, Studii de istorie, filologie \u015fi istoria artei, Revista bibliotecilor, Studii \u015fi materiale, Studii \u015fi comunic\u0103ri, Studii \u015fi cercet\u0103ri de \u015ftiin\u0163e sociale, Revue Roumaine d\u2019Histoire, Revista arhivelor, Banatica, Mitropolia Ardealului, Marisia, Marma\u0163ia, Studia Universitatis Babe\u015f-Bolyai, Cercet\u0103ri de \u015ftiin\u0163e sociale, Actes (Stuttgart), Rom\u00e2nii \u00een istoria universal\u0103, \u015ecoala Ardelaen\u0103, Memoriile sec\u0163iei de \u015etiin\u0163e Istorice \u015fi Arheologice, Anuarul Institutului de Cercet\u0103ri Socio-Umane \u201eGh. \u015eincai\u201d, Astra reghinean\u0103, Recurs, Studia Universitatis Petru Maior, seria Historia, Anuarul Arhivelor Mure\u015fene, Historia, Simpozion (Gyula), Libraria, etc.. Bel- \u00e9s k\u00fclf\u00f6ldi tudom\u00e1nyos t\u00e1rsas\u00e1gok tagja volt: Rom\u00e1niai Nemzeti T\u00f6rt\u00e9n\u00e9sz Bizotts\u00e1g\u00e1nak, az Erd\u00e9lyi \u00e9s B\u00e1n\u00e1ti T\u00f6rt\u00e9n\u00e9szek Sz\u00f6vets\u00e9g\u00e9nek, a mil\u00e1n\u00f3i Nemzetk\u00f6zi Kapcsolatok T\u00f6rt\u00e9n\u00e9sz Bizotts\u00e1g\u00e1nak \u00e9s az Arbeitskreis f\u00fcr Siebenb\u00fcrgische Landeskunde rom\u00e1n szekci\u00f3j\u00e1nak. A kv.-i BBTE \u00e9s a Ia\u015fi \u201eAl. I. Cuza\u201d egyetem doktor\u00e1tusi bizotts\u00e1g\u00e1nak tagja. Kit\u00fcntet\u00e9sei, d\u00edjai: a Rom\u00e1n Akad\u00e9mia N. B\u0103lcescu-d\u00edja (1977), N. Iorga-d\u00edj (1994), a mv.-i Vasile Netea alap\u00edtv\u00e1ny d\u00edj, oktat\u00e1s\u00fcgyi \u00e9rdem\u00e9rem tiszti fokozat\u00e1t (Meritul pentru \u00eenv\u0103\u0163\u0103m\u00e2nt) (2004), a Maros megye \u00e9s a Sz\u00e1szr\u00e9geni municipium \u00e9rdemoklevel\u00e9t kapta. \u2013 <strong>F. m.:<\/strong> Rom\u00e2nii \u00een con\u015ftiin\u0163a Europei [Studii \u015fi articole 1.] (Tg. M., 1994); Receptarea operei \u015fi personalit\u0103\u0163ii lui Dimitrie Cantemir \u00een Europa: Studii \u015fi articole [2.] (Tg. M., 2007); Rom\u00e2nii \u00een con\u015ftiin\u0163a Europei [Studii \u015fi articole 3.] (Tg. M., 2010); Pavel Vasici : Via\u0163a \u015fi opera (Tg. M., 2008); Contribu\u0163ii la cunoa\u015fterea vie\u0163ii culturale \u015fi politice a rom\u00e2nilor din \u0163inuturile mure\u015fene: Studii \u015fi portrete (Tg.M., 2010); Sentimentul istoriei (Tg.M., 2011); <strong>t\u00e1rssz.:<\/strong> Cetatea T\u00e2rgu-Mure\u015fului (Chiorean, I., Du\u015fa Traian-nal; Tg.M., 1968); O pagin\u0103 de istorie: Biserica de lemn din T\u00e2rgu-Mure\u015f (Du\u015fa Traiannal; Tg. M., 1969); Profiluri mure\u015fene. 1\u20132 k\u00f6t.(Tg: M., 1971, 1973); George Bari\u0163 \u015fi contemporanii s\u0103i. 2. k\u00f6t. (Buc., 1975); Independen\u0163a Rom\u00e2niei: Documente. 3. k\u00f6t. (Buc., 1977); Mure\u015f Jude\u0163ele patriei (Buc., 1980); Epopeea de pe Mure\u015f (Suciu Vasie, L\u0103dariu, Laz\u0103r-ral; Tg. M., 1985); Elie C\u00e2mpianu (Tg. M., 1999); Confederalismul pa\u015foptist: \u00centre utopie \u015fi realitate (Buc., 2001); gy\u0171jtem\u00e9nyes k\u00f6t.: Centenarul Societ\u0103\u0163ii pentru crearea unui fond de teatru rom\u00e2n (Oradea, 1972); In memoriam Avram Iancu (Tg. M., 1972); Deutsch-rum\u00e4nisches Colloqvium (M\u00fcnchen, 1974); Sub semnul lui Clio: Omagiu Acad. \u015etefan Pascu (Cluj, 1974); Studii \u015fi cercet\u0103ri de \u015ftiin\u0163e sociale (Buc., 1977); Octavian C. T\u0103sl\u0103uanu: Volum comemorativ (Miercurea Ciuc, 1978); Repere sibiene: Studii \u015fi referate (Sibiu, 1980); Rom\u00e2nii \u00een istoria universal\u0103 (Ia\u015fi, 1987); La revolution francaise et les Roumaines (Ia\u015fi, 1989); De la umanism la iluminism (Tg. M., 1994); A. D. Xenopol : Omul \u015fi opera (Tg. M., 1995); Pagini din istoria biliotecilor reghinene (Reghin, 1995); Interferen\u0163e istorice \u015fi culturale rom\u00e2no-europene (Tg. M., 1996); Studii \u015fi comunic\u0103ri (Reghin, 1999); Revolu\u0163ia de la 1848 \u00een Europa Central\u0103: Perspectiv\u0103 istoric\u0103 \u015fi istoriografic\u0103 (Cluj, 2000); S\u00e2ngeorgiu de Mure\u015f: 150 de ani de la Revolu\u0163ia din 1848\u20131849. (Tg. M., 2000); Aurel Filimon (Tg.M., 2001); Teleki-T\u00e9ka: Eml\u00e9kk\u00f6nyv (Mv., 2002); Omagiu acad. Dan Berindei (Buc., 2003); Simpozion (Gyula, 2003, 2004); Popa, Traian: Monografia or\u015fului T\u00e2rgu-Mure\u015f [bevez., bibliogr.] (Tg.M., 2005); <strong>szerk.:<\/strong> Reghinul cultural: Studii \u015fi articole (1. Tg. M., 1982; 2. Tg.M., 1990; 3. Reghin, 1994; 4. Reghin, 1999; 5. Reghin, 2001; 6. Reghin, 2002; 7. Reghin, 2004; 8. Reghin, 2006), Cercet\u0103ri de \u015ftiin\u0163e sociale (2. Tg. M., 1984; 3. Tg. M., 1987), Interferen\u0163e istorice \u015fi culturale rom\u00e2no-europene (Tg. M., 1996), Elie C\u00e2mpianu \u2013 omul \u015fi faptele sale (Tg. M., 1999), Anuarul Institutului de Cercet\u0103ri Socio-Umane, (1\u20138.Tg. M., 1998\u20132005). <br \/><strong>Irod.:<\/strong> C. L. (2006. dec. 30.); Clujeni ai sec.20; Dasc\u0103li mure\u015feni 4.; Du\u015fa: Pagini de istorie, art\u0103 \u015fi cultur\u0103, 4.; Vasile Dobrescu: \u00cen memoriam G. P. (Regh. cult. 8., 2006); L\u00e1szl\u00f3 \u2013 Nov\u00e1k; Lumina (Gyula, 2005); M. okl. Rom.; Gh. Naghi, Pr.: Istoricul G. P. (1943\u20132006): \u00cencercare minibiobibliografic\u0103 (Meridianul rom\u00e2nesc, San Joe, California, 8. sept. 2007); Todea 2013; Alexandru Zub: G. P.(Academica, ian.-febr., 2007)<\/br><\/p>\n","protected":false},"excerpt":{"rendered":"<p>Temesv\u00e1r, 1943. jan. 13., \u2020 Mv., 2006. dec. 28.: t\u00f6rt\u00e9n\u00e9sz, egyetemi tan\u00e1r. \u2013 Feles\u00e9ge: Cosmu\u0163a Maria. Gyermekeik: Ioana, angolnyelv tan\u00e1r (Mv., 1969. febr. 20. \u2013); Lucian \u2013Gelu (1972. dec. 15.- 1990. dec. 6.); Nicolae-Drago\u015f, jog\u00e1sz,. egyetemi tan\u00e1r (1972. dec. 15.\u2013). \u2013 K\u00f6z\u00e9piskol\u00e1i Temesv\u00e1ron az \u201eEftimie Murgu\u201d l\u00edc.-ban (1957\u201360), egyetemet a kv.-i BBTE t\u00f6rt\u00e9nelem-filoz\u00f3fia szak\u00e1n v\u00e9gzett [&hellip;]<\/p>\n","protected":false},"featured_media":0,"comment_status":"open","ping_status":"closed","template":"","meta":[],"product_brand":[],"product_cat":[137],"product_tag":[],"class_list":{"0":"post-18325","1":"product","2":"type-product","3":"status-publish","5":"product_cat-maros-megyei-eletrajzi-lexikon","7":"first","8":"instock","9":"shipping-taxable","10":"product-type-simple"},"_links":{"self":[{"href":"https:\/\/uj.adatbank.ro\/lexikon\/wp-json\/wp\/v2\/product\/18325","targetHints":{"allow":["GET"]}}],"collection":[{"href":"https:\/\/uj.adatbank.ro\/lexikon\/wp-json\/wp\/v2\/product"}],"about":[{"href":"https:\/\/uj.adatbank.ro\/lexikon\/wp-json\/wp\/v2\/types\/product"}],"replies":[{"embeddable":true,"href":"https:\/\/uj.adatbank.ro\/lexikon\/wp-json\/wp\/v2\/comments?post=18325"}],"wp:attachment":[{"href":"https:\/\/uj.adatbank.ro\/lexikon\/wp-json\/wp\/v2\/media?parent=18325"}],"wp:term":[{"taxonomy":"product_brand","embeddable":true,"href":"https:\/\/uj.adatbank.ro\/lexikon\/wp-json\/wp\/v2\/product_brand?post=18325"},{"taxonomy":"product_cat","embeddable":true,"href":"https:\/\/uj.adatbank.ro\/lexikon\/wp-json\/wp\/v2\/product_cat?post=18325"},{"taxonomy":"product_tag","embeddable":true,"href":"https:\/\/uj.adatbank.ro\/lexikon\/wp-json\/wp\/v2\/product_tag?post=18325"}],"curies":[{"name":"wp","href":"https:\/\/api.w.org\/{rel}","templated":true}]}}