{"id":18327,"date":"2025-07-16T10:47:44","date_gmt":"2025-07-16T08:47:44","guid":{"rendered":"https:\/\/uj.adatbank.ro\/lexikon\/termek\/plutz-jozsef-plutz-iosif\/"},"modified":"2025-07-16T10:47:44","modified_gmt":"2025-07-16T08:47:44","slug":"plutz-jozsef-plutz-iosif","status":"publish","type":"product","link":"https:\/\/uj.adatbank.ro\/lexikon\/termek\/plutz-jozsef-plutz-iosif\/","title":{"rendered":"PLUTZ J\u00f3zsef, Plutz Iosif"},"content":{"rendered":"<p>Makfalva, 1887, \u2020\u00a0?: \u00fcgyv\u00e9d. \u2013 Mv.-en volt \u00fcgyv\u00e9d, dr. \u2013 Feles\u00e9ge: Konr\u00e1d R\u00f3zsika (1893.? \u2013 1915. m\u00e1j. 29.). \u2013 R\u00e9szt vett az I. vh.-ban (1914\u201318), az orosz frontra ker\u00fclt, majd az olasz fronton harcolt, ahol megsebes\u00fclt, majd tifuszt kapott. F\u0151hadnagyi rangban szerelt le Mv.-en. Mv.-en a k\u00f6zigazgat\u00e1si bizotts\u00e1g tagja (1925).\u00daj lapot ind\u00edtott Mv.-en, Egyet\u00e9rt\u00e9s c. melynek felel\u0151s szerkeszt\u0151je (1926. febr.14.), csup\u00e1n csak 4 sz\u00e1ma jelent meg., t\u00e1mogatta a Nemzeti Paraszt P\u00e1rtot a v\u00e1laszt\u00e1si kamp\u00e1nyban, ez\u00e9rt kiz\u00e1rt\u00e1k a MP -b\u00f3l. <br \/><strong>Irod.:<\/strong> Almanah Tg.M.; Erd\u00e9lyi ezredek; [H\u00edr] (Az Ellenz\u00e9k, 1926. febr. 15.), Gy\u00e1szjelent\u0151; Id\u0151t\u00e1r 3<\/br><\/p>\n","protected":false},"excerpt":{"rendered":"<p>Makfalva, 1887, \u2020\u00a0?: \u00fcgyv\u00e9d. \u2013 Mv.-en volt \u00fcgyv\u00e9d, dr. \u2013 Feles\u00e9ge: Konr\u00e1d R\u00f3zsika (1893.? \u2013 1915. m\u00e1j. 29.). \u2013 R\u00e9szt vett az I. vh.-ban (1914\u201318), az orosz frontra ker\u00fclt, majd az olasz fronton harcolt, ahol megsebes\u00fclt, majd tifuszt kapott. F\u0151hadnagyi rangban szerelt le Mv.-en. Mv.-en a k\u00f6zigazgat\u00e1si bizotts\u00e1g tagja (1925).\u00daj lapot ind\u00edtott Mv.-en, Egyet\u00e9rt\u00e9s c. [&hellip;]<\/p>\n","protected":false},"featured_media":0,"comment_status":"open","ping_status":"closed","template":"","meta":[],"product_brand":[],"product_cat":[137],"product_tag":[],"class_list":{"0":"post-18327","1":"product","2":"type-product","3":"status-publish","5":"product_cat-maros-megyei-eletrajzi-lexikon","7":"first","8":"instock","9":"shipping-taxable","10":"product-type-simple"},"_links":{"self":[{"href":"https:\/\/uj.adatbank.ro\/lexikon\/wp-json\/wp\/v2\/product\/18327","targetHints":{"allow":["GET"]}}],"collection":[{"href":"https:\/\/uj.adatbank.ro\/lexikon\/wp-json\/wp\/v2\/product"}],"about":[{"href":"https:\/\/uj.adatbank.ro\/lexikon\/wp-json\/wp\/v2\/types\/product"}],"replies":[{"embeddable":true,"href":"https:\/\/uj.adatbank.ro\/lexikon\/wp-json\/wp\/v2\/comments?post=18327"}],"wp:attachment":[{"href":"https:\/\/uj.adatbank.ro\/lexikon\/wp-json\/wp\/v2\/media?parent=18327"}],"wp:term":[{"taxonomy":"product_brand","embeddable":true,"href":"https:\/\/uj.adatbank.ro\/lexikon\/wp-json\/wp\/v2\/product_brand?post=18327"},{"taxonomy":"product_cat","embeddable":true,"href":"https:\/\/uj.adatbank.ro\/lexikon\/wp-json\/wp\/v2\/product_cat?post=18327"},{"taxonomy":"product_tag","embeddable":true,"href":"https:\/\/uj.adatbank.ro\/lexikon\/wp-json\/wp\/v2\/product_tag?post=18327"}],"curies":[{"name":"wp","href":"https:\/\/api.w.org\/{rel}","templated":true}]}}