{"id":18330,"date":"2025-07-16T10:47:51","date_gmt":"2025-07-16T08:47:51","guid":{"rendered":"https:\/\/uj.adatbank.ro\/lexikon\/termek\/podariu-teodor\/"},"modified":"2025-07-16T10:47:51","modified_gmt":"2025-07-16T08:47:51","slug":"podariu-teodor","status":"publish","type":"product","link":"https:\/\/uj.adatbank.ro\/lexikon\/termek\/podariu-teodor\/","title":{"rendered":"PODARIU, Teodor"},"content":{"rendered":"<p>Ol\u00e1hp\u00e9ntek (Kolozs), 1907., \u2020\u00a0?\u00a0: tan\u00e1r, folklorista. \u2013 Rom\u00e1n szakot v\u00e9gzett a kv.-i egyetemen (1928\u201332). M\u00e1r egyetemista kor\u00e1ban Flori de C\u00e2mpie c.-mel n\u00e9pdalgy\u0171jtem\u00e9nyt tett k\u00f6zz\u00e9 Szebenben a Bibloteca poporal\u0103 c. gy\u0171jtem\u00e9nyben (1929). El\u0151bb a kv.-i Patria c. \u00fajs\u00e1g szerkeszt\u0151je lett, majd tan\u00e1r Mv.-en, a Papiu Ilarian L\u00edc. zenetan\u00e1ra (1934\u201335). A Tinerimea Rom\u00e2n\u0103 Egyes\u00fclet eln\u00f6k\u00e9v\u00e9 v\u00e1lasztott\u00e1k. Tagja volt a Rom\u00e1n Tan\u00edt\u00f3k Egyes\u00fclet\u00e9nek. \u00c9rt\u00e9kes n\u00e9pk\u00f6lt\u00e9szeti gy\u0171jt\u0151munk\u00e1t v\u00e9gzett Erd\u00e9ly ter\u00fclet\u00e9n. N\u00e9h\u00e1ny darabj\u00e1t le is ford\u00edtotta Ode de Chateauvieux francia nyelvre, lengyel nyelvre is ford\u00edtottak munk\u00e1ib\u00f3l. Munkat\u00e1rsa volt m\u00e9g a Foaia interesant\u0103, Comoara satelor c. lapoknak. A nyugd\u00edjaz\u00e1sa ut\u00e1n Brass\u00f3ba k\u00f6lt\u00f6z\u00f6tt. \u2013 <strong>F. m.:<\/strong> Flori de pe c\u00eempie (Szeben, 1929). <br \/><strong>Irod.:<\/strong> Datcu; M\u0103rtina\u015f; M\u0103rtina\u015f; Netea: Folclorul; Niculescu.Varone: Bibliografia poeziei noastre populare (Buc., 1936); Todea 2013<\/br><\/p>\n","protected":false},"excerpt":{"rendered":"<p>Ol\u00e1hp\u00e9ntek (Kolozs), 1907., \u2020\u00a0?\u00a0: tan\u00e1r, folklorista. \u2013 Rom\u00e1n szakot v\u00e9gzett a kv.-i egyetemen (1928\u201332). M\u00e1r egyetemista kor\u00e1ban Flori de C\u00e2mpie c.-mel n\u00e9pdalgy\u0171jtem\u00e9nyt tett k\u00f6zz\u00e9 Szebenben a Bibloteca poporal\u0103 c. gy\u0171jtem\u00e9nyben (1929). El\u0151bb a kv.-i Patria c. \u00fajs\u00e1g szerkeszt\u0151je lett, majd tan\u00e1r Mv.-en, a Papiu Ilarian L\u00edc. zenetan\u00e1ra (1934\u201335). A Tinerimea Rom\u00e2n\u0103 Egyes\u00fclet eln\u00f6k\u00e9v\u00e9 v\u00e1lasztott\u00e1k. Tagja [&hellip;]<\/p>\n","protected":false},"featured_media":0,"comment_status":"open","ping_status":"closed","template":"","meta":[],"product_brand":[],"product_cat":[137],"product_tag":[],"class_list":{"0":"post-18330","1":"product","2":"type-product","3":"status-publish","5":"product_cat-maros-megyei-eletrajzi-lexikon","7":"first","8":"instock","9":"shipping-taxable","10":"product-type-simple"},"_links":{"self":[{"href":"https:\/\/uj.adatbank.ro\/lexikon\/wp-json\/wp\/v2\/product\/18330","targetHints":{"allow":["GET"]}}],"collection":[{"href":"https:\/\/uj.adatbank.ro\/lexikon\/wp-json\/wp\/v2\/product"}],"about":[{"href":"https:\/\/uj.adatbank.ro\/lexikon\/wp-json\/wp\/v2\/types\/product"}],"replies":[{"embeddable":true,"href":"https:\/\/uj.adatbank.ro\/lexikon\/wp-json\/wp\/v2\/comments?post=18330"}],"wp:attachment":[{"href":"https:\/\/uj.adatbank.ro\/lexikon\/wp-json\/wp\/v2\/media?parent=18330"}],"wp:term":[{"taxonomy":"product_brand","embeddable":true,"href":"https:\/\/uj.adatbank.ro\/lexikon\/wp-json\/wp\/v2\/product_brand?post=18330"},{"taxonomy":"product_cat","embeddable":true,"href":"https:\/\/uj.adatbank.ro\/lexikon\/wp-json\/wp\/v2\/product_cat?post=18330"},{"taxonomy":"product_tag","embeddable":true,"href":"https:\/\/uj.adatbank.ro\/lexikon\/wp-json\/wp\/v2\/product_tag?post=18330"}],"curies":[{"name":"wp","href":"https:\/\/api.w.org\/{rel}","templated":true}]}}