{"id":18331,"date":"2025-07-16T10:47:53","date_gmt":"2025-07-16T08:47:53","guid":{"rendered":"https:\/\/uj.adatbank.ro\/lexikon\/termek\/podhajeczky-robert\/"},"modified":"2025-07-16T10:47:53","modified_gmt":"2025-07-16T08:47:53","slug":"podhajeczky-robert","status":"publish","type":"product","link":"https:\/\/uj.adatbank.ro\/lexikon\/termek\/podhajeczky-robert\/","title":{"rendered":"PODHAJECZKY R\u00f3bert"},"content":{"rendered":"<p>Eperjes, 1838. j\u00fan. 6., \u2020 Bp., 1899. m\u00e1rc. 3.: kir. telekk\u00f6nyvvezet\u0151 Mv.-en (1875), k\u00e9s\u0151bb Budapesten. \u2013 Telekk\u00f6nyvi cikkeket \u00edrt a Kolozsv\u00e1ri Unioba (1868), k\u00e9s\u0151bb a Honba, a Telekk\u00f6nyvi K\u00f6zl\u00f6nybe \u00e9s a Sz\u00e9kely Hirlapba. \u2013. <strong>F. m.:<\/strong> A telekk\u00f6nyvi beadv\u00e1nyok helyes szerkeszt\u00e9sei. (Mv., 1874., 1878). <br \/><strong>Irod.:<\/strong> Szinnyei.<\/br><\/p>\n","protected":false},"excerpt":{"rendered":"<p>Eperjes, 1838. j\u00fan. 6., \u2020 Bp., 1899. m\u00e1rc. 3.: kir. telekk\u00f6nyvvezet\u0151 Mv.-en (1875), k\u00e9s\u0151bb Budapesten. \u2013 Telekk\u00f6nyvi cikkeket \u00edrt a Kolozsv\u00e1ri Unioba (1868), k\u00e9s\u0151bb a Honba, a Telekk\u00f6nyvi K\u00f6zl\u00f6nybe \u00e9s a Sz\u00e9kely Hirlapba. \u2013. F. m.: A telekk\u00f6nyvi beadv\u00e1nyok helyes szerkeszt\u00e9sei. (Mv., 1874., 1878). Irod.: Szinnyei.<\/p>\n","protected":false},"featured_media":0,"comment_status":"open","ping_status":"closed","template":"","meta":[],"product_brand":[],"product_cat":[137],"product_tag":[],"class_list":{"0":"post-18331","1":"product","2":"type-product","3":"status-publish","5":"product_cat-maros-megyei-eletrajzi-lexikon","7":"first","8":"instock","9":"shipping-taxable","10":"product-type-simple"},"_links":{"self":[{"href":"https:\/\/uj.adatbank.ro\/lexikon\/wp-json\/wp\/v2\/product\/18331","targetHints":{"allow":["GET"]}}],"collection":[{"href":"https:\/\/uj.adatbank.ro\/lexikon\/wp-json\/wp\/v2\/product"}],"about":[{"href":"https:\/\/uj.adatbank.ro\/lexikon\/wp-json\/wp\/v2\/types\/product"}],"replies":[{"embeddable":true,"href":"https:\/\/uj.adatbank.ro\/lexikon\/wp-json\/wp\/v2\/comments?post=18331"}],"wp:attachment":[{"href":"https:\/\/uj.adatbank.ro\/lexikon\/wp-json\/wp\/v2\/media?parent=18331"}],"wp:term":[{"taxonomy":"product_brand","embeddable":true,"href":"https:\/\/uj.adatbank.ro\/lexikon\/wp-json\/wp\/v2\/product_brand?post=18331"},{"taxonomy":"product_cat","embeddable":true,"href":"https:\/\/uj.adatbank.ro\/lexikon\/wp-json\/wp\/v2\/product_cat?post=18331"},{"taxonomy":"product_tag","embeddable":true,"href":"https:\/\/uj.adatbank.ro\/lexikon\/wp-json\/wp\/v2\/product_tag?post=18331"}],"curies":[{"name":"wp","href":"https:\/\/api.w.org\/{rel}","templated":true}]}}