{"id":18334,"date":"2025-07-16T10:47:59","date_gmt":"2025-07-16T08:47:59","guid":{"rendered":"https:\/\/uj.adatbank.ro\/lexikon\/termek\/pogacean-ioan\/"},"modified":"2025-07-16T10:47:59","modified_gmt":"2025-07-16T08:47:59","slug":"pogacean-ioan","status":"publish","type":"product","link":"https:\/\/uj.adatbank.ro\/lexikon\/termek\/pogacean-ioan\/","title":{"rendered":"POG\u0102CEAN, Ioan"},"content":{"rendered":"<p>Uzdiszentp\u00e9ter, 1900., \u2020 Uzdiszentp\u00e9ter, 1956.: polg\u00e1rmester. \u2013 Sz\u00fcl\u0151faluja polg\u00e1rmestere (1947\u201349). Nyolc gyermek apja. A Securitate letart\u00f3ztatta, a v\u00e1d ellene: a Maniu G\u00e1rda tagja volt, \u00e9s tiltott fegyvert dugdosott. A v\u00e1dak nem igazol\u00f3dtak, hetek m\u00fatl\u00e1n kiengedt\u00e9k. Az igazi ok is kider\u00fclt: tagja volt a RNPP.-nak \u00e9s az Ek\u00e9s Frontnak, amit nem n\u00e9ztek j\u00f3 szemmel. <br \/><strong>Irod.:<\/strong> S\u00e2npetru de C\u00e2mpie<\/br><\/p>\n","protected":false},"excerpt":{"rendered":"<p>Uzdiszentp\u00e9ter, 1900., \u2020 Uzdiszentp\u00e9ter, 1956.: polg\u00e1rmester. \u2013 Sz\u00fcl\u0151faluja polg\u00e1rmestere (1947\u201349). Nyolc gyermek apja. A Securitate letart\u00f3ztatta, a v\u00e1d ellene: a Maniu G\u00e1rda tagja volt, \u00e9s tiltott fegyvert dugdosott. A v\u00e1dak nem igazol\u00f3dtak, hetek m\u00fatl\u00e1n kiengedt\u00e9k. Az igazi ok is kider\u00fclt: tagja volt a RNPP.-nak \u00e9s az Ek\u00e9s Frontnak, amit nem n\u00e9ztek j\u00f3 szemmel. Irod.: S\u00e2npetru [&hellip;]<\/p>\n","protected":false},"featured_media":0,"comment_status":"open","ping_status":"closed","template":"","meta":[],"product_brand":[],"product_cat":[137],"product_tag":[],"class_list":{"0":"post-18334","1":"product","2":"type-product","3":"status-publish","5":"product_cat-maros-megyei-eletrajzi-lexikon","7":"first","8":"instock","9":"shipping-taxable","10":"product-type-simple"},"_links":{"self":[{"href":"https:\/\/uj.adatbank.ro\/lexikon\/wp-json\/wp\/v2\/product\/18334","targetHints":{"allow":["GET"]}}],"collection":[{"href":"https:\/\/uj.adatbank.ro\/lexikon\/wp-json\/wp\/v2\/product"}],"about":[{"href":"https:\/\/uj.adatbank.ro\/lexikon\/wp-json\/wp\/v2\/types\/product"}],"replies":[{"embeddable":true,"href":"https:\/\/uj.adatbank.ro\/lexikon\/wp-json\/wp\/v2\/comments?post=18334"}],"wp:attachment":[{"href":"https:\/\/uj.adatbank.ro\/lexikon\/wp-json\/wp\/v2\/media?parent=18334"}],"wp:term":[{"taxonomy":"product_brand","embeddable":true,"href":"https:\/\/uj.adatbank.ro\/lexikon\/wp-json\/wp\/v2\/product_brand?post=18334"},{"taxonomy":"product_cat","embeddable":true,"href":"https:\/\/uj.adatbank.ro\/lexikon\/wp-json\/wp\/v2\/product_cat?post=18334"},{"taxonomy":"product_tag","embeddable":true,"href":"https:\/\/uj.adatbank.ro\/lexikon\/wp-json\/wp\/v2\/product_tag?post=18334"}],"curies":[{"name":"wp","href":"https:\/\/api.w.org\/{rel}","templated":true}]}}