{"id":18336,"date":"2025-07-16T10:48:02","date_gmt":"2025-07-16T08:48:02","guid":{"rendered":"https:\/\/uj.adatbank.ro\/lexikon\/termek\/pogacean-ioan-canacelu\/"},"modified":"2025-07-16T10:48:02","modified_gmt":"2025-07-16T08:48:02","slug":"pogacean-ioan-canacelu","status":"publish","type":"product","link":"https:\/\/uj.adatbank.ro\/lexikon\/termek\/pogacean-ioan-canacelu\/","title":{"rendered":"POG\u0102CEAN, Ioan, C\u0103n\u0103celu"},"content":{"rendered":"<p>Uzdiszentp\u00e9ter, 1920. \u2020 Uzdiszentp\u00e9ter , ? : f\u00f6ldm\u0171ves. \u2013 Beh\u00edvt\u00e1k katon\u00e1nak a tordai katonak\u00f6zpontba (1942\u2013), Gyulafeh\u00e9rv\u00e1ron 4 h\u00f3napi kik\u00e9pz\u00e9s ut\u00e1n kivitt\u00e9k a frontra, Moldv\u00e1ban harcolt felder\u00edt\u0151 megfigyel\u0151k\u00e9nt (1944. m\u00e1rc.\u2013aug.). H\u0151siess\u00e9g\u00e9t a B\u0103rb\u0103\u0163ie \u015fi Credin\u0163\u0103 kit\u00fcntet\u00e9ssel jutalmazt\u00e1k. Orosz fogs\u00e1gba esett (1944. aug. 24.- 946), Botosaniba majd a Szovjet\u00fani\u00f3ba hurcolt\u00e1k, ahol sz\u00e9nb\u00e1ny\u00e1ban, erd\u0151kitermel\u00e9sn\u00e9l v\u00e9gzett k\u00e9nyszermunk\u00e1t. Hazat\u00e9r\u00e9se ut\u00e1n Uzdiszentp\u00e9terben, feles\u00e9ge birtokain gazd\u00e1lkodott. <br \/><strong>Irod.:<\/strong> S\u00e2npetru de C\u00e2mpie<\/br><\/p>\n","protected":false},"excerpt":{"rendered":"<p>Uzdiszentp\u00e9ter, 1920. \u2020 Uzdiszentp\u00e9ter , ? : f\u00f6ldm\u0171ves. \u2013 Beh\u00edvt\u00e1k katon\u00e1nak a tordai katonak\u00f6zpontba (1942\u2013), Gyulafeh\u00e9rv\u00e1ron 4 h\u00f3napi kik\u00e9pz\u00e9s ut\u00e1n kivitt\u00e9k a frontra, Moldv\u00e1ban harcolt felder\u00edt\u0151 megfigyel\u0151k\u00e9nt (1944. m\u00e1rc.\u2013aug.). H\u0151siess\u00e9g\u00e9t a B\u0103rb\u0103\u0163ie \u015fi Credin\u0163\u0103 kit\u00fcntet\u00e9ssel jutalmazt\u00e1k. Orosz fogs\u00e1gba esett (1944. aug. 24.- 946), Botosaniba majd a Szovjet\u00fani\u00f3ba hurcolt\u00e1k, ahol sz\u00e9nb\u00e1ny\u00e1ban, erd\u0151kitermel\u00e9sn\u00e9l v\u00e9gzett k\u00e9nyszermunk\u00e1t. Hazat\u00e9r\u00e9se ut\u00e1n [&hellip;]<\/p>\n","protected":false},"featured_media":0,"comment_status":"open","ping_status":"closed","template":"","meta":[],"product_brand":[],"product_cat":[137],"product_tag":[],"class_list":{"0":"post-18336","1":"product","2":"type-product","3":"status-publish","5":"product_cat-maros-megyei-eletrajzi-lexikon","7":"first","8":"instock","9":"shipping-taxable","10":"product-type-simple"},"_links":{"self":[{"href":"https:\/\/uj.adatbank.ro\/lexikon\/wp-json\/wp\/v2\/product\/18336","targetHints":{"allow":["GET"]}}],"collection":[{"href":"https:\/\/uj.adatbank.ro\/lexikon\/wp-json\/wp\/v2\/product"}],"about":[{"href":"https:\/\/uj.adatbank.ro\/lexikon\/wp-json\/wp\/v2\/types\/product"}],"replies":[{"embeddable":true,"href":"https:\/\/uj.adatbank.ro\/lexikon\/wp-json\/wp\/v2\/comments?post=18336"}],"wp:attachment":[{"href":"https:\/\/uj.adatbank.ro\/lexikon\/wp-json\/wp\/v2\/media?parent=18336"}],"wp:term":[{"taxonomy":"product_brand","embeddable":true,"href":"https:\/\/uj.adatbank.ro\/lexikon\/wp-json\/wp\/v2\/product_brand?post=18336"},{"taxonomy":"product_cat","embeddable":true,"href":"https:\/\/uj.adatbank.ro\/lexikon\/wp-json\/wp\/v2\/product_cat?post=18336"},{"taxonomy":"product_tag","embeddable":true,"href":"https:\/\/uj.adatbank.ro\/lexikon\/wp-json\/wp\/v2\/product_tag?post=18336"}],"curies":[{"name":"wp","href":"https:\/\/api.w.org\/{rel}","templated":true}]}}