{"id":18337,"date":"2025-07-16T10:48:04","date_gmt":"2025-07-16T08:48:04","guid":{"rendered":"https:\/\/uj.adatbank.ro\/lexikon\/termek\/pogacean-martian\/"},"modified":"2025-07-16T10:48:04","modified_gmt":"2025-07-16T08:48:04","slug":"pogacean-martian","status":"publish","type":"product","link":"https:\/\/uj.adatbank.ro\/lexikon\/termek\/pogacean-martian\/","title":{"rendered":"POG\u0102CEAN, Mar\u0163ian"},"content":{"rendered":"<p>Uzdiszentp\u00e9ter, 1898. \u2020 Mv., 1975.: f\u00f6ldbirtokos, gazd\u00e1lkod\u00f3. \u2013 Az apai birtokon dolgozott (1915-ig), amikor er\u0151szakkal elvitt\u00e9k az osztr\u00e1k hadseregbe katon\u00e1nak \u00e9s r\u00e9szt vett az I. vh. harcaiban Olaszo.-ban, Galici\u00e1ban. Hazat\u00e9r\u00e9se ut\u00e1n (1918), a rom\u00e1n hadseregben k\u00f6telezt\u00e9k szolg\u00e1latra. Visszat\u00e9rve sz\u00fcl\u0151faluj\u00e1ba megn\u0151s\u00fclt \u00e9s f\u00f6ldet v\u00e1s\u00e1rolt Teleki Domokos gr.-t\u00f3l, gazd\u00e1lkodott \u00e9s bekapcsol\u00f3dott a falu \u00e9let\u00e9be: tan\u00e1csos, majd polg\u00e1rmester lett (1933\u201336). Meg\u00e9p\u00edttette a faluban a H\u0151s\u00f6k Eml\u00e9km\u0171v\u00e9t, \u00e9s megkezdt\u00e9k a g\u00f6r\u00f6g-kat. templom \u00e9p\u00edt\u00e9s\u00e9t. Saj\u00e1t f\u00f6ldjeib\u0151l 2 ha-t adom\u00e1nyozott a g.kat egyh\u00e1znak, h. a faluban \u00faj, nagyobb templomot \u00e9p\u00edtsenek (1929). T\u00f6bb k\u00f6z\u00e9rdek\u0171 feladatot oldott meg a faluban: iv\u00f3v\u00edzell\u00e1t\u00e1s, elmaradt ad\u00f3befizet\u00e9sek term\u00e9szetbeni v. munk\u00e1val val\u00f3 t\u00f6rleszt\u00e9si lehet\u0151s\u00e9ge, utak, hidak, kutak jav\u00edt\u00e1sa, heti v\u00e1s\u00e1rok megtart\u00e1si enged\u00e9lye, \u00e9jeli \u0151r\u00f6k alkalmaz\u00e1sa, stb. A rendszerv\u00e1lt\u00e1s ut\u00e1n kul\u00e1knak min\u0151s\u00edtett\u00e9k, minden vagyon\u00e1t\u00f3l megfosztott\u00e1k, k\u00e9nyszerlakhelyre hurcolt\u00e1k Mv.-re, ahol 12 \u00e9vig a szekurit\u00e1t\u00e9 zaklatta (1961-ig). A kommunista rendszer buk\u00e1sa ut\u00e1n (1989), csal\u00e1dja visszakapott valamennyi f\u00f6ldet a t\u00f6bb t\u00edzhekt\u00e1ros birtokb\u00f3l. <br \/><strong>Irod.:<\/strong> S\u00e2npetru de C\u00eempie<\/br><\/p>\n","protected":false},"excerpt":{"rendered":"<p>Uzdiszentp\u00e9ter, 1898. \u2020 Mv., 1975.: f\u00f6ldbirtokos, gazd\u00e1lkod\u00f3. \u2013 Az apai birtokon dolgozott (1915-ig), amikor er\u0151szakkal elvitt\u00e9k az osztr\u00e1k hadseregbe katon\u00e1nak \u00e9s r\u00e9szt vett az I. vh. harcaiban Olaszo.-ban, Galici\u00e1ban. Hazat\u00e9r\u00e9se ut\u00e1n (1918), a rom\u00e1n hadseregben k\u00f6telezt\u00e9k szolg\u00e1latra. Visszat\u00e9rve sz\u00fcl\u0151faluj\u00e1ba megn\u0151s\u00fclt \u00e9s f\u00f6ldet v\u00e1s\u00e1rolt Teleki Domokos gr.-t\u00f3l, gazd\u00e1lkodott \u00e9s bekapcsol\u00f3dott a falu \u00e9let\u00e9be: tan\u00e1csos, majd polg\u00e1rmester [&hellip;]<\/p>\n","protected":false},"featured_media":0,"comment_status":"open","ping_status":"closed","template":"","meta":[],"product_brand":[],"product_cat":[137],"product_tag":[],"class_list":{"0":"post-18337","1":"product","2":"type-product","3":"status-publish","5":"product_cat-maros-megyei-eletrajzi-lexikon","7":"first","8":"instock","9":"shipping-taxable","10":"product-type-simple"},"_links":{"self":[{"href":"https:\/\/uj.adatbank.ro\/lexikon\/wp-json\/wp\/v2\/product\/18337","targetHints":{"allow":["GET"]}}],"collection":[{"href":"https:\/\/uj.adatbank.ro\/lexikon\/wp-json\/wp\/v2\/product"}],"about":[{"href":"https:\/\/uj.adatbank.ro\/lexikon\/wp-json\/wp\/v2\/types\/product"}],"replies":[{"embeddable":true,"href":"https:\/\/uj.adatbank.ro\/lexikon\/wp-json\/wp\/v2\/comments?post=18337"}],"wp:attachment":[{"href":"https:\/\/uj.adatbank.ro\/lexikon\/wp-json\/wp\/v2\/media?parent=18337"}],"wp:term":[{"taxonomy":"product_brand","embeddable":true,"href":"https:\/\/uj.adatbank.ro\/lexikon\/wp-json\/wp\/v2\/product_brand?post=18337"},{"taxonomy":"product_cat","embeddable":true,"href":"https:\/\/uj.adatbank.ro\/lexikon\/wp-json\/wp\/v2\/product_cat?post=18337"},{"taxonomy":"product_tag","embeddable":true,"href":"https:\/\/uj.adatbank.ro\/lexikon\/wp-json\/wp\/v2\/product_tag?post=18337"}],"curies":[{"name":"wp","href":"https:\/\/api.w.org\/{rel}","templated":true}]}}