{"id":18338,"date":"2025-07-16T10:48:06","date_gmt":"2025-07-16T08:48:06","guid":{"rendered":"https:\/\/uj.adatbank.ro\/lexikon\/termek\/pogacean-vasile\/"},"modified":"2025-07-16T10:48:06","modified_gmt":"2025-07-16T08:48:06","slug":"pogacean-vasile","status":"publish","type":"product","link":"https:\/\/uj.adatbank.ro\/lexikon\/termek\/pogacean-vasile\/","title":{"rendered":"POG\u0102CEAN, Vasile"},"content":{"rendered":"<p>?, \u2020\u00a0?\u00a0: polg\u00e1rmester Uzdiszentp\u00e9terben (1927. okt.- 33). T\u00f6bb megval\u00f3s\u00edt\u00e1s f\u0171z\u0151dik nev\u00e9hez: a h\u00edres szentp\u00e9teri v\u00e1s\u00e1rok \u00fajj\u00e1szervez\u00e9se, \u00faj iskola \u00e9p\u00edt\u00e9se Barlab\u00e1son (1930 \u201334), b\u00e1baasszony alkalmaz\u00e1sa, \u00fatjav\u00edt\u00e1sok, n\u00e9psz\u00e1ml\u00e1l\u00e1s szervez\u00e9se (1930. dec.), szimentali bika v\u00e1s\u00e1rl\u00e1sa, a falu \u00e9letvitel\u00e9nek gazdaszer\u0171 megszervez\u00e9se.-<br \/><strong>Irod.:<\/strong> S\u00e2npetru de C\u00e2mpie<\/br><\/p>\n","protected":false},"excerpt":{"rendered":"<p>?, \u2020\u00a0?\u00a0: polg\u00e1rmester Uzdiszentp\u00e9terben (1927. okt.- 33). T\u00f6bb megval\u00f3s\u00edt\u00e1s f\u0171z\u0151dik nev\u00e9hez: a h\u00edres szentp\u00e9teri v\u00e1s\u00e1rok \u00fajj\u00e1szervez\u00e9se, \u00faj iskola \u00e9p\u00edt\u00e9se Barlab\u00e1son (1930 \u201334), b\u00e1baasszony alkalmaz\u00e1sa, \u00fatjav\u00edt\u00e1sok, n\u00e9psz\u00e1ml\u00e1l\u00e1s szervez\u00e9se (1930. dec.), szimentali bika v\u00e1s\u00e1rl\u00e1sa, a falu \u00e9letvitel\u00e9nek gazdaszer\u0171 megszervez\u00e9se.-Irod.: S\u00e2npetru de C\u00e2mpie<\/p>\n","protected":false},"featured_media":0,"comment_status":"open","ping_status":"closed","template":"","meta":[],"product_brand":[],"product_cat":[137],"product_tag":[],"class_list":{"0":"post-18338","1":"product","2":"type-product","3":"status-publish","5":"product_cat-maros-megyei-eletrajzi-lexikon","7":"first","8":"instock","9":"shipping-taxable","10":"product-type-simple"},"_links":{"self":[{"href":"https:\/\/uj.adatbank.ro\/lexikon\/wp-json\/wp\/v2\/product\/18338","targetHints":{"allow":["GET"]}}],"collection":[{"href":"https:\/\/uj.adatbank.ro\/lexikon\/wp-json\/wp\/v2\/product"}],"about":[{"href":"https:\/\/uj.adatbank.ro\/lexikon\/wp-json\/wp\/v2\/types\/product"}],"replies":[{"embeddable":true,"href":"https:\/\/uj.adatbank.ro\/lexikon\/wp-json\/wp\/v2\/comments?post=18338"}],"wp:attachment":[{"href":"https:\/\/uj.adatbank.ro\/lexikon\/wp-json\/wp\/v2\/media?parent=18338"}],"wp:term":[{"taxonomy":"product_brand","embeddable":true,"href":"https:\/\/uj.adatbank.ro\/lexikon\/wp-json\/wp\/v2\/product_brand?post=18338"},{"taxonomy":"product_cat","embeddable":true,"href":"https:\/\/uj.adatbank.ro\/lexikon\/wp-json\/wp\/v2\/product_cat?post=18338"},{"taxonomy":"product_tag","embeddable":true,"href":"https:\/\/uj.adatbank.ro\/lexikon\/wp-json\/wp\/v2\/product_tag?post=18338"}],"curies":[{"name":"wp","href":"https:\/\/api.w.org\/{rel}","templated":true}]}}