{"id":18339,"date":"2025-07-16T10:48:08","date_gmt":"2025-07-16T08:48:08","guid":{"rendered":"https:\/\/uj.adatbank.ro\/lexikon\/termek\/pogacianu-romulus\/"},"modified":"2025-07-16T10:48:08","modified_gmt":"2025-07-16T08:48:08","slug":"pogacianu-romulus","status":"publish","type":"product","link":"https:\/\/uj.adatbank.ro\/lexikon\/termek\/pogacianu-romulus\/","title":{"rendered":"POG\u0102CIANU Romulus"},"content":{"rendered":"<p>N\u00e1zn\u00e1nfalva, 1889., \u2020\u00a0?\u00a0: ny\u00e1r\u00e1dszeredai kincst\u00e1ri ellen\u0151r. \u2013A mv.-i gimn\u00e1zium elv\u00e9gz\u00e9se ut\u00e1n p\u00e9nz\u00f6gyi szakvizsg\u00e1t tett. A nagyszebeni p\u00e9nz\u00fcgyigazgat\u00f3s\u00e1gon m\u0171k\u00f6d\u00f6tt (1909), majd \u00e1thelyezt\u00e9k Mv.-re (1919), ahonnan Ny\u00e1r\u00e1dszered\u00e1ra tett\u00e9k mint kincst\u00e1ri ellen\u0151rt. Sz\u00e1mos t\u00e1rsadalmi, kultur\u00e1lis \u00e9s j\u00f3t\u00e9kony egyes\u00fcletben tev\u00e9kenykedett. <br \/><strong>Irod.:<\/strong> Ki kicsoda<\/br><\/p>\n","protected":false},"excerpt":{"rendered":"<p>N\u00e1zn\u00e1nfalva, 1889., \u2020\u00a0?\u00a0: ny\u00e1r\u00e1dszeredai kincst\u00e1ri ellen\u0151r. \u2013A mv.-i gimn\u00e1zium elv\u00e9gz\u00e9se ut\u00e1n p\u00e9nz\u00f6gyi szakvizsg\u00e1t tett. A nagyszebeni p\u00e9nz\u00fcgyigazgat\u00f3s\u00e1gon m\u0171k\u00f6d\u00f6tt (1909), majd \u00e1thelyezt\u00e9k Mv.-re (1919), ahonnan Ny\u00e1r\u00e1dszered\u00e1ra tett\u00e9k mint kincst\u00e1ri ellen\u0151rt. Sz\u00e1mos t\u00e1rsadalmi, kultur\u00e1lis \u00e9s j\u00f3t\u00e9kony egyes\u00fcletben tev\u00e9kenykedett. Irod.: Ki kicsoda<\/p>\n","protected":false},"featured_media":0,"comment_status":"open","ping_status":"closed","template":"","meta":[],"product_brand":[],"product_cat":[137],"product_tag":[],"class_list":{"0":"post-18339","1":"product","2":"type-product","3":"status-publish","5":"product_cat-maros-megyei-eletrajzi-lexikon","7":"first","8":"instock","9":"shipping-taxable","10":"product-type-simple"},"_links":{"self":[{"href":"https:\/\/uj.adatbank.ro\/lexikon\/wp-json\/wp\/v2\/product\/18339","targetHints":{"allow":["GET"]}}],"collection":[{"href":"https:\/\/uj.adatbank.ro\/lexikon\/wp-json\/wp\/v2\/product"}],"about":[{"href":"https:\/\/uj.adatbank.ro\/lexikon\/wp-json\/wp\/v2\/types\/product"}],"replies":[{"embeddable":true,"href":"https:\/\/uj.adatbank.ro\/lexikon\/wp-json\/wp\/v2\/comments?post=18339"}],"wp:attachment":[{"href":"https:\/\/uj.adatbank.ro\/lexikon\/wp-json\/wp\/v2\/media?parent=18339"}],"wp:term":[{"taxonomy":"product_brand","embeddable":true,"href":"https:\/\/uj.adatbank.ro\/lexikon\/wp-json\/wp\/v2\/product_brand?post=18339"},{"taxonomy":"product_cat","embeddable":true,"href":"https:\/\/uj.adatbank.ro\/lexikon\/wp-json\/wp\/v2\/product_cat?post=18339"},{"taxonomy":"product_tag","embeddable":true,"href":"https:\/\/uj.adatbank.ro\/lexikon\/wp-json\/wp\/v2\/product_tag?post=18339"}],"curies":[{"name":"wp","href":"https:\/\/api.w.org\/{rel}","templated":true}]}}