{"id":18344,"date":"2025-07-16T10:48:19","date_gmt":"2025-07-16T08:48:19","guid":{"rendered":"https:\/\/uj.adatbank.ro\/lexikon\/termek\/pojan-romeo-stefan-%c2%a7\/"},"modified":"2025-07-16T10:48:19","modified_gmt":"2025-07-16T08:48:19","slug":"pojan-romeo-stefan-%c2%a7","status":"publish","type":"product","link":"https:\/\/uj.adatbank.ro\/lexikon\/termek\/pojan-romeo-stefan-%c2%a7\/","title":{"rendered":"POJAN, Romeo \u015etefan, \u00a7"},"content":{"rendered":"<p>Celna, 1921. m\u00e1j. 18., \u2020\u00a0Mv., 1994. szept. 13.: jog\u00e1sz, p\u00e1rttitk\u00e1r, k\u00f6nyvt\u00e1r-, sz\u00ednh\u00e1zigazgat\u00f3. \u2013 A jogi kar \u00e9s a marxista-leninista esti egyetem v\u00e9gzettje. Mv.-en a Gazd. L\u00edc. tan\u00e1ra (1948\u201350), tan\u00e1r a Kereskedelmi L\u00edc.-ban (1954\u2013). F\u0151szerkeszt\u0151helyettes a mv.-i R\u00e1di\u00f3 St\u00fadi\u00f3n\u00e1l (1958-\u00a0? ). P\u00e1rtaktivista, a Maros megyei p\u00e1rtbizotts\u00e1g b\u00fcr\u00f3j\u00e1nak tagja (1968\u201374); a Tartom\u00e1nyi K\u00f6nyvt\u00e1r igazgat\u00f3ja (1974. \u00e1pr. 15. \u2013 1979. dec. 15.) \u00e9s a Mv.-i Nemzeti Sz\u00ednh\u00e1z igazgat\u00f3ja (1979\u201384). \u2013 <strong>F. m.:<\/strong> Monografia \u2013 cronica scris\u0103 a comunei Gorne\u015fti (Tg. M., 1971); <strong>t\u00e1rssz.:<\/strong> Popt\u0103ma\u015f Dimitrie \u2013 M\u00e9sz\u00e1ros Iosif: Biblioteca Jude\u0163ean\u0103 Mure\u015f \/ coord. P.R..\u015et. (Tg. M., 1979). <br \/><strong>Irod.:<\/strong> Aranykorszak; Fodor; Gagyi J\u00f3zsef. \u2018\u2019P\u00e1rtos\u00edtott\u2019\u2019 \u00e9rtelmis\u00e9g (L\u00e1t\u00f3, 1.sz. 2006); \u00cenv. comercial econ.; [Nekrol\u00f3g] (N\u00fa., 1994. szept. 13.; 1994. szept. 17.); Pop Tofolean-F\u00fcl\u00f6p; Sz\u00f3l a r\u00e1di\u00f3; Todea 2013; Tompa Z. Mih\u00e1ly: J\u00f3 \u00faton vagyunk (V. Z., 1982. aug. 22.); Tompa Z. Mih\u00e1ly: Jobb volt az \u00e9vad,&#8230;(V. Z., 1983. j\u00fal. 30.)<\/br><\/p>\n","protected":false},"excerpt":{"rendered":"<p>Celna, 1921. m\u00e1j. 18., \u2020\u00a0Mv., 1994. szept. 13.: jog\u00e1sz, p\u00e1rttitk\u00e1r, k\u00f6nyvt\u00e1r-, sz\u00ednh\u00e1zigazgat\u00f3. \u2013 A jogi kar \u00e9s a marxista-leninista esti egyetem v\u00e9gzettje. Mv.-en a Gazd. L\u00edc. tan\u00e1ra (1948\u201350), tan\u00e1r a Kereskedelmi L\u00edc.-ban (1954\u2013). F\u0151szerkeszt\u0151helyettes a mv.-i R\u00e1di\u00f3 St\u00fadi\u00f3n\u00e1l (1958-\u00a0? ). P\u00e1rtaktivista, a Maros megyei p\u00e1rtbizotts\u00e1g b\u00fcr\u00f3j\u00e1nak tagja (1968\u201374); a Tartom\u00e1nyi K\u00f6nyvt\u00e1r igazgat\u00f3ja (1974. \u00e1pr. 15. [&hellip;]<\/p>\n","protected":false},"featured_media":0,"comment_status":"open","ping_status":"closed","template":"","meta":[],"product_brand":[],"product_cat":[137],"product_tag":[],"class_list":{"0":"post-18344","1":"product","2":"type-product","3":"status-publish","5":"product_cat-maros-megyei-eletrajzi-lexikon","7":"first","8":"instock","9":"shipping-taxable","10":"product-type-simple"},"_links":{"self":[{"href":"https:\/\/uj.adatbank.ro\/lexikon\/wp-json\/wp\/v2\/product\/18344","targetHints":{"allow":["GET"]}}],"collection":[{"href":"https:\/\/uj.adatbank.ro\/lexikon\/wp-json\/wp\/v2\/product"}],"about":[{"href":"https:\/\/uj.adatbank.ro\/lexikon\/wp-json\/wp\/v2\/types\/product"}],"replies":[{"embeddable":true,"href":"https:\/\/uj.adatbank.ro\/lexikon\/wp-json\/wp\/v2\/comments?post=18344"}],"wp:attachment":[{"href":"https:\/\/uj.adatbank.ro\/lexikon\/wp-json\/wp\/v2\/media?parent=18344"}],"wp:term":[{"taxonomy":"product_brand","embeddable":true,"href":"https:\/\/uj.adatbank.ro\/lexikon\/wp-json\/wp\/v2\/product_brand?post=18344"},{"taxonomy":"product_cat","embeddable":true,"href":"https:\/\/uj.adatbank.ro\/lexikon\/wp-json\/wp\/v2\/product_cat?post=18344"},{"taxonomy":"product_tag","embeddable":true,"href":"https:\/\/uj.adatbank.ro\/lexikon\/wp-json\/wp\/v2\/product_tag?post=18344"}],"curies":[{"name":"wp","href":"https:\/\/api.w.org\/{rel}","templated":true}]}}