{"id":18347,"date":"2025-07-16T10:48:26","date_gmt":"2025-07-16T08:48:26","guid":{"rendered":"https:\/\/uj.adatbank.ro\/lexikon\/termek\/pokai-balazs-nyaradtoi\/"},"modified":"2025-07-16T10:48:26","modified_gmt":"2025-07-16T08:48:26","slug":"pokai-balazs-nyaradtoi","status":"publish","type":"product","link":"https:\/\/uj.adatbank.ro\/lexikon\/termek\/pokai-balazs-nyaradtoi\/","title":{"rendered":"P\u00d3KAI Bal\u00e1zs, ny\u00e1r\u00e1dt\u0151i"},"content":{"rendered":"<p>?\u00a0\u2020\u00a0? : az erd\u00e9lyi m. hadak z\u00e1szl\u00f3tart\u00f3ja.- Apaffi L\u00e1szl\u00f3 ellen ind\u00edtott pert n\u00e9mely Marossz\u00e9ki ny\u00e1r\u00e1dt\u0151i sz\u00e9kely \u00f6r\u00f6ks\u00e9g \u00fcgy\u00e9ben (1553); A t\u00f6r\u00f6kkel v\u00edvott csat\u00e1ban mint a m. nemess\u00e9g z\u00e1szl\u00f3tart\u00f3ja a t\u00f6r\u00f6kh\u00f6z p\u00e1rtolt ez\u00e9rt minden j\u00f3sz\u00e1g\u00e1t \u2013 nevezetesen ny\u00e1r\u00e1dt\u0151i birtok\u00e1t elvesztette (1555), \u00edgy rendelkeztek Kendi Ferenc \u00e9s Dob\u00f3 Istv\u00e1n erd\u00e9lyi vajd\u00e1k. <br \/><strong>Irod.:<\/strong> SzOkl, 2<\/br><\/p>\n","protected":false},"excerpt":{"rendered":"<p>?\u00a0\u2020\u00a0? : az erd\u00e9lyi m. hadak z\u00e1szl\u00f3tart\u00f3ja.- Apaffi L\u00e1szl\u00f3 ellen ind\u00edtott pert n\u00e9mely Marossz\u00e9ki ny\u00e1r\u00e1dt\u0151i sz\u00e9kely \u00f6r\u00f6ks\u00e9g \u00fcgy\u00e9ben (1553); A t\u00f6r\u00f6kkel v\u00edvott csat\u00e1ban mint a m. nemess\u00e9g z\u00e1szl\u00f3tart\u00f3ja a t\u00f6r\u00f6kh\u00f6z p\u00e1rtolt ez\u00e9rt minden j\u00f3sz\u00e1g\u00e1t \u2013 nevezetesen ny\u00e1r\u00e1dt\u0151i birtok\u00e1t elvesztette (1555), \u00edgy rendelkeztek Kendi Ferenc \u00e9s Dob\u00f3 Istv\u00e1n erd\u00e9lyi vajd\u00e1k. Irod.: SzOkl, 2<\/p>\n","protected":false},"featured_media":0,"comment_status":"open","ping_status":"closed","template":"","meta":[],"product_brand":[],"product_cat":[137],"product_tag":[],"class_list":{"0":"post-18347","1":"product","2":"type-product","3":"status-publish","5":"product_cat-maros-megyei-eletrajzi-lexikon","7":"first","8":"instock","9":"shipping-taxable","10":"product-type-simple"},"_links":{"self":[{"href":"https:\/\/uj.adatbank.ro\/lexikon\/wp-json\/wp\/v2\/product\/18347","targetHints":{"allow":["GET"]}}],"collection":[{"href":"https:\/\/uj.adatbank.ro\/lexikon\/wp-json\/wp\/v2\/product"}],"about":[{"href":"https:\/\/uj.adatbank.ro\/lexikon\/wp-json\/wp\/v2\/types\/product"}],"replies":[{"embeddable":true,"href":"https:\/\/uj.adatbank.ro\/lexikon\/wp-json\/wp\/v2\/comments?post=18347"}],"wp:attachment":[{"href":"https:\/\/uj.adatbank.ro\/lexikon\/wp-json\/wp\/v2\/media?parent=18347"}],"wp:term":[{"taxonomy":"product_brand","embeddable":true,"href":"https:\/\/uj.adatbank.ro\/lexikon\/wp-json\/wp\/v2\/product_brand?post=18347"},{"taxonomy":"product_cat","embeddable":true,"href":"https:\/\/uj.adatbank.ro\/lexikon\/wp-json\/wp\/v2\/product_cat?post=18347"},{"taxonomy":"product_tag","embeddable":true,"href":"https:\/\/uj.adatbank.ro\/lexikon\/wp-json\/wp\/v2\/product_tag?post=18347"}],"curies":[{"name":"wp","href":"https:\/\/api.w.org\/{rel}","templated":true}]}}