{"id":18349,"date":"2025-07-16T10:48:33","date_gmt":"2025-07-16T08:48:33","guid":{"rendered":"https:\/\/uj.adatbank.ro\/lexikon\/termek\/pokai-gyorgy\/"},"modified":"2025-07-16T10:48:33","modified_gmt":"2025-07-16T08:48:33","slug":"pokai-gyorgy","status":"publish","type":"product","link":"https:\/\/uj.adatbank.ro\/lexikon\/termek\/pokai-gyorgy\/","title":{"rendered":"P\u00d3KAI Gy\u00f6rgy"},"content":{"rendered":"<p>? \u2020\u00a0? : k\u00e1poszt\u00e1sszentmikl\u00f3si (1572). \u2013 \u00d6zvegye Czak\u00f3 Margit. B\u00e1thory Istv\u00e1n erd. vajda P\u00f3kai Gy\u00f6rgy \u00f6zvegy\u00e9t Czak\u00f3 Margitot gyermekeivel \u00e9s j\u00f3sz\u00e1gaival minden t\u00f6rv\u00e9nytelen megt\u00e1mad\u00f3k ellen k\u00fcl\u00f6n\u00f6s oltalm\u00e1ba veszi, s oltalmaz\u00e1s\u00e1t t\u00f6bb Maros- \u00e9s Cs\u00edk-sz\u00e9ki el\u0151kel\u0151 sz\u00e9kelynek megparancsolja. (Kelt Meggyesen 1576. febr. 4).<br \/><strong>Irod.:<\/strong> SzOkl, 4<\/br><\/p>\n","protected":false},"excerpt":{"rendered":"<p>? \u2020\u00a0? : k\u00e1poszt\u00e1sszentmikl\u00f3si (1572). \u2013 \u00d6zvegye Czak\u00f3 Margit. B\u00e1thory Istv\u00e1n erd. vajda P\u00f3kai Gy\u00f6rgy \u00f6zvegy\u00e9t Czak\u00f3 Margitot gyermekeivel \u00e9s j\u00f3sz\u00e1gaival minden t\u00f6rv\u00e9nytelen megt\u00e1mad\u00f3k ellen k\u00fcl\u00f6n\u00f6s oltalm\u00e1ba veszi, s oltalmaz\u00e1s\u00e1t t\u00f6bb Maros- \u00e9s Cs\u00edk-sz\u00e9ki el\u0151kel\u0151 sz\u00e9kelynek megparancsolja. (Kelt Meggyesen 1576. febr. 4).Irod.: SzOkl, 4<\/p>\n","protected":false},"featured_media":0,"comment_status":"open","ping_status":"closed","template":"","meta":[],"product_brand":[],"product_cat":[137],"product_tag":[],"class_list":{"0":"post-18349","1":"product","2":"type-product","3":"status-publish","5":"product_cat-maros-megyei-eletrajzi-lexikon","7":"first","8":"instock","9":"shipping-taxable","10":"product-type-simple"},"_links":{"self":[{"href":"https:\/\/uj.adatbank.ro\/lexikon\/wp-json\/wp\/v2\/product\/18349","targetHints":{"allow":["GET"]}}],"collection":[{"href":"https:\/\/uj.adatbank.ro\/lexikon\/wp-json\/wp\/v2\/product"}],"about":[{"href":"https:\/\/uj.adatbank.ro\/lexikon\/wp-json\/wp\/v2\/types\/product"}],"replies":[{"embeddable":true,"href":"https:\/\/uj.adatbank.ro\/lexikon\/wp-json\/wp\/v2\/comments?post=18349"}],"wp:attachment":[{"href":"https:\/\/uj.adatbank.ro\/lexikon\/wp-json\/wp\/v2\/media?parent=18349"}],"wp:term":[{"taxonomy":"product_brand","embeddable":true,"href":"https:\/\/uj.adatbank.ro\/lexikon\/wp-json\/wp\/v2\/product_brand?post=18349"},{"taxonomy":"product_cat","embeddable":true,"href":"https:\/\/uj.adatbank.ro\/lexikon\/wp-json\/wp\/v2\/product_cat?post=18349"},{"taxonomy":"product_tag","embeddable":true,"href":"https:\/\/uj.adatbank.ro\/lexikon\/wp-json\/wp\/v2\/product_tag?post=18349"}],"curies":[{"name":"wp","href":"https:\/\/api.w.org\/{rel}","templated":true}]}}