{"id":1835,"date":"2025-06-28T11:54:44","date_gmt":"2025-06-28T09:54:44","guid":{"rendered":"https:\/\/uj.adatbank.ro\/lexikon\/termek\/bagothai-andor-bagothay-andor\/"},"modified":"2025-06-28T11:54:44","modified_gmt":"2025-06-28T09:54:44","slug":"bagothai-andor-bagothay-andor","status":"publish","type":"product","link":"https:\/\/uj.adatbank.ro\/lexikon\/termek\/bagothai-andor-bagothay-andor\/","title":{"rendered":"BAGOTHAI Andor, Bagothay Andor"},"content":{"rendered":"<p>Kiskend, 1903. nov. 21., \u2020\u00a0? : gy\u00f3gyszer\u00e9sz. \u2013 Szegeden v\u00e9gezte az egyetemet, gy\u00f3gyszer\u00e9sz diplom\u00e1t a FJTE-en kapott (1930), az oklevel\u00e9t Buk.-ben honos\u00edtotta (1932). Gy\u00f3gyszer\u00e9sz volt Parajdon, Homor\u00f3dszentm\u00e1rtonban, Sz\u00e9kelyudvarhelyen, Mv.-en, G\u00f6rg\u00e9nyben \u00e9s Ny\u00e1r\u00e1dszered\u00e1ban. A mv.-i Szentl\u00e9lek gy\u00f3gyszert\u00e1r b\u00e9rl\u0151je (1947\u201348). <br \/><strong>Irod.:<\/strong> P\u00e9ter H. M.<\/br><\/p>\n","protected":false},"excerpt":{"rendered":"<p>Kiskend, 1903. nov. 21., \u2020\u00a0? : gy\u00f3gyszer\u00e9sz. \u2013 Szegeden v\u00e9gezte az egyetemet, gy\u00f3gyszer\u00e9sz diplom\u00e1t a FJTE-en kapott (1930), az oklevel\u00e9t Buk.-ben honos\u00edtotta (1932). Gy\u00f3gyszer\u00e9sz volt Parajdon, Homor\u00f3dszentm\u00e1rtonban, Sz\u00e9kelyudvarhelyen, Mv.-en, G\u00f6rg\u00e9nyben \u00e9s Ny\u00e1r\u00e1dszered\u00e1ban. A mv.-i Szentl\u00e9lek gy\u00f3gyszert\u00e1r b\u00e9rl\u0151je (1947\u201348). Irod.: P\u00e9ter H. M.<\/p>\n","protected":false},"featured_media":0,"comment_status":"open","ping_status":"closed","template":"","meta":[],"product_brand":[],"product_cat":[137],"product_tag":[],"class_list":{"0":"post-1835","1":"product","2":"type-product","3":"status-publish","5":"product_cat-maros-megyei-eletrajzi-lexikon","7":"first","8":"instock","9":"shipping-taxable","10":"product-type-simple"},"_links":{"self":[{"href":"https:\/\/uj.adatbank.ro\/lexikon\/wp-json\/wp\/v2\/product\/1835","targetHints":{"allow":["GET"]}}],"collection":[{"href":"https:\/\/uj.adatbank.ro\/lexikon\/wp-json\/wp\/v2\/product"}],"about":[{"href":"https:\/\/uj.adatbank.ro\/lexikon\/wp-json\/wp\/v2\/types\/product"}],"replies":[{"embeddable":true,"href":"https:\/\/uj.adatbank.ro\/lexikon\/wp-json\/wp\/v2\/comments?post=1835"}],"wp:attachment":[{"href":"https:\/\/uj.adatbank.ro\/lexikon\/wp-json\/wp\/v2\/media?parent=1835"}],"wp:term":[{"taxonomy":"product_brand","embeddable":true,"href":"https:\/\/uj.adatbank.ro\/lexikon\/wp-json\/wp\/v2\/product_brand?post=1835"},{"taxonomy":"product_cat","embeddable":true,"href":"https:\/\/uj.adatbank.ro\/lexikon\/wp-json\/wp\/v2\/product_cat?post=1835"},{"taxonomy":"product_tag","embeddable":true,"href":"https:\/\/uj.adatbank.ro\/lexikon\/wp-json\/wp\/v2\/product_tag?post=1835"}],"curies":[{"name":"wp","href":"https:\/\/api.w.org\/{rel}","templated":true}]}}