{"id":18350,"date":"2025-07-16T10:48:37","date_gmt":"2025-07-16T08:48:37","guid":{"rendered":"https:\/\/uj.adatbank.ro\/lexikon\/termek\/pokai-gyorgyne-czako-margit\/"},"modified":"2025-07-16T10:48:37","modified_gmt":"2025-07-16T08:48:37","slug":"pokai-gyorgyne-czako-margit","status":"publish","type":"product","link":"https:\/\/uj.adatbank.ro\/lexikon\/termek\/pokai-gyorgyne-czako-margit\/","title":{"rendered":"P\u00d3KAI Gy\u00f6rgyn\u00e9; Czak\u00f3 Margit"},"content":{"rendered":"<p>? \u2020 1575 ut\u00e1n: erd\u00e9lyi nemesasszony. \u2013 Marossz\u00e9kb\u0151l sz\u00e1rmaztak. J\u00e1nos \u00e9s P\u00e9ter nev\u0171 fiai B\u00e9k\u00e9s G\u00e1sp\u00e1r h\u00edve\u00adk\u00e9nt, B\u00e1thoti Istv\u00e1n erd\u00e9lyi fejedelem ellen harcoltak (1575), de Kerel\u0151szentp\u00e1ln\u00e1l csat\u00e1t vesztve B\u00e1thori Istv\u00e1n fogs\u00e1g\u00e1ba estek. A kv.-i ogy. mindkett\u0151j\u00fcket hal\u00e1lra \u00edt\u00e9lte, anyjuk kegyel\u00admet k\u00e9rt fiai sz\u00e1m\u00e1ra. B\u00e1thori az egyiknek megkegyelmezett, a m\u00e1siknak nem, de a v\u00e1\u00adlaszt\u00e1st anyjukra b\u00edzta. Az anyjuk bar\u00e1taikra b\u00edzta a v\u00e1laszt\u00e1st, s azok d\u00f6nt\u00f6ttek J\u00e1nos hal\u00e1la mellett. J\u00e1nost ezut\u00e1n kiv\u00e9gezt\u00e9k Kv. piac\u00e1n. P\u00e9ter term\u00e9szetes hal\u00e1llal halt meg (1589). Gyulai P\u00e1l dolgozta fel a t\u00f6rt\u00e9netet P\u00f3kain\u00e9 c. k\u00f6ltem\u00e9ny\u00e9ben. <br \/><strong>Irod.:<\/strong> Encyc. Hung.; P\u00e1lmay; \u00daM\u00c9L<\/br><\/p>\n","protected":false},"excerpt":{"rendered":"<p>? \u2020 1575 ut\u00e1n: erd\u00e9lyi nemesasszony. \u2013 Marossz\u00e9kb\u0151l sz\u00e1rmaztak. J\u00e1nos \u00e9s P\u00e9ter nev\u0171 fiai B\u00e9k\u00e9s G\u00e1sp\u00e1r h\u00edve\u00adk\u00e9nt, B\u00e1thoti Istv\u00e1n erd\u00e9lyi fejedelem ellen harcoltak (1575), de Kerel\u0151szentp\u00e1ln\u00e1l csat\u00e1t vesztve B\u00e1thori Istv\u00e1n fogs\u00e1g\u00e1ba estek. A kv.-i ogy. mindkett\u0151j\u00fcket hal\u00e1lra \u00edt\u00e9lte, anyjuk kegyel\u00admet k\u00e9rt fiai sz\u00e1m\u00e1ra. B\u00e1thori az egyiknek megkegyelmezett, a m\u00e1siknak nem, de a v\u00e1\u00adlaszt\u00e1st anyjukra b\u00edzta. [&hellip;]<\/p>\n","protected":false},"featured_media":0,"comment_status":"open","ping_status":"closed","template":"","meta":[],"product_brand":[],"product_cat":[137],"product_tag":[],"class_list":{"0":"post-18350","1":"product","2":"type-product","3":"status-publish","5":"product_cat-maros-megyei-eletrajzi-lexikon","7":"first","8":"instock","9":"shipping-taxable","10":"product-type-simple"},"_links":{"self":[{"href":"https:\/\/uj.adatbank.ro\/lexikon\/wp-json\/wp\/v2\/product\/18350","targetHints":{"allow":["GET"]}}],"collection":[{"href":"https:\/\/uj.adatbank.ro\/lexikon\/wp-json\/wp\/v2\/product"}],"about":[{"href":"https:\/\/uj.adatbank.ro\/lexikon\/wp-json\/wp\/v2\/types\/product"}],"replies":[{"embeddable":true,"href":"https:\/\/uj.adatbank.ro\/lexikon\/wp-json\/wp\/v2\/comments?post=18350"}],"wp:attachment":[{"href":"https:\/\/uj.adatbank.ro\/lexikon\/wp-json\/wp\/v2\/media?parent=18350"}],"wp:term":[{"taxonomy":"product_brand","embeddable":true,"href":"https:\/\/uj.adatbank.ro\/lexikon\/wp-json\/wp\/v2\/product_brand?post=18350"},{"taxonomy":"product_cat","embeddable":true,"href":"https:\/\/uj.adatbank.ro\/lexikon\/wp-json\/wp\/v2\/product_cat?post=18350"},{"taxonomy":"product_tag","embeddable":true,"href":"https:\/\/uj.adatbank.ro\/lexikon\/wp-json\/wp\/v2\/product_tag?post=18350"}],"curies":[{"name":"wp","href":"https:\/\/api.w.org\/{rel}","templated":true}]}}